{"id":20037,"date":"2025-04-03T13:27:28","date_gmt":"2025-04-03T13:27:28","guid":{"rendered":"https:\/\/helloschool.be\/product\/t-shirt-sport\/"},"modified":"2025-05-08T08:21:02","modified_gmt":"2025-05-08T08:21:02","slug":"t-shirt-sport","status":"publish","type":"product","link":"https:\/\/helloschool.be\/fr\/product\/t-shirt-sport\/","title":{"rendered":"T-shirt sport"},"content":{"rendered":"","protected":false},"excerpt":{"rendered":"<p><strong>Le T-shirt Sporty SOL&rsquo;S allie confort et style pour diverses activit\u00e9s.<\/strong><\/p>\n<p>Fabriqu\u00e9 \u00e0 partir de mat\u00e9riaux de haute qualit\u00e9, ce t-shirt offre une excellente coupe et une bonne respirabilit\u00e9, id\u00e9al pour les activit\u00e9s sportives ou simplement pour un usage d\u00e9contract\u00e9.<br \/>\nAvec sa coupe moderne et sa disponibilit\u00e9 en diff\u00e9rentes couleurs, ce t-shirt est polyvalent.<br \/>\nParfait pour l&rsquo;impression de logos ou de designs, ou simplement comme un \u00e9l\u00e9ment de base tendance pour un usage quotidien.<\/p>\n","protected":false},"featured_media":0,"template":"","meta":{"_acf_changed":false,"brand_hub_restriction":[],"brand_hub_id":null},"product_brand":[],"product_cat":[115,121,118],"product_tag":[],"class_list":{"0":"post-20037","1":"product","2":"type-product","3":"status-publish","5":"product_cat-impression-fr","6":"product_cat-journee-portes-ouvertes-fr","7":"product_cat-textile-fr","9":"first","10":"instock","11":"taxable","12":"shipping-taxable","13":"purchasable","14":"product-type-simple"},"acf":[],"yoast_head":"<!-- This site is optimized with the Yoast SEO plugin v26.7 - https:\/\/yoast.com\/wordpress\/plugins\/seo\/ -->\n<title>T-shirt sport - Helloschool<\/title>\n<meta name=\"robots\" content=\"index, follow, max-snippet:-1, max-image-preview:large, max-video-preview:-1\" \/>\n<link rel=\"canonical\" href=\"https:\/\/helloschool.be\/product\/sport-t-shirt\/\" \/>\n<meta property=\"og:locale\" content=\"fr_FR\" \/>\n<meta property=\"og:type\" content=\"article\" \/>\n<meta property=\"og:title\" content=\"T-shirt sport - Helloschool\" \/>\n<meta property=\"og:description\" content=\"Le T-shirt Sporty SOL&#039;S allie confort et style pour diverses activit\u00e9s.  Fabriqu\u00e9 \u00e0 partir de mat\u00e9riaux de haute qualit\u00e9, ce t-shirt offre une excellente coupe et une bonne respirabilit\u00e9, id\u00e9al pour les activit\u00e9s sportives ou simplement pour un usage d\u00e9contract\u00e9. Avec sa coupe moderne et sa disponibilit\u00e9 en diff\u00e9rentes couleurs, ce t-shirt est polyvalent. Parfait pour l&#039;impression de logos ou de designs, ou simplement comme un \u00e9l\u00e9ment de base tendance pour un usage quotidien.\" \/>\n<meta property=\"og:url\" content=\"https:\/\/helloschool.be\/product\/sport-t-shirt\/\" \/>\n<meta property=\"og:site_name\" content=\"Helloschool\" \/>\n<meta property=\"article:modified_time\" content=\"2025-05-08T08:21:02+00:00\" \/>\n<meta name=\"twitter:card\" content=\"summary_large_image\" \/>\n<script type=\"application\/ld+json\" class=\"yoast-schema-graph\">{\"@context\":\"https:\/\/schema.org\",\"@graph\":[{\"@type\":\"WebPage\",\"@id\":\"https:\/\/helloschool.be\/product\/sport-t-shirt\/\",\"url\":\"https:\/\/helloschool.be\/product\/sport-t-shirt\/\",\"name\":\"T-shirt sport - Helloschool\",\"isPartOf\":{\"@id\":\"https:\/\/helloschool.be\/#website\"},\"datePublished\":\"2025-04-03T13:27:28+00:00\",\"dateModified\":\"2025-05-08T08:21:02+00:00\",\"breadcrumb\":{\"@id\":\"https:\/\/helloschool.be\/product\/sport-t-shirt\/#breadcrumb\"},\"inLanguage\":\"fr-FR\",\"potentialAction\":[{\"@type\":\"ReadAction\",\"target\":[\"https:\/\/helloschool.be\/product\/sport-t-shirt\/\"]}]},{\"@type\":\"BreadcrumbList\",\"@id\":\"https:\/\/helloschool.be\/product\/sport-t-shirt\/#breadcrumb\",\"itemListElement\":[{\"@type\":\"ListItem\",\"position\":1,\"name\":\"Home\",\"item\":\"https:\/\/helloschool.be\/fr\/\"},{\"@type\":\"ListItem\",\"position\":2,\"name\":\"Produits\",\"item\":\"https:\/\/helloschool.be\/producten\/\"},{\"@type\":\"ListItem\",\"position\":3,\"name\":\"T-shirt sport\"}]},{\"@type\":\"WebSite\",\"@id\":\"https:\/\/helloschool.be\/#website\",\"url\":\"https:\/\/helloschool.be\/\",\"name\":\"Helloschool\",\"description\":\"Concentrez-vous sur l\u2019enseignement, nous nous occupons du reste.\",\"potentialAction\":[{\"@type\":\"SearchAction\",\"target\":{\"@type\":\"EntryPoint\",\"urlTemplate\":\"https:\/\/helloschool.be\/?s={search_term_string}\"},\"query-input\":{\"@type\":\"PropertyValueSpecification\",\"valueRequired\":true,\"valueName\":\"search_term_string\"}}],\"inLanguage\":\"fr-FR\"}]}<\/script>\n<!-- \/ Yoast SEO plugin. -->","yoast_head_json":{"title":"T-shirt sport - Helloschool","robots":{"index":"index","follow":"follow","max-snippet":"max-snippet:-1","max-image-preview":"max-image-preview:large","max-video-preview":"max-video-preview:-1"},"canonical":"https:\/\/helloschool.be\/product\/sport-t-shirt\/","og_locale":"fr_FR","og_type":"article","og_title":"T-shirt sport - Helloschool","og_description":"Le T-shirt Sporty SOL'S allie confort et style pour diverses activit\u00e9s.  Fabriqu\u00e9 \u00e0 partir de mat\u00e9riaux de haute qualit\u00e9, ce t-shirt offre une excellente coupe et une bonne respirabilit\u00e9, id\u00e9al pour les activit\u00e9s sportives ou simplement pour un usage d\u00e9contract\u00e9. Avec sa coupe moderne et sa disponibilit\u00e9 en diff\u00e9rentes couleurs, ce t-shirt est polyvalent. Parfait pour l'impression de logos ou de designs, ou simplement comme un \u00e9l\u00e9ment de base tendance pour un usage quotidien.","og_url":"https:\/\/helloschool.be\/product\/sport-t-shirt\/","og_site_name":"Helloschool","article_modified_time":"2025-05-08T08:21:02+00:00","twitter_card":"summary_large_image","schema":{"@context":"https:\/\/schema.org","@graph":[{"@type":"WebPage","@id":"https:\/\/helloschool.be\/product\/sport-t-shirt\/","url":"https:\/\/helloschool.be\/product\/sport-t-shirt\/","name":"T-shirt sport - Helloschool","isPartOf":{"@id":"https:\/\/helloschool.be\/#website"},"datePublished":"2025-04-03T13:27:28+00:00","dateModified":"2025-05-08T08:21:02+00:00","breadcrumb":{"@id":"https:\/\/helloschool.be\/product\/sport-t-shirt\/#breadcrumb"},"inLanguage":"fr-FR","potentialAction":[{"@type":"ReadAction","target":["https:\/\/helloschool.be\/product\/sport-t-shirt\/"]}]},{"@type":"BreadcrumbList","@id":"https:\/\/helloschool.be\/product\/sport-t-shirt\/#breadcrumb","itemListElement":[{"@type":"ListItem","position":1,"name":"Home","item":"https:\/\/helloschool.be\/fr\/"},{"@type":"ListItem","position":2,"name":"Produits","item":"https:\/\/helloschool.be\/producten\/"},{"@type":"ListItem","position":3,"name":"T-shirt sport"}]},{"@type":"WebSite","@id":"https:\/\/helloschool.be\/#website","url":"https:\/\/helloschool.be\/","name":"Helloschool","description":"Concentrez-vous sur l\u2019enseignement, nous nous occupons du reste.","potentialAction":[{"@type":"SearchAction","target":{"@type":"EntryPoint","urlTemplate":"https:\/\/helloschool.be\/?s={search_term_string}"},"query-input":{"@type":"PropertyValueSpecification","valueRequired":true,"valueName":"search_term_string"}}],"inLanguage":"fr-FR"}]}},"_links":{"self":[{"href":"https:\/\/helloschool.be\/fr\/wp-json\/wp\/v2\/product\/20037","targetHints":{"allow":["GET"]}}],"collection":[{"href":"https:\/\/helloschool.be\/fr\/wp-json\/wp\/v2\/product"}],"about":[{"href":"https:\/\/helloschool.be\/fr\/wp-json\/wp\/v2\/types\/product"}],"version-history":[{"count":1,"href":"https:\/\/helloschool.be\/fr\/wp-json\/wp\/v2\/product\/20037\/revisions"}],"predecessor-version":[{"id":20043,"href":"https:\/\/helloschool.be\/fr\/wp-json\/wp\/v2\/product\/20037\/revisions\/20043"}],"wp:attachment":[{"href":"https:\/\/helloschool.be\/fr\/wp-json\/wp\/v2\/media?parent=20037"}],"wp:term":[{"taxonomy":"product_brand","embeddable":true,"href":"https:\/\/helloschool.be\/fr\/wp-json\/wp\/v2\/product_brand?post=20037"},{"taxonomy":"product_cat","embeddable":true,"href":"https:\/\/helloschool.be\/fr\/wp-json\/wp\/v2\/product_cat?post=20037"},{"taxonomy":"product_tag","embeddable":true,"href":"https:\/\/helloschool.be\/fr\/wp-json\/wp\/v2\/product_tag?post=20037"}],"curies":[{"name":"wp","href":"https:\/\/api.w.org\/{rel}","templated":true}]}}