{"id":20050,"date":"2025-04-03T13:28:33","date_gmt":"2025-04-03T13:28:33","guid":{"rendered":"https:\/\/helloschool.be\/product\/guirlandes-de-drapeaux\/"},"modified":"2025-05-08T08:27:48","modified_gmt":"2025-05-08T08:27:48","slug":"guirlandes-de-drapeaux","status":"publish","type":"product","link":"https:\/\/helloschool.be\/fr\/product\/guirlandes-de-drapeaux\/","title":{"rendered":"Guirlandes de drapeaux"},"content":{"rendered":"","protected":false},"excerpt":{"rendered":"<p><strong>Guirlandes de drapeaux festives : color\u00e9es et parfaites pour toutes les occasions scolaires.<\/strong><\/p>\n<p>Cr\u00e9ez une ambiance festive avec nos guirlandes de drapeaux color\u00e9es !<br \/>\nParfaites pour les journ\u00e9es portes ouvertes, les remises de dipl\u00f4mes ou les f\u00eates scolaires.<br \/>\nDisponibles en diff\u00e9rentes couleurs et designs, avec la possibilit\u00e9 de les personnaliser avec votre logo ou message.<br \/>\nUne mani\u00e8re simple d\u2019\u00e9gayer chaque occasion !<\/p>\n","protected":false},"featured_media":0,"template":"","meta":{"_acf_changed":false,"brand_hub_restriction":[],"brand_hub_id":null},"product_brand":[],"product_cat":[113,115,112,121,122],"product_tag":[],"class_list":{"0":"post-20050","1":"product","2":"type-product","3":"status-publish","5":"product_cat-exterieur-fr","6":"product_cat-impression-fr","7":"product_cat-interieur-fr","8":"product_cat-journee-portes-ouvertes-fr","9":"product_cat-presentation-fr","11":"first","12":"instock","13":"taxable","14":"shipping-taxable","15":"purchasable","16":"product-type-simple"},"acf":[],"yoast_head":"<!-- This site is optimized with the Yoast SEO plugin v26.7 - https:\/\/yoast.com\/wordpress\/plugins\/seo\/ -->\n<title>Guirlandes de drapeaux - Helloschool<\/title>\n<meta name=\"robots\" content=\"index, follow, max-snippet:-1, max-image-preview:large, max-video-preview:-1\" \/>\n<link rel=\"canonical\" href=\"https:\/\/helloschool.be\/product\/vlaggenlijn\/\" \/>\n<meta property=\"og:locale\" content=\"fr_FR\" \/>\n<meta property=\"og:type\" content=\"article\" \/>\n<meta property=\"og:title\" content=\"Guirlandes de drapeaux - Helloschool\" \/>\n<meta property=\"og:description\" content=\"Guirlandes de drapeaux festives : color\u00e9es et parfaites pour toutes les occasions scolaires.  Cr\u00e9ez une ambiance festive avec nos guirlandes de drapeaux color\u00e9es ! Parfaites pour les journ\u00e9es portes ouvertes, les remises de dipl\u00f4mes ou les f\u00eates scolaires. Disponibles en diff\u00e9rentes couleurs et designs, avec la possibilit\u00e9 de les personnaliser avec votre logo ou message. Une mani\u00e8re simple d\u2019\u00e9gayer chaque occasion !\" \/>\n<meta property=\"og:url\" content=\"https:\/\/helloschool.be\/product\/vlaggenlijn\/\" \/>\n<meta property=\"og:site_name\" content=\"Helloschool\" \/>\n<meta property=\"article:modified_time\" content=\"2025-05-08T08:27:48+00:00\" \/>\n<meta name=\"twitter:card\" content=\"summary_large_image\" \/>\n<script type=\"application\/ld+json\" class=\"yoast-schema-graph\">{\"@context\":\"https:\/\/schema.org\",\"@graph\":[{\"@type\":\"WebPage\",\"@id\":\"https:\/\/helloschool.be\/product\/vlaggenlijn\/\",\"url\":\"https:\/\/helloschool.be\/product\/vlaggenlijn\/\",\"name\":\"Guirlandes de drapeaux - Helloschool\",\"isPartOf\":{\"@id\":\"https:\/\/helloschool.be\/#website\"},\"datePublished\":\"2025-04-03T13:28:33+00:00\",\"dateModified\":\"2025-05-08T08:27:48+00:00\",\"breadcrumb\":{\"@id\":\"https:\/\/helloschool.be\/product\/vlaggenlijn\/#breadcrumb\"},\"inLanguage\":\"fr-FR\",\"potentialAction\":[{\"@type\":\"ReadAction\",\"target\":[\"https:\/\/helloschool.be\/product\/vlaggenlijn\/\"]}]},{\"@type\":\"BreadcrumbList\",\"@id\":\"https:\/\/helloschool.be\/product\/vlaggenlijn\/#breadcrumb\",\"itemListElement\":[{\"@type\":\"ListItem\",\"position\":1,\"name\":\"Home\",\"item\":\"https:\/\/helloschool.be\/fr\/\"},{\"@type\":\"ListItem\",\"position\":2,\"name\":\"Produits\",\"item\":\"https:\/\/helloschool.be\/producten\/\"},{\"@type\":\"ListItem\",\"position\":3,\"name\":\"Guirlandes de drapeaux\"}]},{\"@type\":\"WebSite\",\"@id\":\"https:\/\/helloschool.be\/#website\",\"url\":\"https:\/\/helloschool.be\/\",\"name\":\"Helloschool\",\"description\":\"Concentrez-vous sur l\u2019enseignement, nous nous occupons du reste.\",\"potentialAction\":[{\"@type\":\"SearchAction\",\"target\":{\"@type\":\"EntryPoint\",\"urlTemplate\":\"https:\/\/helloschool.be\/?s={search_term_string}\"},\"query-input\":{\"@type\":\"PropertyValueSpecification\",\"valueRequired\":true,\"valueName\":\"search_term_string\"}}],\"inLanguage\":\"fr-FR\"}]}<\/script>\n<!-- \/ Yoast SEO plugin. -->","yoast_head_json":{"title":"Guirlandes de drapeaux - Helloschool","robots":{"index":"index","follow":"follow","max-snippet":"max-snippet:-1","max-image-preview":"max-image-preview:large","max-video-preview":"max-video-preview:-1"},"canonical":"https:\/\/helloschool.be\/product\/vlaggenlijn\/","og_locale":"fr_FR","og_type":"article","og_title":"Guirlandes de drapeaux - Helloschool","og_description":"Guirlandes de drapeaux festives : color\u00e9es et parfaites pour toutes les occasions scolaires.  Cr\u00e9ez une ambiance festive avec nos guirlandes de drapeaux color\u00e9es ! Parfaites pour les journ\u00e9es portes ouvertes, les remises de dipl\u00f4mes ou les f\u00eates scolaires. Disponibles en diff\u00e9rentes couleurs et designs, avec la possibilit\u00e9 de les personnaliser avec votre logo ou message. Une mani\u00e8re simple d\u2019\u00e9gayer chaque occasion !","og_url":"https:\/\/helloschool.be\/product\/vlaggenlijn\/","og_site_name":"Helloschool","article_modified_time":"2025-05-08T08:27:48+00:00","twitter_card":"summary_large_image","schema":{"@context":"https:\/\/schema.org","@graph":[{"@type":"WebPage","@id":"https:\/\/helloschool.be\/product\/vlaggenlijn\/","url":"https:\/\/helloschool.be\/product\/vlaggenlijn\/","name":"Guirlandes de drapeaux - Helloschool","isPartOf":{"@id":"https:\/\/helloschool.be\/#website"},"datePublished":"2025-04-03T13:28:33+00:00","dateModified":"2025-05-08T08:27:48+00:00","breadcrumb":{"@id":"https:\/\/helloschool.be\/product\/vlaggenlijn\/#breadcrumb"},"inLanguage":"fr-FR","potentialAction":[{"@type":"ReadAction","target":["https:\/\/helloschool.be\/product\/vlaggenlijn\/"]}]},{"@type":"BreadcrumbList","@id":"https:\/\/helloschool.be\/product\/vlaggenlijn\/#breadcrumb","itemListElement":[{"@type":"ListItem","position":1,"name":"Home","item":"https:\/\/helloschool.be\/fr\/"},{"@type":"ListItem","position":2,"name":"Produits","item":"https:\/\/helloschool.be\/producten\/"},{"@type":"ListItem","position":3,"name":"Guirlandes de drapeaux"}]},{"@type":"WebSite","@id":"https:\/\/helloschool.be\/#website","url":"https:\/\/helloschool.be\/","name":"Helloschool","description":"Concentrez-vous sur l\u2019enseignement, nous nous occupons du reste.","potentialAction":[{"@type":"SearchAction","target":{"@type":"EntryPoint","urlTemplate":"https:\/\/helloschool.be\/?s={search_term_string}"},"query-input":{"@type":"PropertyValueSpecification","valueRequired":true,"valueName":"search_term_string"}}],"inLanguage":"fr-FR"}]}},"_links":{"self":[{"href":"https:\/\/helloschool.be\/fr\/wp-json\/wp\/v2\/product\/20050","targetHints":{"allow":["GET"]}}],"collection":[{"href":"https:\/\/helloschool.be\/fr\/wp-json\/wp\/v2\/product"}],"about":[{"href":"https:\/\/helloschool.be\/fr\/wp-json\/wp\/v2\/types\/product"}],"version-history":[{"count":1,"href":"https:\/\/helloschool.be\/fr\/wp-json\/wp\/v2\/product\/20050\/revisions"}],"predecessor-version":[{"id":20059,"href":"https:\/\/helloschool.be\/fr\/wp-json\/wp\/v2\/product\/20050\/revisions\/20059"}],"wp:attachment":[{"href":"https:\/\/helloschool.be\/fr\/wp-json\/wp\/v2\/media?parent=20050"}],"wp:term":[{"taxonomy":"product_brand","embeddable":true,"href":"https:\/\/helloschool.be\/fr\/wp-json\/wp\/v2\/product_brand?post=20050"},{"taxonomy":"product_cat","embeddable":true,"href":"https:\/\/helloschool.be\/fr\/wp-json\/wp\/v2\/product_cat?post=20050"},{"taxonomy":"product_tag","embeddable":true,"href":"https:\/\/helloschool.be\/fr\/wp-json\/wp\/v2\/product_tag?post=20050"}],"curies":[{"name":"wp","href":"https:\/\/api.w.org\/{rel}","templated":true}]}}