{"id":20052,"date":"2025-04-03T13:28:59","date_gmt":"2025-04-03T13:28:59","guid":{"rendered":"https:\/\/helloschool.be\/product\/autocollants\/"},"modified":"2025-05-08T08:28:05","modified_gmt":"2025-05-08T08:28:05","slug":"autocollants","status":"publish","type":"product","link":"https:\/\/helloschool.be\/fr\/product\/autocollants\/","title":{"rendered":"Autocollants"},"content":{"rendered":"","protected":false},"excerpt":{"rendered":"<p><strong>Designs d&rsquo;autocollants pour les journ\u00e9es portes ouvertes et l&rsquo;usage quotidien : personnalisez avec style !<\/strong><\/p>\n<p>Apportez cr\u00e9ativit\u00e9 et organisation dans la classe avec nos autocollants polyvalents !<br \/>\nParfaits pour \u00e9tiqueter les livres, r\u00e9compenser les \u00e9l\u00e8ves ou personnaliser le mat\u00e9riel.<br \/>\nDisponibles dans diff\u00e9rentes tailles et designs, id\u00e9als pour un usage quotidien dans l&rsquo;enseignement.<\/p>\n","protected":false},"featured_media":0,"template":"","meta":{"_acf_changed":false,"brand_hub_restriction":[],"brand_hub_id":null},"product_brand":[],"product_cat":[121],"product_tag":[],"class_list":{"0":"post-20052","1":"product","2":"type-product","3":"status-publish","5":"product_cat-journee-portes-ouvertes-fr","7":"first","8":"instock","9":"taxable","10":"shipping-taxable","11":"purchasable","12":"product-type-simple"},"acf":[],"yoast_head":"<!-- This site is optimized with the Yoast SEO plugin v26.7 - https:\/\/yoast.com\/wordpress\/plugins\/seo\/ -->\n<title>Autocollants - Helloschool<\/title>\n<meta name=\"robots\" content=\"index, follow, max-snippet:-1, max-image-preview:large, max-video-preview:-1\" \/>\n<link rel=\"canonical\" href=\"https:\/\/helloschool.be\/product\/stickers\/\" \/>\n<meta property=\"og:locale\" content=\"fr_FR\" \/>\n<meta property=\"og:type\" content=\"article\" \/>\n<meta property=\"og:title\" content=\"Autocollants - Helloschool\" \/>\n<meta property=\"og:description\" content=\"Designs d&#039;autocollants pour les journ\u00e9es portes ouvertes et l&#039;usage quotidien : personnalisez avec style !  Apportez cr\u00e9ativit\u00e9 et organisation dans la classe avec nos autocollants polyvalents ! Parfaits pour \u00e9tiqueter les livres, r\u00e9compenser les \u00e9l\u00e8ves ou personnaliser le mat\u00e9riel. Disponibles dans diff\u00e9rentes tailles et designs, id\u00e9als pour un usage quotidien dans l&#039;enseignement.\" \/>\n<meta property=\"og:url\" content=\"https:\/\/helloschool.be\/product\/stickers\/\" \/>\n<meta property=\"og:site_name\" content=\"Helloschool\" \/>\n<meta property=\"article:modified_time\" content=\"2025-05-08T08:28:05+00:00\" \/>\n<meta name=\"twitter:card\" content=\"summary_large_image\" \/>\n<script type=\"application\/ld+json\" class=\"yoast-schema-graph\">{\"@context\":\"https:\/\/schema.org\",\"@graph\":[{\"@type\":\"WebPage\",\"@id\":\"https:\/\/helloschool.be\/product\/stickers\/\",\"url\":\"https:\/\/helloschool.be\/product\/stickers\/\",\"name\":\"Autocollants - Helloschool\",\"isPartOf\":{\"@id\":\"https:\/\/helloschool.be\/#website\"},\"datePublished\":\"2025-04-03T13:28:59+00:00\",\"dateModified\":\"2025-05-08T08:28:05+00:00\",\"breadcrumb\":{\"@id\":\"https:\/\/helloschool.be\/product\/stickers\/#breadcrumb\"},\"inLanguage\":\"fr-FR\",\"potentialAction\":[{\"@type\":\"ReadAction\",\"target\":[\"https:\/\/helloschool.be\/product\/stickers\/\"]}]},{\"@type\":\"BreadcrumbList\",\"@id\":\"https:\/\/helloschool.be\/product\/stickers\/#breadcrumb\",\"itemListElement\":[{\"@type\":\"ListItem\",\"position\":1,\"name\":\"Home\",\"item\":\"https:\/\/helloschool.be\/fr\/\"},{\"@type\":\"ListItem\",\"position\":2,\"name\":\"Produits\",\"item\":\"https:\/\/helloschool.be\/producten\/\"},{\"@type\":\"ListItem\",\"position\":3,\"name\":\"Autocollants\"}]},{\"@type\":\"WebSite\",\"@id\":\"https:\/\/helloschool.be\/#website\",\"url\":\"https:\/\/helloschool.be\/\",\"name\":\"Helloschool\",\"description\":\"Concentrez-vous sur l\u2019enseignement, nous nous occupons du reste.\",\"potentialAction\":[{\"@type\":\"SearchAction\",\"target\":{\"@type\":\"EntryPoint\",\"urlTemplate\":\"https:\/\/helloschool.be\/?s={search_term_string}\"},\"query-input\":{\"@type\":\"PropertyValueSpecification\",\"valueRequired\":true,\"valueName\":\"search_term_string\"}}],\"inLanguage\":\"fr-FR\"}]}<\/script>\n<!-- \/ Yoast SEO plugin. -->","yoast_head_json":{"title":"Autocollants - Helloschool","robots":{"index":"index","follow":"follow","max-snippet":"max-snippet:-1","max-image-preview":"max-image-preview:large","max-video-preview":"max-video-preview:-1"},"canonical":"https:\/\/helloschool.be\/product\/stickers\/","og_locale":"fr_FR","og_type":"article","og_title":"Autocollants - Helloschool","og_description":"Designs d'autocollants pour les journ\u00e9es portes ouvertes et l'usage quotidien : personnalisez avec style !  Apportez cr\u00e9ativit\u00e9 et organisation dans la classe avec nos autocollants polyvalents ! Parfaits pour \u00e9tiqueter les livres, r\u00e9compenser les \u00e9l\u00e8ves ou personnaliser le mat\u00e9riel. Disponibles dans diff\u00e9rentes tailles et designs, id\u00e9als pour un usage quotidien dans l'enseignement.","og_url":"https:\/\/helloschool.be\/product\/stickers\/","og_site_name":"Helloschool","article_modified_time":"2025-05-08T08:28:05+00:00","twitter_card":"summary_large_image","schema":{"@context":"https:\/\/schema.org","@graph":[{"@type":"WebPage","@id":"https:\/\/helloschool.be\/product\/stickers\/","url":"https:\/\/helloschool.be\/product\/stickers\/","name":"Autocollants - Helloschool","isPartOf":{"@id":"https:\/\/helloschool.be\/#website"},"datePublished":"2025-04-03T13:28:59+00:00","dateModified":"2025-05-08T08:28:05+00:00","breadcrumb":{"@id":"https:\/\/helloschool.be\/product\/stickers\/#breadcrumb"},"inLanguage":"fr-FR","potentialAction":[{"@type":"ReadAction","target":["https:\/\/helloschool.be\/product\/stickers\/"]}]},{"@type":"BreadcrumbList","@id":"https:\/\/helloschool.be\/product\/stickers\/#breadcrumb","itemListElement":[{"@type":"ListItem","position":1,"name":"Home","item":"https:\/\/helloschool.be\/fr\/"},{"@type":"ListItem","position":2,"name":"Produits","item":"https:\/\/helloschool.be\/producten\/"},{"@type":"ListItem","position":3,"name":"Autocollants"}]},{"@type":"WebSite","@id":"https:\/\/helloschool.be\/#website","url":"https:\/\/helloschool.be\/","name":"Helloschool","description":"Concentrez-vous sur l\u2019enseignement, nous nous occupons du reste.","potentialAction":[{"@type":"SearchAction","target":{"@type":"EntryPoint","urlTemplate":"https:\/\/helloschool.be\/?s={search_term_string}"},"query-input":{"@type":"PropertyValueSpecification","valueRequired":true,"valueName":"search_term_string"}}],"inLanguage":"fr-FR"}]}},"_links":{"self":[{"href":"https:\/\/helloschool.be\/fr\/wp-json\/wp\/v2\/product\/20052","targetHints":{"allow":["GET"]}}],"collection":[{"href":"https:\/\/helloschool.be\/fr\/wp-json\/wp\/v2\/product"}],"about":[{"href":"https:\/\/helloschool.be\/fr\/wp-json\/wp\/v2\/types\/product"}],"version-history":[{"count":1,"href":"https:\/\/helloschool.be\/fr\/wp-json\/wp\/v2\/product\/20052\/revisions"}],"predecessor-version":[{"id":20060,"href":"https:\/\/helloschool.be\/fr\/wp-json\/wp\/v2\/product\/20052\/revisions\/20060"}],"wp:attachment":[{"href":"https:\/\/helloschool.be\/fr\/wp-json\/wp\/v2\/media?parent=20052"}],"wp:term":[{"taxonomy":"product_brand","embeddable":true,"href":"https:\/\/helloschool.be\/fr\/wp-json\/wp\/v2\/product_brand?post=20052"},{"taxonomy":"product_cat","embeddable":true,"href":"https:\/\/helloschool.be\/fr\/wp-json\/wp\/v2\/product_cat?post=20052"},{"taxonomy":"product_tag","embeddable":true,"href":"https:\/\/helloschool.be\/fr\/wp-json\/wp\/v2\/product_tag?post=20052"}],"curies":[{"name":"wp","href":"https:\/\/api.w.org\/{rel}","templated":true}]}}