{"id":20054,"date":"2025-04-03T13:29:09","date_gmt":"2025-04-03T13:29:09","guid":{"rendered":"https:\/\/helloschool.be\/product\/drapeaux-de-plage\/"},"modified":"2025-05-08T08:28:29","modified_gmt":"2025-05-08T08:28:29","slug":"drapeaux-de-plage","status":"publish","type":"product","link":"https:\/\/helloschool.be\/fr\/product\/drapeaux-de-plage\/","title":{"rendered":"Drapeaux de plage"},"content":{"rendered":"","protected":false},"excerpt":{"rendered":"<p><strong>Attirez l&rsquo;attention lors des \u00e9v\u00e9nements et des journ\u00e9es portes ouvertes avec nos beachflags !<\/strong><\/p>\n<p>Ces drapeaux accrocheurs flottent dans le vent et sont visibles de loin.<br \/>\nParfaits pour promouvoir votre \u00e9cole, \u00e9v\u00e9nement ou projet.<br \/>\nChoisissez parmi diff\u00e9rentes formes et tailles pour trouver le beachflag qui correspond le mieux \u00e0 votre message.<br \/>\nFaites forte impression avec vos promotions scolaires et optez pour nos beachflags !<\/p>\n","protected":false},"featured_media":0,"template":"","meta":{"_acf_changed":false,"brand_hub_restriction":[],"brand_hub_id":null},"product_brand":[],"product_cat":[124,113,121],"product_tag":[],"class_list":{"0":"post-20054","1":"product","2":"type-product","3":"status-publish","5":"product_cat-a-lecole","6":"product_cat-exterieur-fr","7":"product_cat-journee-portes-ouvertes-fr","9":"first","10":"instock","11":"taxable","12":"shipping-taxable","13":"purchasable","14":"product-type-simple"},"acf":[],"yoast_head":"<!-- This site is optimized with the Yoast SEO plugin v26.7 - https:\/\/yoast.com\/wordpress\/plugins\/seo\/ -->\n<title>Drapeaux de plage - Helloschool<\/title>\n<meta name=\"robots\" content=\"index, follow, max-snippet:-1, max-image-preview:large, max-video-preview:-1\" \/>\n<link rel=\"canonical\" href=\"https:\/\/helloschool.be\/product\/beachflags\/\" \/>\n<meta property=\"og:locale\" content=\"fr_FR\" \/>\n<meta property=\"og:type\" content=\"article\" \/>\n<meta property=\"og:title\" content=\"Drapeaux de plage - Helloschool\" \/>\n<meta property=\"og:description\" content=\"Attirez l&#039;attention lors des \u00e9v\u00e9nements et des journ\u00e9es portes ouvertes avec nos beachflags !  Ces drapeaux accrocheurs flottent dans le vent et sont visibles de loin. Parfaits pour promouvoir votre \u00e9cole, \u00e9v\u00e9nement ou projet. Choisissez parmi diff\u00e9rentes formes et tailles pour trouver le beachflag qui correspond le mieux \u00e0 votre message. Faites forte impression avec vos promotions scolaires et optez pour nos beachflags !\" \/>\n<meta property=\"og:url\" content=\"https:\/\/helloschool.be\/product\/beachflags\/\" \/>\n<meta property=\"og:site_name\" content=\"Helloschool\" \/>\n<meta property=\"article:modified_time\" content=\"2025-05-08T08:28:29+00:00\" \/>\n<meta name=\"twitter:card\" content=\"summary_large_image\" \/>\n<script type=\"application\/ld+json\" class=\"yoast-schema-graph\">{\"@context\":\"https:\/\/schema.org\",\"@graph\":[{\"@type\":\"WebPage\",\"@id\":\"https:\/\/helloschool.be\/product\/beachflags\/\",\"url\":\"https:\/\/helloschool.be\/product\/beachflags\/\",\"name\":\"Drapeaux de plage - Helloschool\",\"isPartOf\":{\"@id\":\"https:\/\/helloschool.be\/#website\"},\"datePublished\":\"2025-04-03T13:29:09+00:00\",\"dateModified\":\"2025-05-08T08:28:29+00:00\",\"breadcrumb\":{\"@id\":\"https:\/\/helloschool.be\/product\/beachflags\/#breadcrumb\"},\"inLanguage\":\"fr-FR\",\"potentialAction\":[{\"@type\":\"ReadAction\",\"target\":[\"https:\/\/helloschool.be\/product\/beachflags\/\"]}]},{\"@type\":\"BreadcrumbList\",\"@id\":\"https:\/\/helloschool.be\/product\/beachflags\/#breadcrumb\",\"itemListElement\":[{\"@type\":\"ListItem\",\"position\":1,\"name\":\"Home\",\"item\":\"https:\/\/helloschool.be\/fr\/\"},{\"@type\":\"ListItem\",\"position\":2,\"name\":\"Produits\",\"item\":\"https:\/\/helloschool.be\/producten\/\"},{\"@type\":\"ListItem\",\"position\":3,\"name\":\"Drapeaux de plage\"}]},{\"@type\":\"WebSite\",\"@id\":\"https:\/\/helloschool.be\/#website\",\"url\":\"https:\/\/helloschool.be\/\",\"name\":\"Helloschool\",\"description\":\"Concentrez-vous sur l\u2019enseignement, nous nous occupons du reste.\",\"potentialAction\":[{\"@type\":\"SearchAction\",\"target\":{\"@type\":\"EntryPoint\",\"urlTemplate\":\"https:\/\/helloschool.be\/?s={search_term_string}\"},\"query-input\":{\"@type\":\"PropertyValueSpecification\",\"valueRequired\":true,\"valueName\":\"search_term_string\"}}],\"inLanguage\":\"fr-FR\"}]}<\/script>\n<!-- \/ Yoast SEO plugin. -->","yoast_head_json":{"title":"Drapeaux de plage - Helloschool","robots":{"index":"index","follow":"follow","max-snippet":"max-snippet:-1","max-image-preview":"max-image-preview:large","max-video-preview":"max-video-preview:-1"},"canonical":"https:\/\/helloschool.be\/product\/beachflags\/","og_locale":"fr_FR","og_type":"article","og_title":"Drapeaux de plage - Helloschool","og_description":"Attirez l'attention lors des \u00e9v\u00e9nements et des journ\u00e9es portes ouvertes avec nos beachflags !  Ces drapeaux accrocheurs flottent dans le vent et sont visibles de loin. Parfaits pour promouvoir votre \u00e9cole, \u00e9v\u00e9nement ou projet. Choisissez parmi diff\u00e9rentes formes et tailles pour trouver le beachflag qui correspond le mieux \u00e0 votre message. Faites forte impression avec vos promotions scolaires et optez pour nos beachflags !","og_url":"https:\/\/helloschool.be\/product\/beachflags\/","og_site_name":"Helloschool","article_modified_time":"2025-05-08T08:28:29+00:00","twitter_card":"summary_large_image","schema":{"@context":"https:\/\/schema.org","@graph":[{"@type":"WebPage","@id":"https:\/\/helloschool.be\/product\/beachflags\/","url":"https:\/\/helloschool.be\/product\/beachflags\/","name":"Drapeaux de plage - Helloschool","isPartOf":{"@id":"https:\/\/helloschool.be\/#website"},"datePublished":"2025-04-03T13:29:09+00:00","dateModified":"2025-05-08T08:28:29+00:00","breadcrumb":{"@id":"https:\/\/helloschool.be\/product\/beachflags\/#breadcrumb"},"inLanguage":"fr-FR","potentialAction":[{"@type":"ReadAction","target":["https:\/\/helloschool.be\/product\/beachflags\/"]}]},{"@type":"BreadcrumbList","@id":"https:\/\/helloschool.be\/product\/beachflags\/#breadcrumb","itemListElement":[{"@type":"ListItem","position":1,"name":"Home","item":"https:\/\/helloschool.be\/fr\/"},{"@type":"ListItem","position":2,"name":"Produits","item":"https:\/\/helloschool.be\/producten\/"},{"@type":"ListItem","position":3,"name":"Drapeaux de plage"}]},{"@type":"WebSite","@id":"https:\/\/helloschool.be\/#website","url":"https:\/\/helloschool.be\/","name":"Helloschool","description":"Concentrez-vous sur l\u2019enseignement, nous nous occupons du reste.","potentialAction":[{"@type":"SearchAction","target":{"@type":"EntryPoint","urlTemplate":"https:\/\/helloschool.be\/?s={search_term_string}"},"query-input":{"@type":"PropertyValueSpecification","valueRequired":true,"valueName":"search_term_string"}}],"inLanguage":"fr-FR"}]}},"_links":{"self":[{"href":"https:\/\/helloschool.be\/fr\/wp-json\/wp\/v2\/product\/20054","targetHints":{"allow":["GET"]}}],"collection":[{"href":"https:\/\/helloschool.be\/fr\/wp-json\/wp\/v2\/product"}],"about":[{"href":"https:\/\/helloschool.be\/fr\/wp-json\/wp\/v2\/types\/product"}],"version-history":[{"count":1,"href":"https:\/\/helloschool.be\/fr\/wp-json\/wp\/v2\/product\/20054\/revisions"}],"predecessor-version":[{"id":20061,"href":"https:\/\/helloschool.be\/fr\/wp-json\/wp\/v2\/product\/20054\/revisions\/20061"}],"wp:attachment":[{"href":"https:\/\/helloschool.be\/fr\/wp-json\/wp\/v2\/media?parent=20054"}],"wp:term":[{"taxonomy":"product_brand","embeddable":true,"href":"https:\/\/helloschool.be\/fr\/wp-json\/wp\/v2\/product_brand?post=20054"},{"taxonomy":"product_cat","embeddable":true,"href":"https:\/\/helloschool.be\/fr\/wp-json\/wp\/v2\/product_cat?post=20054"},{"taxonomy":"product_tag","embeddable":true,"href":"https:\/\/helloschool.be\/fr\/wp-json\/wp\/v2\/product_tag?post=20054"}],"curies":[{"name":"wp","href":"https:\/\/api.w.org\/{rel}","templated":true}]}}