{"id":20056,"date":"2025-04-03T13:29:19","date_gmt":"2025-04-03T13:29:19","guid":{"rendered":"https:\/\/helloschool.be\/product\/gourdes-avec-poignee\/"},"modified":"2025-05-08T08:28:46","modified_gmt":"2025-05-08T08:28:46","slug":"gourdes-avec-poignee","status":"publish","type":"product","link":"https:\/\/helloschool.be\/fr\/product\/gourdes-avec-poignee\/","title":{"rendered":"Gourdes avec poign\u00e9e"},"content":{"rendered":"","protected":false},"excerpt":{"rendered":"<p><strong>Gourde durable pour l&rsquo;\u00e9cole : \u00e9cologique et pratique \u00e0 utiliser<\/strong><\/p>\n<p>Optez pour la durabilit\u00e9 avec la bouteille d&rsquo;eau en PP recycl\u00e9 RCS avec poign\u00e9e !<br \/>\nFabriqu\u00e9e \u00e0 partir de mat\u00e9riaux recycl\u00e9s et \u00e9quip\u00e9e d&rsquo;une poign\u00e9e pratique, cette bouteille offre une solution \u00e9cologique et fonctionnelle pour l&rsquo;hydratation en classe, lors des activit\u00e9s scolaires ou en d\u00e9placement. Remplissez-la d&rsquo;eau, de jus ou d&rsquo;une boisson rafra\u00eechissante et emportez-la partout avec vous. Id\u00e9ale pour les \u00e9l\u00e8ves, les enseignants et les \u00e9v\u00e9nements scolaires !<\/p>\n","protected":false},"featured_media":0,"template":"","meta":{"_acf_changed":false,"brand_hub_restriction":[],"brand_hub_id":null},"product_brand":[],"product_cat":[115,119,121],"product_tag":[],"class_list":{"0":"post-20056","1":"product","2":"type-product","3":"status-publish","5":"product_cat-impression-fr","6":"product_cat-impression-durable","7":"product_cat-journee-portes-ouvertes-fr","9":"first","10":"instock","11":"taxable","12":"shipping-taxable","13":"purchasable","14":"product-type-simple"},"acf":[],"yoast_head":"<!-- This site is optimized with the Yoast SEO plugin v26.7 - https:\/\/yoast.com\/wordpress\/plugins\/seo\/ -->\n<title>Gourdes avec poign\u00e9e - Helloschool<\/title>\n<meta name=\"robots\" content=\"index, follow, max-snippet:-1, max-image-preview:large, max-video-preview:-1\" \/>\n<link rel=\"canonical\" href=\"https:\/\/helloschool.be\/product\/waterfles-met-handvat\/\" \/>\n<meta property=\"og:locale\" content=\"fr_FR\" \/>\n<meta property=\"og:type\" content=\"article\" \/>\n<meta property=\"og:title\" content=\"Gourdes avec poign\u00e9e - Helloschool\" \/>\n<meta property=\"og:description\" content=\"Gourde durable pour l&#039;\u00e9cole : \u00e9cologique et pratique \u00e0 utiliser  Optez pour la durabilit\u00e9 avec la bouteille d&#039;eau en PP recycl\u00e9 RCS avec poign\u00e9e ! Fabriqu\u00e9e \u00e0 partir de mat\u00e9riaux recycl\u00e9s et \u00e9quip\u00e9e d&#039;une poign\u00e9e pratique, cette bouteille offre une solution \u00e9cologique et fonctionnelle pour l&#039;hydratation en classe, lors des activit\u00e9s scolaires ou en d\u00e9placement. Remplissez-la d&#039;eau, de jus ou d&#039;une boisson rafra\u00eechissante et emportez-la partout avec vous. Id\u00e9ale pour les \u00e9l\u00e8ves, les enseignants et les \u00e9v\u00e9nements scolaires !\" \/>\n<meta property=\"og:url\" content=\"https:\/\/helloschool.be\/product\/waterfles-met-handvat\/\" \/>\n<meta property=\"og:site_name\" content=\"Helloschool\" \/>\n<meta property=\"article:modified_time\" content=\"2025-05-08T08:28:46+00:00\" \/>\n<meta name=\"twitter:card\" content=\"summary_large_image\" \/>\n<script type=\"application\/ld+json\" class=\"yoast-schema-graph\">{\"@context\":\"https:\/\/schema.org\",\"@graph\":[{\"@type\":\"WebPage\",\"@id\":\"https:\/\/helloschool.be\/product\/waterfles-met-handvat\/\",\"url\":\"https:\/\/helloschool.be\/product\/waterfles-met-handvat\/\",\"name\":\"Gourdes avec poign\u00e9e - Helloschool\",\"isPartOf\":{\"@id\":\"https:\/\/helloschool.be\/#website\"},\"datePublished\":\"2025-04-03T13:29:19+00:00\",\"dateModified\":\"2025-05-08T08:28:46+00:00\",\"breadcrumb\":{\"@id\":\"https:\/\/helloschool.be\/product\/waterfles-met-handvat\/#breadcrumb\"},\"inLanguage\":\"fr-FR\",\"potentialAction\":[{\"@type\":\"ReadAction\",\"target\":[\"https:\/\/helloschool.be\/product\/waterfles-met-handvat\/\"]}]},{\"@type\":\"BreadcrumbList\",\"@id\":\"https:\/\/helloschool.be\/product\/waterfles-met-handvat\/#breadcrumb\",\"itemListElement\":[{\"@type\":\"ListItem\",\"position\":1,\"name\":\"Home\",\"item\":\"https:\/\/helloschool.be\/fr\/\"},{\"@type\":\"ListItem\",\"position\":2,\"name\":\"Produits\",\"item\":\"https:\/\/helloschool.be\/producten\/\"},{\"@type\":\"ListItem\",\"position\":3,\"name\":\"Gourdes avec poign\u00e9e\"}]},{\"@type\":\"WebSite\",\"@id\":\"https:\/\/helloschool.be\/#website\",\"url\":\"https:\/\/helloschool.be\/\",\"name\":\"Helloschool\",\"description\":\"Concentrez-vous sur l\u2019enseignement, nous nous occupons du reste.\",\"potentialAction\":[{\"@type\":\"SearchAction\",\"target\":{\"@type\":\"EntryPoint\",\"urlTemplate\":\"https:\/\/helloschool.be\/?s={search_term_string}\"},\"query-input\":{\"@type\":\"PropertyValueSpecification\",\"valueRequired\":true,\"valueName\":\"search_term_string\"}}],\"inLanguage\":\"fr-FR\"}]}<\/script>\n<!-- \/ Yoast SEO plugin. -->","yoast_head_json":{"title":"Gourdes avec poign\u00e9e - Helloschool","robots":{"index":"index","follow":"follow","max-snippet":"max-snippet:-1","max-image-preview":"max-image-preview:large","max-video-preview":"max-video-preview:-1"},"canonical":"https:\/\/helloschool.be\/product\/waterfles-met-handvat\/","og_locale":"fr_FR","og_type":"article","og_title":"Gourdes avec poign\u00e9e - Helloschool","og_description":"Gourde durable pour l'\u00e9cole : \u00e9cologique et pratique \u00e0 utiliser  Optez pour la durabilit\u00e9 avec la bouteille d'eau en PP recycl\u00e9 RCS avec poign\u00e9e ! Fabriqu\u00e9e \u00e0 partir de mat\u00e9riaux recycl\u00e9s et \u00e9quip\u00e9e d'une poign\u00e9e pratique, cette bouteille offre une solution \u00e9cologique et fonctionnelle pour l'hydratation en classe, lors des activit\u00e9s scolaires ou en d\u00e9placement. Remplissez-la d'eau, de jus ou d'une boisson rafra\u00eechissante et emportez-la partout avec vous. Id\u00e9ale pour les \u00e9l\u00e8ves, les enseignants et les \u00e9v\u00e9nements scolaires !","og_url":"https:\/\/helloschool.be\/product\/waterfles-met-handvat\/","og_site_name":"Helloschool","article_modified_time":"2025-05-08T08:28:46+00:00","twitter_card":"summary_large_image","schema":{"@context":"https:\/\/schema.org","@graph":[{"@type":"WebPage","@id":"https:\/\/helloschool.be\/product\/waterfles-met-handvat\/","url":"https:\/\/helloschool.be\/product\/waterfles-met-handvat\/","name":"Gourdes avec poign\u00e9e - Helloschool","isPartOf":{"@id":"https:\/\/helloschool.be\/#website"},"datePublished":"2025-04-03T13:29:19+00:00","dateModified":"2025-05-08T08:28:46+00:00","breadcrumb":{"@id":"https:\/\/helloschool.be\/product\/waterfles-met-handvat\/#breadcrumb"},"inLanguage":"fr-FR","potentialAction":[{"@type":"ReadAction","target":["https:\/\/helloschool.be\/product\/waterfles-met-handvat\/"]}]},{"@type":"BreadcrumbList","@id":"https:\/\/helloschool.be\/product\/waterfles-met-handvat\/#breadcrumb","itemListElement":[{"@type":"ListItem","position":1,"name":"Home","item":"https:\/\/helloschool.be\/fr\/"},{"@type":"ListItem","position":2,"name":"Produits","item":"https:\/\/helloschool.be\/producten\/"},{"@type":"ListItem","position":3,"name":"Gourdes avec poign\u00e9e"}]},{"@type":"WebSite","@id":"https:\/\/helloschool.be\/#website","url":"https:\/\/helloschool.be\/","name":"Helloschool","description":"Concentrez-vous sur l\u2019enseignement, nous nous occupons du reste.","potentialAction":[{"@type":"SearchAction","target":{"@type":"EntryPoint","urlTemplate":"https:\/\/helloschool.be\/?s={search_term_string}"},"query-input":{"@type":"PropertyValueSpecification","valueRequired":true,"valueName":"search_term_string"}}],"inLanguage":"fr-FR"}]}},"_links":{"self":[{"href":"https:\/\/helloschool.be\/fr\/wp-json\/wp\/v2\/product\/20056","targetHints":{"allow":["GET"]}}],"collection":[{"href":"https:\/\/helloschool.be\/fr\/wp-json\/wp\/v2\/product"}],"about":[{"href":"https:\/\/helloschool.be\/fr\/wp-json\/wp\/v2\/types\/product"}],"version-history":[{"count":1,"href":"https:\/\/helloschool.be\/fr\/wp-json\/wp\/v2\/product\/20056\/revisions"}],"predecessor-version":[{"id":20064,"href":"https:\/\/helloschool.be\/fr\/wp-json\/wp\/v2\/product\/20056\/revisions\/20064"}],"wp:attachment":[{"href":"https:\/\/helloschool.be\/fr\/wp-json\/wp\/v2\/media?parent=20056"}],"wp:term":[{"taxonomy":"product_brand","embeddable":true,"href":"https:\/\/helloschool.be\/fr\/wp-json\/wp\/v2\/product_brand?post=20056"},{"taxonomy":"product_cat","embeddable":true,"href":"https:\/\/helloschool.be\/fr\/wp-json\/wp\/v2\/product_cat?post=20056"},{"taxonomy":"product_tag","embeddable":true,"href":"https:\/\/helloschool.be\/fr\/wp-json\/wp\/v2\/product_tag?post=20056"}],"curies":[{"name":"wp","href":"https:\/\/api.w.org\/{rel}","templated":true}]}}