{"id":20072,"date":"2025-04-17T14:07:22","date_gmt":"2025-04-17T14:07:22","guid":{"rendered":"https:\/\/helloschool.be\/product\/agenda-neutre-a5\/"},"modified":"2025-05-12T14:23:20","modified_gmt":"2025-05-12T14:23:20","slug":"agenda-neutre-a5","status":"publish","type":"product","link":"https:\/\/helloschool.be\/fr\/product\/agenda-neutre-a5\/","title":{"rendered":"Agenda neutre A5"},"content":{"rendered":"","protected":false},"excerpt":{"rendered":"<p><strong>Mod\u00e8le 1<\/strong><\/p>\n<p>Un agenda scolaire compact au format A5, avec 16 pages de contenu en premi\u00e8re section et un calendrier hebdomadaire.<br \/>\nLes vacances scolaires y sont indiqu\u00e9es par semaine plut\u00f4t que par jour.<br \/>\nLa premi\u00e8re section contient 16 pages de base avec un contenu standard, souvent utilis\u00e9 dans le cadre scolaire.<\/p>\n<p><strong>D\u00e9tails<\/strong><\/p>\n<ul class=\"defaultList\">\n<li>Une page = un jour<\/li>\n<li>Version non-dat\u00e9e, utilisable sur plusieurs ann\u00e9es<\/li>\n<li>9 heures de cours par jour dont mercredi 5 heures de cours<\/li>\n<li>Section d\u2019informations hebdomadaires, commentaires, signatures et notes obtenues<\/li>\n<li>2x emploi du temps<\/li>\n<li>Page de retard en classe<\/li>\n<li>Page de correspondance<\/li>\n<li>Plan annuel<\/li>\n<li>4 billets d&rsquo;absences<\/li>\n<li>Plan semainier sur page double<\/li>\n<li>Vacances scolaires incluses<\/li>\n<li>320 pages (dont la premi\u00e8re section personnalisable de 16 pages)<\/li>\n<\/ul>\n<p><strong>Finition<\/strong><\/p>\n<ul class=\"defaultList\">\n<li>Impression int\u00e9rieure bleu fonc\u00e9<\/li>\n<li>Perfobind<\/li>\n<li>Couverture cartonn\u00e9e souple<\/li>\n<\/ul>\n","protected":false},"featured_media":18515,"template":"","meta":{"_acf_changed":false,"brand_hub_restriction":[],"brand_hub_id":null},"product_brand":[],"product_cat":[111,115],"product_tag":[],"class_list":{"0":"post-20072","1":"product","2":"type-product","3":"status-publish","4":"has-post-thumbnail","6":"product_cat-agenda-fr","7":"product_cat-impression-fr","9":"first","10":"instock","11":"taxable","12":"shipping-taxable","13":"purchasable","14":"product-type-variable","15":"has-default-attributes"},"acf":[],"yoast_head":"<!-- This site is optimized with the Yoast SEO plugin v26.7 - https:\/\/yoast.com\/wordpress\/plugins\/seo\/ -->\n<title>Agenda neutre A5 - Helloschool<\/title>\n<meta name=\"robots\" content=\"index, follow, max-snippet:-1, max-image-preview:large, max-video-preview:-1\" \/>\n<link rel=\"canonical\" href=\"https:\/\/helloschool.be\/fr\/product\/agenda-neutre-a5\/\" \/>\n<meta property=\"og:locale\" content=\"fr_FR\" \/>\n<meta property=\"og:type\" content=\"article\" \/>\n<meta property=\"og:title\" content=\"Agenda neutre A5 - Helloschool\" \/>\n<meta property=\"og:description\" content=\"Mod\u00e8le 1  Un agenda scolaire compact au format A5, avec 16 pages de contenu en premi\u00e8re section et un calendrier hebdomadaire. Les vacances scolaires y sont indiqu\u00e9es par semaine plut\u00f4t que par jour. La premi\u00e8re section contient 16 pages de base avec un contenu standard, souvent utilis\u00e9 dans le cadre scolaire.  D\u00e9tails   Une page = un jour  Version non-dat\u00e9e, utilisable sur plusieurs ann\u00e9es  9 heures de cours par jour dont mercredi 5 heures de cours  Section d\u2019informations hebdomadaires, commentaires, signatures et notes obtenues  2x emploi du temps  Page de retard en classe  Page de correspondance  Plan annuel  4 billets d&#039;absences  Plan semainier sur page double  Vacances scolaires incluses  320 pages (dont la premi\u00e8re section personnalisable de 16 pages)  Finition   Impression int\u00e9rieure bleu fonc\u00e9  Perfobind  Couverture cartonn\u00e9e souple\" \/>\n<meta property=\"og:url\" content=\"https:\/\/helloschool.be\/fr\/product\/agenda-neutre-a5\/\" \/>\n<meta property=\"og:site_name\" content=\"Helloschool\" \/>\n<meta property=\"article:modified_time\" content=\"2025-05-12T14:23:20+00:00\" \/>\n<meta property=\"og:image\" content=\"https:\/\/helloschool.be\/wp-content\/uploads\/sites\/2\/2025\/04\/A5-paperback-vol2.jpg\" \/>\n\t<meta property=\"og:image:width\" content=\"2000\" \/>\n\t<meta property=\"og:image:height\" content=\"1999\" \/>\n\t<meta property=\"og:image:type\" content=\"image\/jpeg\" \/>\n<meta name=\"twitter:card\" content=\"summary_large_image\" \/>\n<script type=\"application\/ld+json\" class=\"yoast-schema-graph\">{\"@context\":\"https:\/\/schema.org\",\"@graph\":[{\"@type\":\"WebPage\",\"@id\":\"https:\/\/helloschool.be\/fr\/product\/agenda-neutre-a5\/\",\"url\":\"https:\/\/helloschool.be\/fr\/product\/agenda-neutre-a5\/\",\"name\":\"Agenda neutre A5 - Helloschool\",\"isPartOf\":{\"@id\":\"https:\/\/helloschool.be\/#website\"},\"primaryImageOfPage\":{\"@id\":\"https:\/\/helloschool.be\/fr\/product\/agenda-neutre-a5\/#primaryimage\"},\"image\":{\"@id\":\"https:\/\/helloschool.be\/fr\/product\/agenda-neutre-a5\/#primaryimage\"},\"thumbnailUrl\":\"https:\/\/helloschool.be\/wp-content\/uploads\/sites\/2\/2025\/04\/A5-paperback-vol2.jpg\",\"datePublished\":\"2025-04-17T14:07:22+00:00\",\"dateModified\":\"2025-05-12T14:23:20+00:00\",\"breadcrumb\":{\"@id\":\"https:\/\/helloschool.be\/fr\/product\/agenda-neutre-a5\/#breadcrumb\"},\"inLanguage\":\"fr-FR\",\"potentialAction\":[{\"@type\":\"ReadAction\",\"target\":[\"https:\/\/helloschool.be\/fr\/product\/agenda-neutre-a5\/\"]}]},{\"@type\":\"ImageObject\",\"inLanguage\":\"fr-FR\",\"@id\":\"https:\/\/helloschool.be\/fr\/product\/agenda-neutre-a5\/#primaryimage\",\"url\":\"https:\/\/helloschool.be\/wp-content\/uploads\/sites\/2\/2025\/04\/A5-paperback-vol2.jpg\",\"contentUrl\":\"https:\/\/helloschool.be\/wp-content\/uploads\/sites\/2\/2025\/04\/A5-paperback-vol2.jpg\",\"width\":2000,\"height\":1999},{\"@type\":\"BreadcrumbList\",\"@id\":\"https:\/\/helloschool.be\/fr\/product\/agenda-neutre-a5\/#breadcrumb\",\"itemListElement\":[{\"@type\":\"ListItem\",\"position\":1,\"name\":\"Home\",\"item\":\"https:\/\/helloschool.be\/fr\/\"},{\"@type\":\"ListItem\",\"position\":2,\"name\":\"Produits\",\"item\":\"https:\/\/helloschool.be\/producten\/\"},{\"@type\":\"ListItem\",\"position\":3,\"name\":\"Agenda neutre A5\"}]},{\"@type\":\"WebSite\",\"@id\":\"https:\/\/helloschool.be\/#website\",\"url\":\"https:\/\/helloschool.be\/\",\"name\":\"Helloschool\",\"description\":\"Concentrez-vous sur l\u2019enseignement, nous nous occupons du reste.\",\"potentialAction\":[{\"@type\":\"SearchAction\",\"target\":{\"@type\":\"EntryPoint\",\"urlTemplate\":\"https:\/\/helloschool.be\/?s={search_term_string}\"},\"query-input\":{\"@type\":\"PropertyValueSpecification\",\"valueRequired\":true,\"valueName\":\"search_term_string\"}}],\"inLanguage\":\"fr-FR\"}]}<\/script>\n<!-- \/ Yoast SEO plugin. -->","yoast_head_json":{"title":"Agenda neutre A5 - Helloschool","robots":{"index":"index","follow":"follow","max-snippet":"max-snippet:-1","max-image-preview":"max-image-preview:large","max-video-preview":"max-video-preview:-1"},"canonical":"https:\/\/helloschool.be\/fr\/product\/agenda-neutre-a5\/","og_locale":"fr_FR","og_type":"article","og_title":"Agenda neutre A5 - Helloschool","og_description":"Mod\u00e8le 1  Un agenda scolaire compact au format A5, avec 16 pages de contenu en premi\u00e8re section et un calendrier hebdomadaire. Les vacances scolaires y sont indiqu\u00e9es par semaine plut\u00f4t que par jour. La premi\u00e8re section contient 16 pages de base avec un contenu standard, souvent utilis\u00e9 dans le cadre scolaire.  D\u00e9tails   Une page = un jour  Version non-dat\u00e9e, utilisable sur plusieurs ann\u00e9es  9 heures de cours par jour dont mercredi 5 heures de cours  Section d\u2019informations hebdomadaires, commentaires, signatures et notes obtenues  2x emploi du temps  Page de retard en classe  Page de correspondance  Plan annuel  4 billets d'absences  Plan semainier sur page double  Vacances scolaires incluses  320 pages (dont la premi\u00e8re section personnalisable de 16 pages)  Finition   Impression int\u00e9rieure bleu fonc\u00e9  Perfobind  Couverture cartonn\u00e9e souple","og_url":"https:\/\/helloschool.be\/fr\/product\/agenda-neutre-a5\/","og_site_name":"Helloschool","article_modified_time":"2025-05-12T14:23:20+00:00","og_image":[{"width":2000,"height":1999,"url":"https:\/\/helloschool.be\/wp-content\/uploads\/sites\/2\/2025\/04\/A5-paperback-vol2.jpg","type":"image\/jpeg"}],"twitter_card":"summary_large_image","schema":{"@context":"https:\/\/schema.org","@graph":[{"@type":"WebPage","@id":"https:\/\/helloschool.be\/fr\/product\/agenda-neutre-a5\/","url":"https:\/\/helloschool.be\/fr\/product\/agenda-neutre-a5\/","name":"Agenda neutre A5 - Helloschool","isPartOf":{"@id":"https:\/\/helloschool.be\/#website"},"primaryImageOfPage":{"@id":"https:\/\/helloschool.be\/fr\/product\/agenda-neutre-a5\/#primaryimage"},"image":{"@id":"https:\/\/helloschool.be\/fr\/product\/agenda-neutre-a5\/#primaryimage"},"thumbnailUrl":"https:\/\/helloschool.be\/wp-content\/uploads\/sites\/2\/2025\/04\/A5-paperback-vol2.jpg","datePublished":"2025-04-17T14:07:22+00:00","dateModified":"2025-05-12T14:23:20+00:00","breadcrumb":{"@id":"https:\/\/helloschool.be\/fr\/product\/agenda-neutre-a5\/#breadcrumb"},"inLanguage":"fr-FR","potentialAction":[{"@type":"ReadAction","target":["https:\/\/helloschool.be\/fr\/product\/agenda-neutre-a5\/"]}]},{"@type":"ImageObject","inLanguage":"fr-FR","@id":"https:\/\/helloschool.be\/fr\/product\/agenda-neutre-a5\/#primaryimage","url":"https:\/\/helloschool.be\/wp-content\/uploads\/sites\/2\/2025\/04\/A5-paperback-vol2.jpg","contentUrl":"https:\/\/helloschool.be\/wp-content\/uploads\/sites\/2\/2025\/04\/A5-paperback-vol2.jpg","width":2000,"height":1999},{"@type":"BreadcrumbList","@id":"https:\/\/helloschool.be\/fr\/product\/agenda-neutre-a5\/#breadcrumb","itemListElement":[{"@type":"ListItem","position":1,"name":"Home","item":"https:\/\/helloschool.be\/fr\/"},{"@type":"ListItem","position":2,"name":"Produits","item":"https:\/\/helloschool.be\/producten\/"},{"@type":"ListItem","position":3,"name":"Agenda neutre A5"}]},{"@type":"WebSite","@id":"https:\/\/helloschool.be\/#website","url":"https:\/\/helloschool.be\/","name":"Helloschool","description":"Concentrez-vous sur l\u2019enseignement, nous nous occupons du reste.","potentialAction":[{"@type":"SearchAction","target":{"@type":"EntryPoint","urlTemplate":"https:\/\/helloschool.be\/?s={search_term_string}"},"query-input":{"@type":"PropertyValueSpecification","valueRequired":true,"valueName":"search_term_string"}}],"inLanguage":"fr-FR"}]}},"_links":{"self":[{"href":"https:\/\/helloschool.be\/fr\/wp-json\/wp\/v2\/product\/20072","targetHints":{"allow":["GET"]}}],"collection":[{"href":"https:\/\/helloschool.be\/fr\/wp-json\/wp\/v2\/product"}],"about":[{"href":"https:\/\/helloschool.be\/fr\/wp-json\/wp\/v2\/types\/product"}],"version-history":[{"count":1,"href":"https:\/\/helloschool.be\/fr\/wp-json\/wp\/v2\/product\/20072\/revisions"}],"predecessor-version":[{"id":20079,"href":"https:\/\/helloschool.be\/fr\/wp-json\/wp\/v2\/product\/20072\/revisions\/20079"}],"wp:featuredmedia":[{"embeddable":true,"href":"https:\/\/helloschool.be\/fr\/wp-json\/wp\/v2\/media\/18515"}],"wp:attachment":[{"href":"https:\/\/helloschool.be\/fr\/wp-json\/wp\/v2\/media?parent=20072"}],"wp:term":[{"taxonomy":"product_brand","embeddable":true,"href":"https:\/\/helloschool.be\/fr\/wp-json\/wp\/v2\/product_brand?post=20072"},{"taxonomy":"product_cat","embeddable":true,"href":"https:\/\/helloschool.be\/fr\/wp-json\/wp\/v2\/product_cat?post=20072"},{"taxonomy":"product_tag","embeddable":true,"href":"https:\/\/helloschool.be\/fr\/wp-json\/wp\/v2\/product_tag?post=20072"}],"curies":[{"name":"wp","href":"https:\/\/api.w.org\/{rel}","templated":true}]}}