{"id":20107,"date":"2025-04-07T13:13:52","date_gmt":"2025-04-07T13:13:52","guid":{"rendered":"https:\/\/helloschool.be\/product\/blocs-de-test\/"},"modified":"2026-01-12T14:33:08","modified_gmt":"2026-01-12T14:33:08","slug":"blocs-de-test","status":"publish","type":"product","link":"https:\/\/helloschool.be\/fr\/product\/blocs-de-test\/","title":{"rendered":"Blocs de test"},"content":{"rendered":"","protected":false},"excerpt":{"rendered":"<div class=\"woocommerce-product-details__short-description\">\n<p><strong>Blocs de tests durables : parfaits pour les examens, exercices et devoirs<\/strong><\/p>\n<p>Blocs de tests durables et pratiques, sp\u00e9cialement con\u00e7us pour une utilisation dans l\u2019enseignement. Parfaits pour les examens, exercices ou devoirs. Chaque bloc contient du papier solide et de qualit\u00e9, agr\u00e9able \u00e0 l\u2019\u00e9criture et adapt\u00e9 \u00e0 diff\u00e9rents instruments d\u2019\u00e9criture. Disponibles en plusieurs formats, ils sont id\u00e9aux tant pour les enseignants que pour les \u00e9l\u00e8ves. La forme pratique du bloc permet de partager ou de remettre facilement des feuilles individuelles !    <\/p>\n<\/div>\n","protected":false},"featured_media":17853,"template":"","meta":{"_acf_changed":false,"brand_hub_restriction":[],"brand_hub_id":null},"product_brand":[],"product_cat":[125],"product_tag":[134],"class_list":{"0":"post-20107","1":"product","2":"type-product","3":"status-publish","4":"has-post-thumbnail","6":"product_cat-feuilles-de-test","7":"product_tag-demande-devis","9":"first","10":"instock","11":"taxable","12":"shipping-taxable","13":"purchasable","14":"product-type-variable","15":"has-default-attributes"},"acf":[],"yoast_head":"<!-- This site is optimized with the Yoast SEO plugin v26.7 - https:\/\/yoast.com\/wordpress\/plugins\/seo\/ -->\n<title>Blocs de test - Helloschool<\/title>\n<meta name=\"robots\" content=\"index, follow, max-snippet:-1, max-image-preview:large, max-video-preview:-1\" \/>\n<link rel=\"canonical\" href=\"https:\/\/helloschool.be\/fr\/product\/blocs-de-test\/\" \/>\n<meta property=\"og:locale\" content=\"fr_FR\" \/>\n<meta property=\"og:type\" content=\"article\" \/>\n<meta property=\"og:title\" content=\"Blocs de test - Helloschool\" \/>\n<meta property=\"og:description\" content=\"Blocs de tests durables : parfaits pour les examens, exercices et devoirs Blocs de tests durables et pratiques, sp\u00e9cialement con\u00e7us pour une utilisation dans l\u2019enseignement. Parfaits pour les examens, exercices ou devoirs. Chaque bloc contient du papier solide et de qualit\u00e9, agr\u00e9able \u00e0 l\u2019\u00e9criture et adapt\u00e9 \u00e0 diff\u00e9rents instruments d\u2019\u00e9criture. Disponibles en plusieurs formats, ils sont id\u00e9aux tant pour les enseignants que pour les \u00e9l\u00e8ves. La forme pratique du bloc permet de partager ou de remettre facilement des feuilles individuelles !\" \/>\n<meta property=\"og:url\" content=\"https:\/\/helloschool.be\/fr\/product\/blocs-de-test\/\" \/>\n<meta property=\"og:site_name\" content=\"Helloschool\" \/>\n<meta property=\"article:modified_time\" content=\"2026-01-12T14:33:08+00:00\" \/>\n<meta property=\"og:image\" content=\"https:\/\/helloschool.be\/wp-content\/uploads\/sites\/2\/2025\/04\/blok2000px.jpg\" \/>\n\t<meta property=\"og:image:width\" content=\"2000\" \/>\n\t<meta property=\"og:image:height\" content=\"1999\" \/>\n\t<meta property=\"og:image:type\" content=\"image\/jpeg\" \/>\n<meta name=\"twitter:card\" content=\"summary_large_image\" \/>\n<meta name=\"twitter:label1\" content=\"Dur\u00e9e de lecture estim\u00e9e\" \/>\n\t<meta name=\"twitter:data1\" content=\"1 minute\" \/>\n<script type=\"application\/ld+json\" class=\"yoast-schema-graph\">{\"@context\":\"https:\/\/schema.org\",\"@graph\":[{\"@type\":\"WebPage\",\"@id\":\"https:\/\/helloschool.be\/fr\/product\/blocs-de-test\/\",\"url\":\"https:\/\/helloschool.be\/fr\/product\/blocs-de-test\/\",\"name\":\"Blocs de test - Helloschool\",\"isPartOf\":{\"@id\":\"https:\/\/helloschool.be\/#website\"},\"primaryImageOfPage\":{\"@id\":\"https:\/\/helloschool.be\/fr\/product\/blocs-de-test\/#primaryimage\"},\"image\":{\"@id\":\"https:\/\/helloschool.be\/fr\/product\/blocs-de-test\/#primaryimage\"},\"thumbnailUrl\":\"https:\/\/helloschool.be\/wp-content\/uploads\/sites\/2\/2025\/04\/blok2000px.jpg\",\"datePublished\":\"2025-04-07T13:13:52+00:00\",\"dateModified\":\"2026-01-12T14:33:08+00:00\",\"breadcrumb\":{\"@id\":\"https:\/\/helloschool.be\/fr\/product\/blocs-de-test\/#breadcrumb\"},\"inLanguage\":\"fr-FR\",\"potentialAction\":[{\"@type\":\"ReadAction\",\"target\":[\"https:\/\/helloschool.be\/fr\/product\/blocs-de-test\/\"]}]},{\"@type\":\"ImageObject\",\"inLanguage\":\"fr-FR\",\"@id\":\"https:\/\/helloschool.be\/fr\/product\/blocs-de-test\/#primaryimage\",\"url\":\"https:\/\/helloschool.be\/wp-content\/uploads\/sites\/2\/2025\/04\/blok2000px.jpg\",\"contentUrl\":\"https:\/\/helloschool.be\/wp-content\/uploads\/sites\/2\/2025\/04\/blok2000px.jpg\",\"width\":2000,\"height\":1999},{\"@type\":\"BreadcrumbList\",\"@id\":\"https:\/\/helloschool.be\/fr\/product\/blocs-de-test\/#breadcrumb\",\"itemListElement\":[{\"@type\":\"ListItem\",\"position\":1,\"name\":\"Home\",\"item\":\"https:\/\/helloschool.be\/fr\/\"},{\"@type\":\"ListItem\",\"position\":2,\"name\":\"Produits\",\"item\":\"https:\/\/helloschool.be\/producten\/\"},{\"@type\":\"ListItem\",\"position\":3,\"name\":\"Blocs de test\"}]},{\"@type\":\"WebSite\",\"@id\":\"https:\/\/helloschool.be\/#website\",\"url\":\"https:\/\/helloschool.be\/\",\"name\":\"Helloschool\",\"description\":\"Concentrez-vous sur l\u2019enseignement, nous nous occupons du reste.\",\"potentialAction\":[{\"@type\":\"SearchAction\",\"target\":{\"@type\":\"EntryPoint\",\"urlTemplate\":\"https:\/\/helloschool.be\/?s={search_term_string}\"},\"query-input\":{\"@type\":\"PropertyValueSpecification\",\"valueRequired\":true,\"valueName\":\"search_term_string\"}}],\"inLanguage\":\"fr-FR\"}]}<\/script>\n<!-- \/ Yoast SEO plugin. -->","yoast_head_json":{"title":"Blocs de test - Helloschool","robots":{"index":"index","follow":"follow","max-snippet":"max-snippet:-1","max-image-preview":"max-image-preview:large","max-video-preview":"max-video-preview:-1"},"canonical":"https:\/\/helloschool.be\/fr\/product\/blocs-de-test\/","og_locale":"fr_FR","og_type":"article","og_title":"Blocs de test - Helloschool","og_description":"Blocs de tests durables : parfaits pour les examens, exercices et devoirs Blocs de tests durables et pratiques, sp\u00e9cialement con\u00e7us pour une utilisation dans l\u2019enseignement. Parfaits pour les examens, exercices ou devoirs. Chaque bloc contient du papier solide et de qualit\u00e9, agr\u00e9able \u00e0 l\u2019\u00e9criture et adapt\u00e9 \u00e0 diff\u00e9rents instruments d\u2019\u00e9criture. Disponibles en plusieurs formats, ils sont id\u00e9aux tant pour les enseignants que pour les \u00e9l\u00e8ves. La forme pratique du bloc permet de partager ou de remettre facilement des feuilles individuelles !","og_url":"https:\/\/helloschool.be\/fr\/product\/blocs-de-test\/","og_site_name":"Helloschool","article_modified_time":"2026-01-12T14:33:08+00:00","og_image":[{"width":2000,"height":1999,"url":"https:\/\/helloschool.be\/wp-content\/uploads\/sites\/2\/2025\/04\/blok2000px.jpg","type":"image\/jpeg"}],"twitter_card":"summary_large_image","twitter_misc":{"Dur\u00e9e de lecture estim\u00e9e":"1 minute"},"schema":{"@context":"https:\/\/schema.org","@graph":[{"@type":"WebPage","@id":"https:\/\/helloschool.be\/fr\/product\/blocs-de-test\/","url":"https:\/\/helloschool.be\/fr\/product\/blocs-de-test\/","name":"Blocs de test - Helloschool","isPartOf":{"@id":"https:\/\/helloschool.be\/#website"},"primaryImageOfPage":{"@id":"https:\/\/helloschool.be\/fr\/product\/blocs-de-test\/#primaryimage"},"image":{"@id":"https:\/\/helloschool.be\/fr\/product\/blocs-de-test\/#primaryimage"},"thumbnailUrl":"https:\/\/helloschool.be\/wp-content\/uploads\/sites\/2\/2025\/04\/blok2000px.jpg","datePublished":"2025-04-07T13:13:52+00:00","dateModified":"2026-01-12T14:33:08+00:00","breadcrumb":{"@id":"https:\/\/helloschool.be\/fr\/product\/blocs-de-test\/#breadcrumb"},"inLanguage":"fr-FR","potentialAction":[{"@type":"ReadAction","target":["https:\/\/helloschool.be\/fr\/product\/blocs-de-test\/"]}]},{"@type":"ImageObject","inLanguage":"fr-FR","@id":"https:\/\/helloschool.be\/fr\/product\/blocs-de-test\/#primaryimage","url":"https:\/\/helloschool.be\/wp-content\/uploads\/sites\/2\/2025\/04\/blok2000px.jpg","contentUrl":"https:\/\/helloschool.be\/wp-content\/uploads\/sites\/2\/2025\/04\/blok2000px.jpg","width":2000,"height":1999},{"@type":"BreadcrumbList","@id":"https:\/\/helloschool.be\/fr\/product\/blocs-de-test\/#breadcrumb","itemListElement":[{"@type":"ListItem","position":1,"name":"Home","item":"https:\/\/helloschool.be\/fr\/"},{"@type":"ListItem","position":2,"name":"Produits","item":"https:\/\/helloschool.be\/producten\/"},{"@type":"ListItem","position":3,"name":"Blocs de test"}]},{"@type":"WebSite","@id":"https:\/\/helloschool.be\/#website","url":"https:\/\/helloschool.be\/","name":"Helloschool","description":"Concentrez-vous sur l\u2019enseignement, nous nous occupons du reste.","potentialAction":[{"@type":"SearchAction","target":{"@type":"EntryPoint","urlTemplate":"https:\/\/helloschool.be\/?s={search_term_string}"},"query-input":{"@type":"PropertyValueSpecification","valueRequired":true,"valueName":"search_term_string"}}],"inLanguage":"fr-FR"}]}},"_links":{"self":[{"href":"https:\/\/helloschool.be\/fr\/wp-json\/wp\/v2\/product\/20107","targetHints":{"allow":["GET"]}}],"collection":[{"href":"https:\/\/helloschool.be\/fr\/wp-json\/wp\/v2\/product"}],"about":[{"href":"https:\/\/helloschool.be\/fr\/wp-json\/wp\/v2\/types\/product"}],"version-history":[{"count":3,"href":"https:\/\/helloschool.be\/fr\/wp-json\/wp\/v2\/product\/20107\/revisions"}],"predecessor-version":[{"id":23459,"href":"https:\/\/helloschool.be\/fr\/wp-json\/wp\/v2\/product\/20107\/revisions\/23459"}],"wp:featuredmedia":[{"embeddable":true,"href":"https:\/\/helloschool.be\/fr\/wp-json\/wp\/v2\/media\/17853"}],"wp:attachment":[{"href":"https:\/\/helloschool.be\/fr\/wp-json\/wp\/v2\/media?parent=20107"}],"wp:term":[{"taxonomy":"product_brand","embeddable":true,"href":"https:\/\/helloschool.be\/fr\/wp-json\/wp\/v2\/product_brand?post=20107"},{"taxonomy":"product_cat","embeddable":true,"href":"https:\/\/helloschool.be\/fr\/wp-json\/wp\/v2\/product_cat?post=20107"},{"taxonomy":"product_tag","embeddable":true,"href":"https:\/\/helloschool.be\/fr\/wp-json\/wp\/v2\/product_tag?post=20107"}],"curies":[{"name":"wp","href":"https:\/\/api.w.org\/{rel}","templated":true}]}}