{"id":20238,"date":"2025-04-03T12:55:54","date_gmt":"2025-04-03T12:55:54","guid":{"rendered":"https:\/\/helloschool.be\/product\/posters-exterieur\/"},"modified":"2025-05-13T14:52:39","modified_gmt":"2025-05-13T14:52:39","slug":"posters-exterieur","status":"publish","type":"product","link":"https:\/\/helloschool.be\/fr\/product\/posters-exterieur\/","title":{"rendered":"Posters ext\u00e9rieur"},"content":{"rendered":"","protected":false},"excerpt":{"rendered":"<p><strong>Posters ext\u00e9rieur pour les \u00e9coles : durables, color\u00e9s et parfaits pour l\u2019ext\u00e9rieur !<\/strong><\/p>\n<p>Nos posters de jardin sont sp\u00e9cialement con\u00e7us pour r\u00e9sister aux intemp\u00e9ries, y compris le soleil et la pluie, tout en conservant leurs couleurs et leur qualit\u00e9, m\u00eame en cas d\u2019utilisation intensive en ext\u00e9rieur.<br \/>\nParfaits pour d\u00e9corer les cours d\u2019\u00e9cole, les aires de jeux ou d\u2019autres espaces ext\u00e9rieurs, ils offrent une solution color\u00e9e et durable pour personnaliser l\u2019environnement.<br \/>\nQue vous souhaitiez partager des citations inspirantes ou cr\u00e9er une ambiance ludique, nos posters de jardin sont le choix id\u00e9al pour toute activit\u00e9 ext\u00e9rieure ou projet scolaire.<\/p>\n","protected":false},"featured_media":0,"template":"","meta":{"_acf_changed":false,"brand_hub_restriction":[],"brand_hub_id":null},"product_brand":[],"product_cat":[124,113],"product_tag":[],"class_list":{"0":"post-20238","1":"product","2":"type-product","3":"status-publish","5":"product_cat-a-lecole","6":"product_cat-exterieur-fr","8":"first","9":"instock","10":"taxable","11":"shipping-taxable","12":"purchasable","13":"product-type-simple"},"acf":[],"yoast_head":"<!-- This site is optimized with the Yoast SEO plugin v26.7 - https:\/\/yoast.com\/wordpress\/plugins\/seo\/ -->\n<title>Posters ext\u00e9rieur - Helloschool<\/title>\n<meta name=\"robots\" content=\"index, follow, max-snippet:-1, max-image-preview:large, max-video-preview:-1\" \/>\n<link rel=\"canonical\" href=\"https:\/\/helloschool.be\/product\/pleinposters\/\" \/>\n<meta property=\"og:locale\" content=\"fr_FR\" \/>\n<meta property=\"og:type\" content=\"article\" \/>\n<meta property=\"og:title\" content=\"Posters ext\u00e9rieur - Helloschool\" \/>\n<meta property=\"og:description\" content=\"Posters ext\u00e9rieur pour les \u00e9coles : durables, color\u00e9s et parfaits pour l\u2019ext\u00e9rieur !  Nos posters de jardin sont sp\u00e9cialement con\u00e7us pour r\u00e9sister aux intemp\u00e9ries, y compris le soleil et la pluie, tout en conservant leurs couleurs et leur qualit\u00e9, m\u00eame en cas d\u2019utilisation intensive en ext\u00e9rieur. Parfaits pour d\u00e9corer les cours d\u2019\u00e9cole, les aires de jeux ou d\u2019autres espaces ext\u00e9rieurs, ils offrent une solution color\u00e9e et durable pour personnaliser l\u2019environnement. Que vous souhaitiez partager des citations inspirantes ou cr\u00e9er une ambiance ludique, nos posters de jardin sont le choix id\u00e9al pour toute activit\u00e9 ext\u00e9rieure ou projet scolaire.\" \/>\n<meta property=\"og:url\" content=\"https:\/\/helloschool.be\/product\/pleinposters\/\" \/>\n<meta property=\"og:site_name\" content=\"Helloschool\" \/>\n<meta property=\"article:modified_time\" content=\"2025-05-13T14:52:39+00:00\" \/>\n<meta name=\"twitter:card\" content=\"summary_large_image\" \/>\n<script type=\"application\/ld+json\" class=\"yoast-schema-graph\">{\"@context\":\"https:\/\/schema.org\",\"@graph\":[{\"@type\":\"WebPage\",\"@id\":\"https:\/\/helloschool.be\/product\/pleinposters\/\",\"url\":\"https:\/\/helloschool.be\/product\/pleinposters\/\",\"name\":\"Posters ext\u00e9rieur - Helloschool\",\"isPartOf\":{\"@id\":\"https:\/\/helloschool.be\/#website\"},\"datePublished\":\"2025-04-03T12:55:54+00:00\",\"dateModified\":\"2025-05-13T14:52:39+00:00\",\"breadcrumb\":{\"@id\":\"https:\/\/helloschool.be\/product\/pleinposters\/#breadcrumb\"},\"inLanguage\":\"fr-FR\",\"potentialAction\":[{\"@type\":\"ReadAction\",\"target\":[\"https:\/\/helloschool.be\/product\/pleinposters\/\"]}]},{\"@type\":\"BreadcrumbList\",\"@id\":\"https:\/\/helloschool.be\/product\/pleinposters\/#breadcrumb\",\"itemListElement\":[{\"@type\":\"ListItem\",\"position\":1,\"name\":\"Home\",\"item\":\"https:\/\/helloschool.be\/fr\/\"},{\"@type\":\"ListItem\",\"position\":2,\"name\":\"Produits\",\"item\":\"https:\/\/helloschool.be\/producten\/\"},{\"@type\":\"ListItem\",\"position\":3,\"name\":\"Posters ext\u00e9rieur\"}]},{\"@type\":\"WebSite\",\"@id\":\"https:\/\/helloschool.be\/#website\",\"url\":\"https:\/\/helloschool.be\/\",\"name\":\"Helloschool\",\"description\":\"Concentrez-vous sur l\u2019enseignement, nous nous occupons du reste.\",\"potentialAction\":[{\"@type\":\"SearchAction\",\"target\":{\"@type\":\"EntryPoint\",\"urlTemplate\":\"https:\/\/helloschool.be\/?s={search_term_string}\"},\"query-input\":{\"@type\":\"PropertyValueSpecification\",\"valueRequired\":true,\"valueName\":\"search_term_string\"}}],\"inLanguage\":\"fr-FR\"}]}<\/script>\n<!-- \/ Yoast SEO plugin. -->","yoast_head_json":{"title":"Posters ext\u00e9rieur - Helloschool","robots":{"index":"index","follow":"follow","max-snippet":"max-snippet:-1","max-image-preview":"max-image-preview:large","max-video-preview":"max-video-preview:-1"},"canonical":"https:\/\/helloschool.be\/product\/pleinposters\/","og_locale":"fr_FR","og_type":"article","og_title":"Posters ext\u00e9rieur - Helloschool","og_description":"Posters ext\u00e9rieur pour les \u00e9coles : durables, color\u00e9s et parfaits pour l\u2019ext\u00e9rieur !  Nos posters de jardin sont sp\u00e9cialement con\u00e7us pour r\u00e9sister aux intemp\u00e9ries, y compris le soleil et la pluie, tout en conservant leurs couleurs et leur qualit\u00e9, m\u00eame en cas d\u2019utilisation intensive en ext\u00e9rieur. Parfaits pour d\u00e9corer les cours d\u2019\u00e9cole, les aires de jeux ou d\u2019autres espaces ext\u00e9rieurs, ils offrent une solution color\u00e9e et durable pour personnaliser l\u2019environnement. Que vous souhaitiez partager des citations inspirantes ou cr\u00e9er une ambiance ludique, nos posters de jardin sont le choix id\u00e9al pour toute activit\u00e9 ext\u00e9rieure ou projet scolaire.","og_url":"https:\/\/helloschool.be\/product\/pleinposters\/","og_site_name":"Helloschool","article_modified_time":"2025-05-13T14:52:39+00:00","twitter_card":"summary_large_image","schema":{"@context":"https:\/\/schema.org","@graph":[{"@type":"WebPage","@id":"https:\/\/helloschool.be\/product\/pleinposters\/","url":"https:\/\/helloschool.be\/product\/pleinposters\/","name":"Posters ext\u00e9rieur - Helloschool","isPartOf":{"@id":"https:\/\/helloschool.be\/#website"},"datePublished":"2025-04-03T12:55:54+00:00","dateModified":"2025-05-13T14:52:39+00:00","breadcrumb":{"@id":"https:\/\/helloschool.be\/product\/pleinposters\/#breadcrumb"},"inLanguage":"fr-FR","potentialAction":[{"@type":"ReadAction","target":["https:\/\/helloschool.be\/product\/pleinposters\/"]}]},{"@type":"BreadcrumbList","@id":"https:\/\/helloschool.be\/product\/pleinposters\/#breadcrumb","itemListElement":[{"@type":"ListItem","position":1,"name":"Home","item":"https:\/\/helloschool.be\/fr\/"},{"@type":"ListItem","position":2,"name":"Produits","item":"https:\/\/helloschool.be\/producten\/"},{"@type":"ListItem","position":3,"name":"Posters ext\u00e9rieur"}]},{"@type":"WebSite","@id":"https:\/\/helloschool.be\/#website","url":"https:\/\/helloschool.be\/","name":"Helloschool","description":"Concentrez-vous sur l\u2019enseignement, nous nous occupons du reste.","potentialAction":[{"@type":"SearchAction","target":{"@type":"EntryPoint","urlTemplate":"https:\/\/helloschool.be\/?s={search_term_string}"},"query-input":{"@type":"PropertyValueSpecification","valueRequired":true,"valueName":"search_term_string"}}],"inLanguage":"fr-FR"}]}},"_links":{"self":[{"href":"https:\/\/helloschool.be\/fr\/wp-json\/wp\/v2\/product\/20238","targetHints":{"allow":["GET"]}}],"collection":[{"href":"https:\/\/helloschool.be\/fr\/wp-json\/wp\/v2\/product"}],"about":[{"href":"https:\/\/helloschool.be\/fr\/wp-json\/wp\/v2\/types\/product"}],"version-history":[{"count":1,"href":"https:\/\/helloschool.be\/fr\/wp-json\/wp\/v2\/product\/20238\/revisions"}],"predecessor-version":[{"id":20239,"href":"https:\/\/helloschool.be\/fr\/wp-json\/wp\/v2\/product\/20238\/revisions\/20239"}],"wp:attachment":[{"href":"https:\/\/helloschool.be\/fr\/wp-json\/wp\/v2\/media?parent=20238"}],"wp:term":[{"taxonomy":"product_brand","embeddable":true,"href":"https:\/\/helloschool.be\/fr\/wp-json\/wp\/v2\/product_brand?post=20238"},{"taxonomy":"product_cat","embeddable":true,"href":"https:\/\/helloschool.be\/fr\/wp-json\/wp\/v2\/product_cat?post=20238"},{"taxonomy":"product_tag","embeddable":true,"href":"https:\/\/helloschool.be\/fr\/wp-json\/wp\/v2\/product_tag?post=20238"}],"curies":[{"name":"wp","href":"https:\/\/api.w.org\/{rel}","templated":true}]}}