{"id":20283,"date":"2025-05-15T09:16:27","date_gmt":"2025-05-15T09:16:27","guid":{"rendered":"https:\/\/helloschool.be\/product\/panneaux-de-facade-2\/"},"modified":"2025-05-15T09:57:19","modified_gmt":"2025-05-15T09:57:19","slug":"panneaux-de-facade","status":"publish","type":"product","link":"https:\/\/helloschool.be\/fr\/product\/panneaux-de-facade\/","title":{"rendered":"Panneaux de fa\u00e7ade"},"content":{"rendered":"","protected":false},"excerpt":{"rendered":"<p><strong>Assurez une visibilit\u00e9 maximale avec nos panneaux de fa\u00e7ade remarquables !<\/strong><\/p>\n<p>Rendez votre \u00e9cole, centre pour enfants ou \u00e9tablissement \u00e9ducatif imm\u00e9diatement reconnaissable avec nos panneaux de fa\u00e7ade durables et r\u00e9sistants aux intemp\u00e9ries. Parfaits pour afficher le nom de l\u2019\u00e9cole, les horaires d\u2019ouverture, le logo ou des annonces importantes. Nos panneaux de fa\u00e7ade d\u00e9gagent du professionnalisme et rendent votre \u00e9tablissement facilement accessible aux \u00e9l\u00e8ves, parents et visiteurs. Que ce soit pour l\u2019entr\u00e9e principale ou un b\u00e2timent annexe, ces panneaux renforcent la visibilit\u00e9 et l\u2019identit\u00e9 de votre \u00e9tablissement. Optez pour une communication efficace et \u00e9l\u00e9gante avec nos panneaux de fa\u00e7ade de haute qualit\u00e9 !<\/p>\n","protected":false},"featured_media":0,"template":"","meta":{"_acf_changed":false,"brand_hub_restriction":[],"brand_hub_id":null},"product_brand":[],"product_cat":[115],"product_tag":[],"class_list":{"0":"post-20283","1":"product","2":"type-product","3":"status-publish","5":"product_cat-impression-fr","7":"first","8":"instock","9":"taxable","10":"shipping-taxable","11":"purchasable","12":"product-type-simple"},"acf":[],"yoast_head":"<!-- This site is optimized with the Yoast SEO plugin v26.7 - https:\/\/yoast.com\/wordpress\/plugins\/seo\/ -->\n<title>Panneaux de fa\u00e7ade - Helloschool<\/title>\n<meta name=\"robots\" content=\"index, follow, max-snippet:-1, max-image-preview:large, max-video-preview:-1\" \/>\n<link rel=\"canonical\" href=\"https:\/\/helloschool.be\/?post_type=product&p=20282\" \/>\n<meta property=\"og:locale\" content=\"fr_FR\" \/>\n<meta property=\"og:type\" content=\"article\" \/>\n<meta property=\"og:title\" content=\"Panneaux de fa\u00e7ade - Helloschool\" \/>\n<meta property=\"og:description\" content=\"Assurez une visibilit\u00e9 maximale avec nos panneaux de fa\u00e7ade remarquables !  Rendez votre \u00e9cole, centre pour enfants ou \u00e9tablissement \u00e9ducatif imm\u00e9diatement reconnaissable avec nos panneaux de fa\u00e7ade durables et r\u00e9sistants aux intemp\u00e9ries. Parfaits pour afficher le nom de l\u2019\u00e9cole, les horaires d\u2019ouverture, le logo ou des annonces importantes. Nos panneaux de fa\u00e7ade d\u00e9gagent du professionnalisme et rendent votre \u00e9tablissement facilement accessible aux \u00e9l\u00e8ves, parents et visiteurs. Que ce soit pour l\u2019entr\u00e9e principale ou un b\u00e2timent annexe, ces panneaux renforcent la visibilit\u00e9 et l\u2019identit\u00e9 de votre \u00e9tablissement. Optez pour une communication efficace et \u00e9l\u00e9gante avec nos panneaux de fa\u00e7ade de haute qualit\u00e9 !\" \/>\n<meta property=\"og:url\" content=\"https:\/\/helloschool.be\/?post_type=product&amp;p=20282\" \/>\n<meta property=\"og:site_name\" content=\"Helloschool\" \/>\n<meta property=\"article:modified_time\" content=\"2025-05-15T09:57:19+00:00\" \/>\n<meta name=\"twitter:card\" content=\"summary_large_image\" \/>\n<script type=\"application\/ld+json\" class=\"yoast-schema-graph\">{\"@context\":\"https:\/\/schema.org\",\"@graph\":[{\"@type\":\"WebPage\",\"@id\":\"https:\/\/helloschool.be\/?post_type=product&p=20282\",\"url\":\"https:\/\/helloschool.be\/?post_type=product&p=20282\",\"name\":\"Panneaux de fa\u00e7ade - Helloschool\",\"isPartOf\":{\"@id\":\"https:\/\/helloschool.be\/#website\"},\"datePublished\":\"2025-05-15T09:16:27+00:00\",\"dateModified\":\"2025-05-15T09:57:19+00:00\",\"breadcrumb\":{\"@id\":\"https:\/\/helloschool.be\/?post_type=product&p=20282#breadcrumb\"},\"inLanguage\":\"fr-FR\",\"potentialAction\":[{\"@type\":\"ReadAction\",\"target\":[\"https:\/\/helloschool.be\/?post_type=product&p=20282\"]}]},{\"@type\":\"BreadcrumbList\",\"@id\":\"https:\/\/helloschool.be\/?post_type=product&p=20282#breadcrumb\",\"itemListElement\":[{\"@type\":\"ListItem\",\"position\":1,\"name\":\"Home\",\"item\":\"https:\/\/helloschool.be\/fr\/\"},{\"@type\":\"ListItem\",\"position\":2,\"name\":\"Produits\",\"item\":\"https:\/\/helloschool.be\/producten\/\"},{\"@type\":\"ListItem\",\"position\":3,\"name\":\"Panneaux de fa\u00e7ade\"}]},{\"@type\":\"WebSite\",\"@id\":\"https:\/\/helloschool.be\/#website\",\"url\":\"https:\/\/helloschool.be\/\",\"name\":\"Helloschool\",\"description\":\"Concentrez-vous sur l\u2019enseignement, nous nous occupons du reste.\",\"potentialAction\":[{\"@type\":\"SearchAction\",\"target\":{\"@type\":\"EntryPoint\",\"urlTemplate\":\"https:\/\/helloschool.be\/?s={search_term_string}\"},\"query-input\":{\"@type\":\"PropertyValueSpecification\",\"valueRequired\":true,\"valueName\":\"search_term_string\"}}],\"inLanguage\":\"fr-FR\"}]}<\/script>\n<!-- \/ Yoast SEO plugin. -->","yoast_head_json":{"title":"Panneaux de fa\u00e7ade - Helloschool","robots":{"index":"index","follow":"follow","max-snippet":"max-snippet:-1","max-image-preview":"max-image-preview:large","max-video-preview":"max-video-preview:-1"},"canonical":"https:\/\/helloschool.be\/?post_type=product&p=20282","og_locale":"fr_FR","og_type":"article","og_title":"Panneaux de fa\u00e7ade - Helloschool","og_description":"Assurez une visibilit\u00e9 maximale avec nos panneaux de fa\u00e7ade remarquables !  Rendez votre \u00e9cole, centre pour enfants ou \u00e9tablissement \u00e9ducatif imm\u00e9diatement reconnaissable avec nos panneaux de fa\u00e7ade durables et r\u00e9sistants aux intemp\u00e9ries. Parfaits pour afficher le nom de l\u2019\u00e9cole, les horaires d\u2019ouverture, le logo ou des annonces importantes. Nos panneaux de fa\u00e7ade d\u00e9gagent du professionnalisme et rendent votre \u00e9tablissement facilement accessible aux \u00e9l\u00e8ves, parents et visiteurs. Que ce soit pour l\u2019entr\u00e9e principale ou un b\u00e2timent annexe, ces panneaux renforcent la visibilit\u00e9 et l\u2019identit\u00e9 de votre \u00e9tablissement. Optez pour une communication efficace et \u00e9l\u00e9gante avec nos panneaux de fa\u00e7ade de haute qualit\u00e9 !","og_url":"https:\/\/helloschool.be\/?post_type=product&p=20282","og_site_name":"Helloschool","article_modified_time":"2025-05-15T09:57:19+00:00","twitter_card":"summary_large_image","schema":{"@context":"https:\/\/schema.org","@graph":[{"@type":"WebPage","@id":"https:\/\/helloschool.be\/?post_type=product&p=20282","url":"https:\/\/helloschool.be\/?post_type=product&p=20282","name":"Panneaux de fa\u00e7ade - Helloschool","isPartOf":{"@id":"https:\/\/helloschool.be\/#website"},"datePublished":"2025-05-15T09:16:27+00:00","dateModified":"2025-05-15T09:57:19+00:00","breadcrumb":{"@id":"https:\/\/helloschool.be\/?post_type=product&p=20282#breadcrumb"},"inLanguage":"fr-FR","potentialAction":[{"@type":"ReadAction","target":["https:\/\/helloschool.be\/?post_type=product&p=20282"]}]},{"@type":"BreadcrumbList","@id":"https:\/\/helloschool.be\/?post_type=product&p=20282#breadcrumb","itemListElement":[{"@type":"ListItem","position":1,"name":"Home","item":"https:\/\/helloschool.be\/fr\/"},{"@type":"ListItem","position":2,"name":"Produits","item":"https:\/\/helloschool.be\/producten\/"},{"@type":"ListItem","position":3,"name":"Panneaux de fa\u00e7ade"}]},{"@type":"WebSite","@id":"https:\/\/helloschool.be\/#website","url":"https:\/\/helloschool.be\/","name":"Helloschool","description":"Concentrez-vous sur l\u2019enseignement, nous nous occupons du reste.","potentialAction":[{"@type":"SearchAction","target":{"@type":"EntryPoint","urlTemplate":"https:\/\/helloschool.be\/?s={search_term_string}"},"query-input":{"@type":"PropertyValueSpecification","valueRequired":true,"valueName":"search_term_string"}}],"inLanguage":"fr-FR"}]}},"_links":{"self":[{"href":"https:\/\/helloschool.be\/fr\/wp-json\/wp\/v2\/product\/20283","targetHints":{"allow":["GET"]}}],"collection":[{"href":"https:\/\/helloschool.be\/fr\/wp-json\/wp\/v2\/product"}],"about":[{"href":"https:\/\/helloschool.be\/fr\/wp-json\/wp\/v2\/types\/product"}],"version-history":[{"count":2,"href":"https:\/\/helloschool.be\/fr\/wp-json\/wp\/v2\/product\/20283\/revisions"}],"predecessor-version":[{"id":20288,"href":"https:\/\/helloschool.be\/fr\/wp-json\/wp\/v2\/product\/20283\/revisions\/20288"}],"wp:attachment":[{"href":"https:\/\/helloschool.be\/fr\/wp-json\/wp\/v2\/media?parent=20283"}],"wp:term":[{"taxonomy":"product_brand","embeddable":true,"href":"https:\/\/helloschool.be\/fr\/wp-json\/wp\/v2\/product_brand?post=20283"},{"taxonomy":"product_cat","embeddable":true,"href":"https:\/\/helloschool.be\/fr\/wp-json\/wp\/v2\/product_cat?post=20283"},{"taxonomy":"product_tag","embeddable":true,"href":"https:\/\/helloschool.be\/fr\/wp-json\/wp\/v2\/product_tag?post=20283"}],"curies":[{"name":"wp","href":"https:\/\/api.w.org\/{rel}","templated":true}]}}