{"id":20715,"date":"2025-09-29T12:33:52","date_gmt":"2025-09-29T12:33:52","guid":{"rendered":"https:\/\/helloschool.be\/product\/cordons-porte-cles\/"},"modified":"2025-09-29T12:38:31","modified_gmt":"2025-09-29T12:38:31","slug":"cordons-porte-cles","status":"publish","type":"product","link":"https:\/\/helloschool.be\/fr\/product\/cordons-porte-cles\/","title":{"rendered":"Cordons porte-cl\u00e9s"},"content":{"rendered":"","protected":false},"excerpt":{"rendered":"<p><strong>Cordons pratiques et r\u00e9sistants pour les \u00e9coles<\/strong><\/p>\n<p>Nos cordons sont id\u00e9aux pour les \u00e9l\u00e8ves, les enseignants et le personnel scolaire. Solides et confortables \u00e0 porter, ils permettent de garder en s\u00e9curit\u00e9 les cl\u00e9s, cartes d&rsquo;identit\u00e9 ou badges d&rsquo;acc\u00e8s. Disponibles en plusieurs couleurs et personnalisables avec le logo de l\u2019\u00e9cole.<\/p>\n","protected":false},"featured_media":0,"template":"","meta":{"_acf_changed":false,"brand_hub_restriction":[],"brand_hub_id":null},"product_brand":[],"product_cat":[115,121,118],"product_tag":[],"class_list":{"0":"post-20715","1":"product","2":"type-product","3":"status-publish","5":"product_cat-impression-fr","6":"product_cat-journee-portes-ouvertes-fr","7":"product_cat-textile-fr","9":"first","10":"instock","11":"taxable","12":"shipping-taxable","13":"purchasable","14":"product-type-simple"},"acf":[],"yoast_head":"<!-- This site is optimized with the Yoast SEO plugin v26.7 - https:\/\/yoast.com\/wordpress\/plugins\/seo\/ -->\n<title>Cordons porte-cl\u00e9s - Helloschool<\/title>\n<meta name=\"robots\" content=\"index, follow, max-snippet:-1, max-image-preview:large, max-video-preview:-1\" \/>\n<link rel=\"canonical\" href=\"https:\/\/helloschool.be\/product\/keycords\/\" \/>\n<meta property=\"og:locale\" content=\"fr_FR\" \/>\n<meta property=\"og:type\" content=\"article\" \/>\n<meta property=\"og:title\" content=\"Cordons porte-cl\u00e9s - Helloschool\" \/>\n<meta property=\"og:description\" content=\"Cordons pratiques et r\u00e9sistants pour les \u00e9coles  Nos cordons sont id\u00e9aux pour les \u00e9l\u00e8ves, les enseignants et le personnel scolaire. Solides et confortables \u00e0 porter, ils permettent de garder en s\u00e9curit\u00e9 les cl\u00e9s, cartes d&#039;identit\u00e9 ou badges d&#039;acc\u00e8s. Disponibles en plusieurs couleurs et personnalisables avec le logo de l\u2019\u00e9cole.\" \/>\n<meta property=\"og:url\" content=\"https:\/\/helloschool.be\/product\/keycords\/\" \/>\n<meta property=\"og:site_name\" content=\"Helloschool\" \/>\n<meta property=\"article:modified_time\" content=\"2025-09-29T12:38:31+00:00\" \/>\n<meta name=\"twitter:card\" content=\"summary_large_image\" \/>\n<script type=\"application\/ld+json\" class=\"yoast-schema-graph\">{\"@context\":\"https:\/\/schema.org\",\"@graph\":[{\"@type\":\"WebPage\",\"@id\":\"https:\/\/helloschool.be\/product\/keycords\/\",\"url\":\"https:\/\/helloschool.be\/product\/keycords\/\",\"name\":\"Cordons porte-cl\u00e9s - Helloschool\",\"isPartOf\":{\"@id\":\"https:\/\/helloschool.be\/#website\"},\"datePublished\":\"2025-09-29T12:33:52+00:00\",\"dateModified\":\"2025-09-29T12:38:31+00:00\",\"breadcrumb\":{\"@id\":\"https:\/\/helloschool.be\/product\/keycords\/#breadcrumb\"},\"inLanguage\":\"fr-FR\",\"potentialAction\":[{\"@type\":\"ReadAction\",\"target\":[\"https:\/\/helloschool.be\/product\/keycords\/\"]}]},{\"@type\":\"BreadcrumbList\",\"@id\":\"https:\/\/helloschool.be\/product\/keycords\/#breadcrumb\",\"itemListElement\":[{\"@type\":\"ListItem\",\"position\":1,\"name\":\"Home\",\"item\":\"https:\/\/helloschool.be\/fr\/\"},{\"@type\":\"ListItem\",\"position\":2,\"name\":\"Produits\",\"item\":\"https:\/\/helloschool.be\/producten\/\"},{\"@type\":\"ListItem\",\"position\":3,\"name\":\"Cordons porte-cl\u00e9s\"}]},{\"@type\":\"WebSite\",\"@id\":\"https:\/\/helloschool.be\/#website\",\"url\":\"https:\/\/helloschool.be\/\",\"name\":\"Helloschool\",\"description\":\"Concentrez-vous sur l\u2019enseignement, nous nous occupons du reste.\",\"potentialAction\":[{\"@type\":\"SearchAction\",\"target\":{\"@type\":\"EntryPoint\",\"urlTemplate\":\"https:\/\/helloschool.be\/?s={search_term_string}\"},\"query-input\":{\"@type\":\"PropertyValueSpecification\",\"valueRequired\":true,\"valueName\":\"search_term_string\"}}],\"inLanguage\":\"fr-FR\"}]}<\/script>\n<!-- \/ Yoast SEO plugin. -->","yoast_head_json":{"title":"Cordons porte-cl\u00e9s - Helloschool","robots":{"index":"index","follow":"follow","max-snippet":"max-snippet:-1","max-image-preview":"max-image-preview:large","max-video-preview":"max-video-preview:-1"},"canonical":"https:\/\/helloschool.be\/product\/keycords\/","og_locale":"fr_FR","og_type":"article","og_title":"Cordons porte-cl\u00e9s - Helloschool","og_description":"Cordons pratiques et r\u00e9sistants pour les \u00e9coles  Nos cordons sont id\u00e9aux pour les \u00e9l\u00e8ves, les enseignants et le personnel scolaire. Solides et confortables \u00e0 porter, ils permettent de garder en s\u00e9curit\u00e9 les cl\u00e9s, cartes d'identit\u00e9 ou badges d'acc\u00e8s. Disponibles en plusieurs couleurs et personnalisables avec le logo de l\u2019\u00e9cole.","og_url":"https:\/\/helloschool.be\/product\/keycords\/","og_site_name":"Helloschool","article_modified_time":"2025-09-29T12:38:31+00:00","twitter_card":"summary_large_image","schema":{"@context":"https:\/\/schema.org","@graph":[{"@type":"WebPage","@id":"https:\/\/helloschool.be\/product\/keycords\/","url":"https:\/\/helloschool.be\/product\/keycords\/","name":"Cordons porte-cl\u00e9s - Helloschool","isPartOf":{"@id":"https:\/\/helloschool.be\/#website"},"datePublished":"2025-09-29T12:33:52+00:00","dateModified":"2025-09-29T12:38:31+00:00","breadcrumb":{"@id":"https:\/\/helloschool.be\/product\/keycords\/#breadcrumb"},"inLanguage":"fr-FR","potentialAction":[{"@type":"ReadAction","target":["https:\/\/helloschool.be\/product\/keycords\/"]}]},{"@type":"BreadcrumbList","@id":"https:\/\/helloschool.be\/product\/keycords\/#breadcrumb","itemListElement":[{"@type":"ListItem","position":1,"name":"Home","item":"https:\/\/helloschool.be\/fr\/"},{"@type":"ListItem","position":2,"name":"Produits","item":"https:\/\/helloschool.be\/producten\/"},{"@type":"ListItem","position":3,"name":"Cordons porte-cl\u00e9s"}]},{"@type":"WebSite","@id":"https:\/\/helloschool.be\/#website","url":"https:\/\/helloschool.be\/","name":"Helloschool","description":"Concentrez-vous sur l\u2019enseignement, nous nous occupons du reste.","potentialAction":[{"@type":"SearchAction","target":{"@type":"EntryPoint","urlTemplate":"https:\/\/helloschool.be\/?s={search_term_string}"},"query-input":{"@type":"PropertyValueSpecification","valueRequired":true,"valueName":"search_term_string"}}],"inLanguage":"fr-FR"}]}},"_links":{"self":[{"href":"https:\/\/helloschool.be\/fr\/wp-json\/wp\/v2\/product\/20715","targetHints":{"allow":["GET"]}}],"collection":[{"href":"https:\/\/helloschool.be\/fr\/wp-json\/wp\/v2\/product"}],"about":[{"href":"https:\/\/helloschool.be\/fr\/wp-json\/wp\/v2\/types\/product"}],"version-history":[{"count":1,"href":"https:\/\/helloschool.be\/fr\/wp-json\/wp\/v2\/product\/20715\/revisions"}],"predecessor-version":[{"id":20726,"href":"https:\/\/helloschool.be\/fr\/wp-json\/wp\/v2\/product\/20715\/revisions\/20726"}],"wp:attachment":[{"href":"https:\/\/helloschool.be\/fr\/wp-json\/wp\/v2\/media?parent=20715"}],"wp:term":[{"taxonomy":"product_brand","embeddable":true,"href":"https:\/\/helloschool.be\/fr\/wp-json\/wp\/v2\/product_brand?post=20715"},{"taxonomy":"product_cat","embeddable":true,"href":"https:\/\/helloschool.be\/fr\/wp-json\/wp\/v2\/product_cat?post=20715"},{"taxonomy":"product_tag","embeddable":true,"href":"https:\/\/helloschool.be\/fr\/wp-json\/wp\/v2\/product_tag?post=20715"}],"curies":[{"name":"wp","href":"https:\/\/api.w.org\/{rel}","templated":true}]}}