{"id":20717,"date":"2025-09-29T12:34:21","date_gmt":"2025-09-29T12:34:21","guid":{"rendered":"https:\/\/helloschool.be\/product\/sac-de-sport-en-polyester\/"},"modified":"2025-09-29T12:38:38","modified_gmt":"2025-09-29T12:38:38","slug":"sac-de-sport-en-polyester","status":"publish","type":"product","link":"https:\/\/helloschool.be\/fr\/product\/sac-de-sport-en-polyester\/","title":{"rendered":"Sac de sport en polyester"},"content":{"rendered":"","protected":false},"excerpt":{"rendered":"<p><strong>Sacs de sport solides et pratiques pour un usage scolaire<\/strong><\/p>\n<p>Nos sacs de sport en polyester r\u00e9sistant sont parfaits pour les \u00e9l\u00e8ves. Ils offrent suffisamment d\u2019espace pour les v\u00eatements de sport, les chaussures et autres affaires essentielles. Con\u00e7us dans un mat\u00e9riau durable, ils r\u00e9sistent \u00e0 un usage quotidien et aux activit\u00e9s sportives. Disponibles en plusieurs couleurs et designs attrayants, ils allient praticit\u00e9 et style.<\/p>\n","protected":false},"featured_media":0,"template":"","meta":{"_acf_changed":false,"brand_hub_restriction":[],"brand_hub_id":null},"product_brand":[],"product_cat":[115,121,118],"product_tag":[],"class_list":{"0":"post-20717","1":"product","2":"type-product","3":"status-publish","5":"product_cat-impression-fr","6":"product_cat-journee-portes-ouvertes-fr","7":"product_cat-textile-fr","9":"first","10":"instock","11":"taxable","12":"shipping-taxable","13":"purchasable","14":"product-type-simple"},"acf":[],"yoast_head":"<!-- This site is optimized with the Yoast SEO plugin v26.7 - https:\/\/yoast.com\/wordpress\/plugins\/seo\/ -->\n<title>Sac de sport en polyester - Helloschool<\/title>\n<meta name=\"robots\" content=\"index, follow, max-snippet:-1, max-image-preview:large, max-video-preview:-1\" \/>\n<link rel=\"canonical\" href=\"https:\/\/helloschool.be\/product\/polyester-gymtassen\/\" \/>\n<meta property=\"og:locale\" content=\"fr_FR\" \/>\n<meta property=\"og:type\" content=\"article\" \/>\n<meta property=\"og:title\" content=\"Sac de sport en polyester - Helloschool\" \/>\n<meta property=\"og:description\" content=\"Sacs de sport solides et pratiques pour un usage scolaire  Nos sacs de sport en polyester r\u00e9sistant sont parfaits pour les \u00e9l\u00e8ves. Ils offrent suffisamment d\u2019espace pour les v\u00eatements de sport, les chaussures et autres affaires essentielles. Con\u00e7us dans un mat\u00e9riau durable, ils r\u00e9sistent \u00e0 un usage quotidien et aux activit\u00e9s sportives. Disponibles en plusieurs couleurs et designs attrayants, ils allient praticit\u00e9 et style.\" \/>\n<meta property=\"og:url\" content=\"https:\/\/helloschool.be\/product\/polyester-gymtassen\/\" \/>\n<meta property=\"og:site_name\" content=\"Helloschool\" \/>\n<meta property=\"article:modified_time\" content=\"2025-09-29T12:38:38+00:00\" \/>\n<meta name=\"twitter:card\" content=\"summary_large_image\" \/>\n<script type=\"application\/ld+json\" class=\"yoast-schema-graph\">{\"@context\":\"https:\/\/schema.org\",\"@graph\":[{\"@type\":\"WebPage\",\"@id\":\"https:\/\/helloschool.be\/product\/polyester-gymtassen\/\",\"url\":\"https:\/\/helloschool.be\/product\/polyester-gymtassen\/\",\"name\":\"Sac de sport en polyester - Helloschool\",\"isPartOf\":{\"@id\":\"https:\/\/helloschool.be\/#website\"},\"datePublished\":\"2025-09-29T12:34:21+00:00\",\"dateModified\":\"2025-09-29T12:38:38+00:00\",\"breadcrumb\":{\"@id\":\"https:\/\/helloschool.be\/product\/polyester-gymtassen\/#breadcrumb\"},\"inLanguage\":\"fr-FR\",\"potentialAction\":[{\"@type\":\"ReadAction\",\"target\":[\"https:\/\/helloschool.be\/product\/polyester-gymtassen\/\"]}]},{\"@type\":\"BreadcrumbList\",\"@id\":\"https:\/\/helloschool.be\/product\/polyester-gymtassen\/#breadcrumb\",\"itemListElement\":[{\"@type\":\"ListItem\",\"position\":1,\"name\":\"Home\",\"item\":\"https:\/\/helloschool.be\/fr\/\"},{\"@type\":\"ListItem\",\"position\":2,\"name\":\"Produits\",\"item\":\"https:\/\/helloschool.be\/producten\/\"},{\"@type\":\"ListItem\",\"position\":3,\"name\":\"Sac de sport en polyester\"}]},{\"@type\":\"WebSite\",\"@id\":\"https:\/\/helloschool.be\/#website\",\"url\":\"https:\/\/helloschool.be\/\",\"name\":\"Helloschool\",\"description\":\"Concentrez-vous sur l\u2019enseignement, nous nous occupons du reste.\",\"potentialAction\":[{\"@type\":\"SearchAction\",\"target\":{\"@type\":\"EntryPoint\",\"urlTemplate\":\"https:\/\/helloschool.be\/?s={search_term_string}\"},\"query-input\":{\"@type\":\"PropertyValueSpecification\",\"valueRequired\":true,\"valueName\":\"search_term_string\"}}],\"inLanguage\":\"fr-FR\"}]}<\/script>\n<!-- \/ Yoast SEO plugin. -->","yoast_head_json":{"title":"Sac de sport en polyester - Helloschool","robots":{"index":"index","follow":"follow","max-snippet":"max-snippet:-1","max-image-preview":"max-image-preview:large","max-video-preview":"max-video-preview:-1"},"canonical":"https:\/\/helloschool.be\/product\/polyester-gymtassen\/","og_locale":"fr_FR","og_type":"article","og_title":"Sac de sport en polyester - Helloschool","og_description":"Sacs de sport solides et pratiques pour un usage scolaire  Nos sacs de sport en polyester r\u00e9sistant sont parfaits pour les \u00e9l\u00e8ves. Ils offrent suffisamment d\u2019espace pour les v\u00eatements de sport, les chaussures et autres affaires essentielles. Con\u00e7us dans un mat\u00e9riau durable, ils r\u00e9sistent \u00e0 un usage quotidien et aux activit\u00e9s sportives. Disponibles en plusieurs couleurs et designs attrayants, ils allient praticit\u00e9 et style.","og_url":"https:\/\/helloschool.be\/product\/polyester-gymtassen\/","og_site_name":"Helloschool","article_modified_time":"2025-09-29T12:38:38+00:00","twitter_card":"summary_large_image","schema":{"@context":"https:\/\/schema.org","@graph":[{"@type":"WebPage","@id":"https:\/\/helloschool.be\/product\/polyester-gymtassen\/","url":"https:\/\/helloschool.be\/product\/polyester-gymtassen\/","name":"Sac de sport en polyester - Helloschool","isPartOf":{"@id":"https:\/\/helloschool.be\/#website"},"datePublished":"2025-09-29T12:34:21+00:00","dateModified":"2025-09-29T12:38:38+00:00","breadcrumb":{"@id":"https:\/\/helloschool.be\/product\/polyester-gymtassen\/#breadcrumb"},"inLanguage":"fr-FR","potentialAction":[{"@type":"ReadAction","target":["https:\/\/helloschool.be\/product\/polyester-gymtassen\/"]}]},{"@type":"BreadcrumbList","@id":"https:\/\/helloschool.be\/product\/polyester-gymtassen\/#breadcrumb","itemListElement":[{"@type":"ListItem","position":1,"name":"Home","item":"https:\/\/helloschool.be\/fr\/"},{"@type":"ListItem","position":2,"name":"Produits","item":"https:\/\/helloschool.be\/producten\/"},{"@type":"ListItem","position":3,"name":"Sac de sport en polyester"}]},{"@type":"WebSite","@id":"https:\/\/helloschool.be\/#website","url":"https:\/\/helloschool.be\/","name":"Helloschool","description":"Concentrez-vous sur l\u2019enseignement, nous nous occupons du reste.","potentialAction":[{"@type":"SearchAction","target":{"@type":"EntryPoint","urlTemplate":"https:\/\/helloschool.be\/?s={search_term_string}"},"query-input":{"@type":"PropertyValueSpecification","valueRequired":true,"valueName":"search_term_string"}}],"inLanguage":"fr-FR"}]}},"_links":{"self":[{"href":"https:\/\/helloschool.be\/fr\/wp-json\/wp\/v2\/product\/20717","targetHints":{"allow":["GET"]}}],"collection":[{"href":"https:\/\/helloschool.be\/fr\/wp-json\/wp\/v2\/product"}],"about":[{"href":"https:\/\/helloschool.be\/fr\/wp-json\/wp\/v2\/types\/product"}],"version-history":[{"count":1,"href":"https:\/\/helloschool.be\/fr\/wp-json\/wp\/v2\/product\/20717\/revisions"}],"predecessor-version":[{"id":20725,"href":"https:\/\/helloschool.be\/fr\/wp-json\/wp\/v2\/product\/20717\/revisions\/20725"}],"wp:attachment":[{"href":"https:\/\/helloschool.be\/fr\/wp-json\/wp\/v2\/media?parent=20717"}],"wp:term":[{"taxonomy":"product_brand","embeddable":true,"href":"https:\/\/helloschool.be\/fr\/wp-json\/wp\/v2\/product_brand?post=20717"},{"taxonomy":"product_cat","embeddable":true,"href":"https:\/\/helloschool.be\/fr\/wp-json\/wp\/v2\/product_cat?post=20717"},{"taxonomy":"product_tag","embeddable":true,"href":"https:\/\/helloschool.be\/fr\/wp-json\/wp\/v2\/product_tag?post=20717"}],"curies":[{"name":"wp","href":"https:\/\/api.w.org\/{rel}","templated":true}]}}