{"id":20719,"date":"2025-09-29T12:34:36","date_gmt":"2025-09-29T12:34:36","guid":{"rendered":"https:\/\/helloschool.be\/product\/sac-de-gym-en-coton\/"},"modified":"2025-09-29T12:38:49","modified_gmt":"2025-09-29T12:38:49","slug":"sac-de-gym-en-coton","status":"publish","type":"product","link":"https:\/\/helloschool.be\/fr\/product\/sac-de-gym-en-coton\/","title":{"rendered":"Sac de gym en coton"},"content":{"rendered":"","protected":false},"excerpt":{"rendered":"<p><strong>Des sacs de sport en coton \u00e0 la fois tendance et adapt\u00e9s \u00e0 l\u2019\u00e9cole<\/strong><\/p>\n<p>Ces sacs de gym en coton allient style et fonctionnalit\u00e9 \u2013 parfaits pour les cours d\u2019\u00e9ducation physique, les sorties scolaires ou un usage quotidien. L\u00e9gers, solides et confortables \u00e0 porter, ils permettent aux \u00e9l\u00e8ves de transporter facilement leurs affaires essentielles. Un accessoire pratique pour l\u2019\u00e9cole, avec une touche de style en plus !<\/p>\n","protected":false},"featured_media":0,"template":"","meta":{"_acf_changed":false,"brand_hub_restriction":[],"brand_hub_id":null},"product_brand":[],"product_cat":[113,115,121,118],"product_tag":[],"class_list":{"0":"post-20719","1":"product","2":"type-product","3":"status-publish","5":"product_cat-exterieur-fr","6":"product_cat-impression-fr","7":"product_cat-journee-portes-ouvertes-fr","8":"product_cat-textile-fr","10":"first","11":"instock","12":"taxable","13":"shipping-taxable","14":"purchasable","15":"product-type-simple"},"acf":[],"yoast_head":"<!-- This site is optimized with the Yoast SEO plugin v26.7 - https:\/\/yoast.com\/wordpress\/plugins\/seo\/ -->\n<title>Sac de gym en coton - Helloschool<\/title>\n<meta name=\"robots\" content=\"index, follow, max-snippet:-1, max-image-preview:large, max-video-preview:-1\" \/>\n<link rel=\"canonical\" href=\"https:\/\/helloschool.be\/product\/katoenen-gymtassen\/\" \/>\n<meta property=\"og:locale\" content=\"fr_FR\" \/>\n<meta property=\"og:type\" content=\"article\" \/>\n<meta property=\"og:title\" content=\"Sac de gym en coton - Helloschool\" \/>\n<meta property=\"og:description\" content=\"Des sacs de sport en coton \u00e0 la fois tendance et adapt\u00e9s \u00e0 l\u2019\u00e9cole  Ces sacs de gym en coton allient style et fonctionnalit\u00e9 \u2013 parfaits pour les cours d\u2019\u00e9ducation physique, les sorties scolaires ou un usage quotidien. L\u00e9gers, solides et confortables \u00e0 porter, ils permettent aux \u00e9l\u00e8ves de transporter facilement leurs affaires essentielles. Un accessoire pratique pour l\u2019\u00e9cole, avec une touche de style en plus !\" \/>\n<meta property=\"og:url\" content=\"https:\/\/helloschool.be\/product\/katoenen-gymtassen\/\" \/>\n<meta property=\"og:site_name\" content=\"Helloschool\" \/>\n<meta property=\"article:modified_time\" content=\"2025-09-29T12:38:49+00:00\" \/>\n<meta name=\"twitter:card\" content=\"summary_large_image\" \/>\n<script type=\"application\/ld+json\" class=\"yoast-schema-graph\">{\"@context\":\"https:\/\/schema.org\",\"@graph\":[{\"@type\":\"WebPage\",\"@id\":\"https:\/\/helloschool.be\/product\/katoenen-gymtassen\/\",\"url\":\"https:\/\/helloschool.be\/product\/katoenen-gymtassen\/\",\"name\":\"Sac de gym en coton - Helloschool\",\"isPartOf\":{\"@id\":\"https:\/\/helloschool.be\/#website\"},\"datePublished\":\"2025-09-29T12:34:36+00:00\",\"dateModified\":\"2025-09-29T12:38:49+00:00\",\"breadcrumb\":{\"@id\":\"https:\/\/helloschool.be\/product\/katoenen-gymtassen\/#breadcrumb\"},\"inLanguage\":\"fr-FR\",\"potentialAction\":[{\"@type\":\"ReadAction\",\"target\":[\"https:\/\/helloschool.be\/product\/katoenen-gymtassen\/\"]}]},{\"@type\":\"BreadcrumbList\",\"@id\":\"https:\/\/helloschool.be\/product\/katoenen-gymtassen\/#breadcrumb\",\"itemListElement\":[{\"@type\":\"ListItem\",\"position\":1,\"name\":\"Home\",\"item\":\"https:\/\/helloschool.be\/fr\/\"},{\"@type\":\"ListItem\",\"position\":2,\"name\":\"Produits\",\"item\":\"https:\/\/helloschool.be\/producten\/\"},{\"@type\":\"ListItem\",\"position\":3,\"name\":\"Sac de gym en coton\"}]},{\"@type\":\"WebSite\",\"@id\":\"https:\/\/helloschool.be\/#website\",\"url\":\"https:\/\/helloschool.be\/\",\"name\":\"Helloschool\",\"description\":\"Concentrez-vous sur l\u2019enseignement, nous nous occupons du reste.\",\"potentialAction\":[{\"@type\":\"SearchAction\",\"target\":{\"@type\":\"EntryPoint\",\"urlTemplate\":\"https:\/\/helloschool.be\/?s={search_term_string}\"},\"query-input\":{\"@type\":\"PropertyValueSpecification\",\"valueRequired\":true,\"valueName\":\"search_term_string\"}}],\"inLanguage\":\"fr-FR\"}]}<\/script>\n<!-- \/ Yoast SEO plugin. -->","yoast_head_json":{"title":"Sac de gym en coton - Helloschool","robots":{"index":"index","follow":"follow","max-snippet":"max-snippet:-1","max-image-preview":"max-image-preview:large","max-video-preview":"max-video-preview:-1"},"canonical":"https:\/\/helloschool.be\/product\/katoenen-gymtassen\/","og_locale":"fr_FR","og_type":"article","og_title":"Sac de gym en coton - Helloschool","og_description":"Des sacs de sport en coton \u00e0 la fois tendance et adapt\u00e9s \u00e0 l\u2019\u00e9cole  Ces sacs de gym en coton allient style et fonctionnalit\u00e9 \u2013 parfaits pour les cours d\u2019\u00e9ducation physique, les sorties scolaires ou un usage quotidien. L\u00e9gers, solides et confortables \u00e0 porter, ils permettent aux \u00e9l\u00e8ves de transporter facilement leurs affaires essentielles. Un accessoire pratique pour l\u2019\u00e9cole, avec une touche de style en plus !","og_url":"https:\/\/helloschool.be\/product\/katoenen-gymtassen\/","og_site_name":"Helloschool","article_modified_time":"2025-09-29T12:38:49+00:00","twitter_card":"summary_large_image","schema":{"@context":"https:\/\/schema.org","@graph":[{"@type":"WebPage","@id":"https:\/\/helloschool.be\/product\/katoenen-gymtassen\/","url":"https:\/\/helloschool.be\/product\/katoenen-gymtassen\/","name":"Sac de gym en coton - Helloschool","isPartOf":{"@id":"https:\/\/helloschool.be\/#website"},"datePublished":"2025-09-29T12:34:36+00:00","dateModified":"2025-09-29T12:38:49+00:00","breadcrumb":{"@id":"https:\/\/helloschool.be\/product\/katoenen-gymtassen\/#breadcrumb"},"inLanguage":"fr-FR","potentialAction":[{"@type":"ReadAction","target":["https:\/\/helloschool.be\/product\/katoenen-gymtassen\/"]}]},{"@type":"BreadcrumbList","@id":"https:\/\/helloschool.be\/product\/katoenen-gymtassen\/#breadcrumb","itemListElement":[{"@type":"ListItem","position":1,"name":"Home","item":"https:\/\/helloschool.be\/fr\/"},{"@type":"ListItem","position":2,"name":"Produits","item":"https:\/\/helloschool.be\/producten\/"},{"@type":"ListItem","position":3,"name":"Sac de gym en coton"}]},{"@type":"WebSite","@id":"https:\/\/helloschool.be\/#website","url":"https:\/\/helloschool.be\/","name":"Helloschool","description":"Concentrez-vous sur l\u2019enseignement, nous nous occupons du reste.","potentialAction":[{"@type":"SearchAction","target":{"@type":"EntryPoint","urlTemplate":"https:\/\/helloschool.be\/?s={search_term_string}"},"query-input":{"@type":"PropertyValueSpecification","valueRequired":true,"valueName":"search_term_string"}}],"inLanguage":"fr-FR"}]}},"_links":{"self":[{"href":"https:\/\/helloschool.be\/fr\/wp-json\/wp\/v2\/product\/20719","targetHints":{"allow":["GET"]}}],"collection":[{"href":"https:\/\/helloschool.be\/fr\/wp-json\/wp\/v2\/product"}],"about":[{"href":"https:\/\/helloschool.be\/fr\/wp-json\/wp\/v2\/types\/product"}],"version-history":[{"count":1,"href":"https:\/\/helloschool.be\/fr\/wp-json\/wp\/v2\/product\/20719\/revisions"}],"predecessor-version":[{"id":20724,"href":"https:\/\/helloschool.be\/fr\/wp-json\/wp\/v2\/product\/20719\/revisions\/20724"}],"wp:attachment":[{"href":"https:\/\/helloschool.be\/fr\/wp-json\/wp\/v2\/media?parent=20719"}],"wp:term":[{"taxonomy":"product_brand","embeddable":true,"href":"https:\/\/helloschool.be\/fr\/wp-json\/wp\/v2\/product_brand?post=20719"},{"taxonomy":"product_cat","embeddable":true,"href":"https:\/\/helloschool.be\/fr\/wp-json\/wp\/v2\/product_cat?post=20719"},{"taxonomy":"product_tag","embeddable":true,"href":"https:\/\/helloschool.be\/fr\/wp-json\/wp\/v2\/product_tag?post=20719"}],"curies":[{"name":"wp","href":"https:\/\/api.w.org\/{rel}","templated":true}]}}