{"id":20757,"date":"2025-10-06T13:19:26","date_gmt":"2025-10-06T13:19:26","guid":{"rendered":"https:\/\/helloschool.be\/product\/mugs\/"},"modified":"2025-10-06T13:21:36","modified_gmt":"2025-10-06T13:21:36","slug":"mugs","status":"publish","type":"product","link":"https:\/\/helloschool.be\/fr\/product\/mugs\/","title":{"rendered":"Mugs"},"content":{"rendered":"","protected":false},"excerpt":{"rendered":"<p><strong>Faites briller vos mugs comme jamais auparavant !<\/strong><\/p>\n<p>Gr\u00e2ce \u00e0 ce support \u00e9l\u00e9gant et bien organis\u00e9, vos plus beaux mugs recevront l\u2019attention qu\u2019ils m\u00e9ritent. Il permet de gagner de la place dans la salle des professeurs ou le bureau administratif, tout en ajoutant une touche de personnalit\u00e9. Profitez chaque jour d\u2019un caf\u00e9, d\u2019un th\u00e9 ou d\u2019un chocolat chaud avec plaisir et perfection !<\/p>\n","protected":false},"featured_media":0,"template":"","meta":{"_acf_changed":false,"brand_hub_restriction":[],"brand_hub_id":null},"product_brand":[],"product_cat":[115,121],"product_tag":[],"class_list":{"0":"post-20757","1":"product","2":"type-product","3":"status-publish","5":"product_cat-impression-fr","6":"product_cat-journee-portes-ouvertes-fr","8":"first","9":"instock","10":"taxable","11":"shipping-taxable","12":"purchasable","13":"product-type-simple"},"acf":[],"yoast_head":"<!-- This site is optimized with the Yoast SEO plugin v26.7 - https:\/\/yoast.com\/wordpress\/plugins\/seo\/ -->\n<title>Mugs - Helloschool<\/title>\n<meta name=\"robots\" content=\"index, follow, max-snippet:-1, max-image-preview:large, max-video-preview:-1\" \/>\n<link rel=\"canonical\" href=\"https:\/\/helloschool.be\/product\/mokken\/\" \/>\n<meta property=\"og:locale\" content=\"fr_FR\" \/>\n<meta property=\"og:type\" content=\"article\" \/>\n<meta property=\"og:title\" content=\"Mugs - Helloschool\" \/>\n<meta property=\"og:description\" content=\"Faites briller vos mugs comme jamais auparavant !  Gr\u00e2ce \u00e0 ce support \u00e9l\u00e9gant et bien organis\u00e9, vos plus beaux mugs recevront l\u2019attention qu\u2019ils m\u00e9ritent. Il permet de gagner de la place dans la salle des professeurs ou le bureau administratif, tout en ajoutant une touche de personnalit\u00e9. Profitez chaque jour d\u2019un caf\u00e9, d\u2019un th\u00e9 ou d\u2019un chocolat chaud avec plaisir et perfection !\" \/>\n<meta property=\"og:url\" content=\"https:\/\/helloschool.be\/product\/mokken\/\" \/>\n<meta property=\"og:site_name\" content=\"Helloschool\" \/>\n<meta property=\"article:modified_time\" content=\"2025-10-06T13:21:36+00:00\" \/>\n<meta name=\"twitter:card\" content=\"summary_large_image\" \/>\n<script type=\"application\/ld+json\" class=\"yoast-schema-graph\">{\"@context\":\"https:\/\/schema.org\",\"@graph\":[{\"@type\":\"WebPage\",\"@id\":\"https:\/\/helloschool.be\/product\/mokken\/\",\"url\":\"https:\/\/helloschool.be\/product\/mokken\/\",\"name\":\"Mugs - Helloschool\",\"isPartOf\":{\"@id\":\"https:\/\/helloschool.be\/#website\"},\"datePublished\":\"2025-10-06T13:19:26+00:00\",\"dateModified\":\"2025-10-06T13:21:36+00:00\",\"breadcrumb\":{\"@id\":\"https:\/\/helloschool.be\/product\/mokken\/#breadcrumb\"},\"inLanguage\":\"fr-FR\",\"potentialAction\":[{\"@type\":\"ReadAction\",\"target\":[\"https:\/\/helloschool.be\/product\/mokken\/\"]}]},{\"@type\":\"BreadcrumbList\",\"@id\":\"https:\/\/helloschool.be\/product\/mokken\/#breadcrumb\",\"itemListElement\":[{\"@type\":\"ListItem\",\"position\":1,\"name\":\"Home\",\"item\":\"https:\/\/helloschool.be\/fr\/\"},{\"@type\":\"ListItem\",\"position\":2,\"name\":\"Produits\",\"item\":\"https:\/\/helloschool.be\/producten\/\"},{\"@type\":\"ListItem\",\"position\":3,\"name\":\"Mugs\"}]},{\"@type\":\"WebSite\",\"@id\":\"https:\/\/helloschool.be\/#website\",\"url\":\"https:\/\/helloschool.be\/\",\"name\":\"Helloschool\",\"description\":\"Concentrez-vous sur l\u2019enseignement, nous nous occupons du reste.\",\"potentialAction\":[{\"@type\":\"SearchAction\",\"target\":{\"@type\":\"EntryPoint\",\"urlTemplate\":\"https:\/\/helloschool.be\/?s={search_term_string}\"},\"query-input\":{\"@type\":\"PropertyValueSpecification\",\"valueRequired\":true,\"valueName\":\"search_term_string\"}}],\"inLanguage\":\"fr-FR\"}]}<\/script>\n<!-- \/ Yoast SEO plugin. -->","yoast_head_json":{"title":"Mugs - Helloschool","robots":{"index":"index","follow":"follow","max-snippet":"max-snippet:-1","max-image-preview":"max-image-preview:large","max-video-preview":"max-video-preview:-1"},"canonical":"https:\/\/helloschool.be\/product\/mokken\/","og_locale":"fr_FR","og_type":"article","og_title":"Mugs - Helloschool","og_description":"Faites briller vos mugs comme jamais auparavant !  Gr\u00e2ce \u00e0 ce support \u00e9l\u00e9gant et bien organis\u00e9, vos plus beaux mugs recevront l\u2019attention qu\u2019ils m\u00e9ritent. Il permet de gagner de la place dans la salle des professeurs ou le bureau administratif, tout en ajoutant une touche de personnalit\u00e9. Profitez chaque jour d\u2019un caf\u00e9, d\u2019un th\u00e9 ou d\u2019un chocolat chaud avec plaisir et perfection !","og_url":"https:\/\/helloschool.be\/product\/mokken\/","og_site_name":"Helloschool","article_modified_time":"2025-10-06T13:21:36+00:00","twitter_card":"summary_large_image","schema":{"@context":"https:\/\/schema.org","@graph":[{"@type":"WebPage","@id":"https:\/\/helloschool.be\/product\/mokken\/","url":"https:\/\/helloschool.be\/product\/mokken\/","name":"Mugs - Helloschool","isPartOf":{"@id":"https:\/\/helloschool.be\/#website"},"datePublished":"2025-10-06T13:19:26+00:00","dateModified":"2025-10-06T13:21:36+00:00","breadcrumb":{"@id":"https:\/\/helloschool.be\/product\/mokken\/#breadcrumb"},"inLanguage":"fr-FR","potentialAction":[{"@type":"ReadAction","target":["https:\/\/helloschool.be\/product\/mokken\/"]}]},{"@type":"BreadcrumbList","@id":"https:\/\/helloschool.be\/product\/mokken\/#breadcrumb","itemListElement":[{"@type":"ListItem","position":1,"name":"Home","item":"https:\/\/helloschool.be\/fr\/"},{"@type":"ListItem","position":2,"name":"Produits","item":"https:\/\/helloschool.be\/producten\/"},{"@type":"ListItem","position":3,"name":"Mugs"}]},{"@type":"WebSite","@id":"https:\/\/helloschool.be\/#website","url":"https:\/\/helloschool.be\/","name":"Helloschool","description":"Concentrez-vous sur l\u2019enseignement, nous nous occupons du reste.","potentialAction":[{"@type":"SearchAction","target":{"@type":"EntryPoint","urlTemplate":"https:\/\/helloschool.be\/?s={search_term_string}"},"query-input":{"@type":"PropertyValueSpecification","valueRequired":true,"valueName":"search_term_string"}}],"inLanguage":"fr-FR"}]}},"_links":{"self":[{"href":"https:\/\/helloschool.be\/fr\/wp-json\/wp\/v2\/product\/20757","targetHints":{"allow":["GET"]}}],"collection":[{"href":"https:\/\/helloschool.be\/fr\/wp-json\/wp\/v2\/product"}],"about":[{"href":"https:\/\/helloschool.be\/fr\/wp-json\/wp\/v2\/types\/product"}],"version-history":[{"count":1,"href":"https:\/\/helloschool.be\/fr\/wp-json\/wp\/v2\/product\/20757\/revisions"}],"predecessor-version":[{"id":20759,"href":"https:\/\/helloschool.be\/fr\/wp-json\/wp\/v2\/product\/20757\/revisions\/20759"}],"wp:attachment":[{"href":"https:\/\/helloschool.be\/fr\/wp-json\/wp\/v2\/media?parent=20757"}],"wp:term":[{"taxonomy":"product_brand","embeddable":true,"href":"https:\/\/helloschool.be\/fr\/wp-json\/wp\/v2\/product_brand?post=20757"},{"taxonomy":"product_cat","embeddable":true,"href":"https:\/\/helloschool.be\/fr\/wp-json\/wp\/v2\/product_cat?post=20757"},{"taxonomy":"product_tag","embeddable":true,"href":"https:\/\/helloschool.be\/fr\/wp-json\/wp\/v2\/product_tag?post=20757"}],"curies":[{"name":"wp","href":"https:\/\/api.w.org\/{rel}","templated":true}]}}