{"id":20765,"date":"2025-10-09T08:59:39","date_gmt":"2025-10-09T08:59:39","guid":{"rendered":"https:\/\/helloschool.be\/product\/stylos-en-metal\/"},"modified":"2025-10-09T09:02:53","modified_gmt":"2025-10-09T09:02:53","slug":"stylos-en-metal","status":"publish","type":"product","link":"https:\/\/helloschool.be\/fr\/product\/stylos-en-metal\/","title":{"rendered":"Stylos en m\u00e9tal"},"content":{"rendered":"","protected":false},"excerpt":{"rendered":"<p><strong>Solides et \u00e9l\u00e9gants \u2013 ces stylos en m\u00e9tal sont parfaits pour une utilisation quotidienne dans le milieu \u00e9ducatif.<\/strong><\/p>\n<p>Gr\u00e2ce \u00e0 leur design fin et moderne, ils sont id\u00e9aux en classe, pendant les cours ou les sessions d\u2019\u00e9tude individuelle. Leur corps en m\u00e9tal durable offre non seulement une allure professionnelle, mais assure \u00e9galement une prise en main confortable \u2013 m\u00eame lors d\u2019une utilisation prolong\u00e9e. Que ce soit pour prendre des notes, remplir des \u00e9valuations ou corriger des copies, ces stylos sont fiables et toujours pr\u00eats \u00e0 l\u2019emploi.<\/p>\n","protected":false},"featured_media":0,"template":"","meta":{"_acf_changed":false,"brand_hub_restriction":[],"brand_hub_id":null},"product_brand":[],"product_cat":[115,121],"product_tag":[],"class_list":{"0":"post-20765","1":"product","2":"type-product","3":"status-publish","5":"product_cat-impression-fr","6":"product_cat-journee-portes-ouvertes-fr","8":"first","9":"instock","10":"taxable","11":"shipping-taxable","12":"purchasable","13":"product-type-simple"},"acf":[],"yoast_head":"<!-- This site is optimized with the Yoast SEO plugin v26.7 - https:\/\/yoast.com\/wordpress\/plugins\/seo\/ -->\n<title>Stylos en m\u00e9tal - Helloschool<\/title>\n<meta name=\"robots\" content=\"index, follow, max-snippet:-1, max-image-preview:large, max-video-preview:-1\" \/>\n<link rel=\"canonical\" href=\"https:\/\/helloschool.be\/product\/pennen-metaal\/\" \/>\n<meta property=\"og:locale\" content=\"fr_FR\" \/>\n<meta property=\"og:type\" content=\"article\" \/>\n<meta property=\"og:title\" content=\"Stylos en m\u00e9tal - Helloschool\" \/>\n<meta property=\"og:description\" content=\"Solides et \u00e9l\u00e9gants \u2013 ces stylos en m\u00e9tal sont parfaits pour une utilisation quotidienne dans le milieu \u00e9ducatif.  Gr\u00e2ce \u00e0 leur design fin et moderne, ils sont id\u00e9aux en classe, pendant les cours ou les sessions d\u2019\u00e9tude individuelle. Leur corps en m\u00e9tal durable offre non seulement une allure professionnelle, mais assure \u00e9galement une prise en main confortable \u2013 m\u00eame lors d\u2019une utilisation prolong\u00e9e. Que ce soit pour prendre des notes, remplir des \u00e9valuations ou corriger des copies, ces stylos sont fiables et toujours pr\u00eats \u00e0 l\u2019emploi.\" \/>\n<meta property=\"og:url\" content=\"https:\/\/helloschool.be\/product\/pennen-metaal\/\" \/>\n<meta property=\"og:site_name\" content=\"Helloschool\" \/>\n<meta property=\"article:modified_time\" content=\"2025-10-09T09:02:53+00:00\" \/>\n<meta name=\"twitter:card\" content=\"summary_large_image\" \/>\n<script type=\"application\/ld+json\" class=\"yoast-schema-graph\">{\"@context\":\"https:\/\/schema.org\",\"@graph\":[{\"@type\":\"WebPage\",\"@id\":\"https:\/\/helloschool.be\/product\/pennen-metaal\/\",\"url\":\"https:\/\/helloschool.be\/product\/pennen-metaal\/\",\"name\":\"Stylos en m\u00e9tal - Helloschool\",\"isPartOf\":{\"@id\":\"https:\/\/helloschool.be\/#website\"},\"datePublished\":\"2025-10-09T08:59:39+00:00\",\"dateModified\":\"2025-10-09T09:02:53+00:00\",\"breadcrumb\":{\"@id\":\"https:\/\/helloschool.be\/product\/pennen-metaal\/#breadcrumb\"},\"inLanguage\":\"fr-FR\",\"potentialAction\":[{\"@type\":\"ReadAction\",\"target\":[\"https:\/\/helloschool.be\/product\/pennen-metaal\/\"]}]},{\"@type\":\"BreadcrumbList\",\"@id\":\"https:\/\/helloschool.be\/product\/pennen-metaal\/#breadcrumb\",\"itemListElement\":[{\"@type\":\"ListItem\",\"position\":1,\"name\":\"Home\",\"item\":\"https:\/\/helloschool.be\/fr\/\"},{\"@type\":\"ListItem\",\"position\":2,\"name\":\"Produits\",\"item\":\"https:\/\/helloschool.be\/producten\/\"},{\"@type\":\"ListItem\",\"position\":3,\"name\":\"Stylos en m\u00e9tal\"}]},{\"@type\":\"WebSite\",\"@id\":\"https:\/\/helloschool.be\/#website\",\"url\":\"https:\/\/helloschool.be\/\",\"name\":\"Helloschool\",\"description\":\"Concentrez-vous sur l\u2019enseignement, nous nous occupons du reste.\",\"potentialAction\":[{\"@type\":\"SearchAction\",\"target\":{\"@type\":\"EntryPoint\",\"urlTemplate\":\"https:\/\/helloschool.be\/?s={search_term_string}\"},\"query-input\":{\"@type\":\"PropertyValueSpecification\",\"valueRequired\":true,\"valueName\":\"search_term_string\"}}],\"inLanguage\":\"fr-FR\"}]}<\/script>\n<!-- \/ Yoast SEO plugin. -->","yoast_head_json":{"title":"Stylos en m\u00e9tal - Helloschool","robots":{"index":"index","follow":"follow","max-snippet":"max-snippet:-1","max-image-preview":"max-image-preview:large","max-video-preview":"max-video-preview:-1"},"canonical":"https:\/\/helloschool.be\/product\/pennen-metaal\/","og_locale":"fr_FR","og_type":"article","og_title":"Stylos en m\u00e9tal - Helloschool","og_description":"Solides et \u00e9l\u00e9gants \u2013 ces stylos en m\u00e9tal sont parfaits pour une utilisation quotidienne dans le milieu \u00e9ducatif.  Gr\u00e2ce \u00e0 leur design fin et moderne, ils sont id\u00e9aux en classe, pendant les cours ou les sessions d\u2019\u00e9tude individuelle. Leur corps en m\u00e9tal durable offre non seulement une allure professionnelle, mais assure \u00e9galement une prise en main confortable \u2013 m\u00eame lors d\u2019une utilisation prolong\u00e9e. Que ce soit pour prendre des notes, remplir des \u00e9valuations ou corriger des copies, ces stylos sont fiables et toujours pr\u00eats \u00e0 l\u2019emploi.","og_url":"https:\/\/helloschool.be\/product\/pennen-metaal\/","og_site_name":"Helloschool","article_modified_time":"2025-10-09T09:02:53+00:00","twitter_card":"summary_large_image","schema":{"@context":"https:\/\/schema.org","@graph":[{"@type":"WebPage","@id":"https:\/\/helloschool.be\/product\/pennen-metaal\/","url":"https:\/\/helloschool.be\/product\/pennen-metaal\/","name":"Stylos en m\u00e9tal - Helloschool","isPartOf":{"@id":"https:\/\/helloschool.be\/#website"},"datePublished":"2025-10-09T08:59:39+00:00","dateModified":"2025-10-09T09:02:53+00:00","breadcrumb":{"@id":"https:\/\/helloschool.be\/product\/pennen-metaal\/#breadcrumb"},"inLanguage":"fr-FR","potentialAction":[{"@type":"ReadAction","target":["https:\/\/helloschool.be\/product\/pennen-metaal\/"]}]},{"@type":"BreadcrumbList","@id":"https:\/\/helloschool.be\/product\/pennen-metaal\/#breadcrumb","itemListElement":[{"@type":"ListItem","position":1,"name":"Home","item":"https:\/\/helloschool.be\/fr\/"},{"@type":"ListItem","position":2,"name":"Produits","item":"https:\/\/helloschool.be\/producten\/"},{"@type":"ListItem","position":3,"name":"Stylos en m\u00e9tal"}]},{"@type":"WebSite","@id":"https:\/\/helloschool.be\/#website","url":"https:\/\/helloschool.be\/","name":"Helloschool","description":"Concentrez-vous sur l\u2019enseignement, nous nous occupons du reste.","potentialAction":[{"@type":"SearchAction","target":{"@type":"EntryPoint","urlTemplate":"https:\/\/helloschool.be\/?s={search_term_string}"},"query-input":{"@type":"PropertyValueSpecification","valueRequired":true,"valueName":"search_term_string"}}],"inLanguage":"fr-FR"}]}},"_links":{"self":[{"href":"https:\/\/helloschool.be\/fr\/wp-json\/wp\/v2\/product\/20765","targetHints":{"allow":["GET"]}}],"collection":[{"href":"https:\/\/helloschool.be\/fr\/wp-json\/wp\/v2\/product"}],"about":[{"href":"https:\/\/helloschool.be\/fr\/wp-json\/wp\/v2\/types\/product"}],"version-history":[{"count":1,"href":"https:\/\/helloschool.be\/fr\/wp-json\/wp\/v2\/product\/20765\/revisions"}],"predecessor-version":[{"id":20772,"href":"https:\/\/helloschool.be\/fr\/wp-json\/wp\/v2\/product\/20765\/revisions\/20772"}],"wp:attachment":[{"href":"https:\/\/helloschool.be\/fr\/wp-json\/wp\/v2\/media?parent=20765"}],"wp:term":[{"taxonomy":"product_brand","embeddable":true,"href":"https:\/\/helloschool.be\/fr\/wp-json\/wp\/v2\/product_brand?post=20765"},{"taxonomy":"product_cat","embeddable":true,"href":"https:\/\/helloschool.be\/fr\/wp-json\/wp\/v2\/product_cat?post=20765"},{"taxonomy":"product_tag","embeddable":true,"href":"https:\/\/helloschool.be\/fr\/wp-json\/wp\/v2\/product_tag?post=20765"}],"curies":[{"name":"wp","href":"https:\/\/api.w.org\/{rel}","templated":true}]}}