{"id":20774,"date":"2025-10-09T09:23:55","date_gmt":"2025-10-09T09:23:55","guid":{"rendered":"https:\/\/helloschool.be\/product\/ballons\/"},"modified":"2025-11-20T11:36:17","modified_gmt":"2025-11-20T11:36:17","slug":"ballons","status":"publish","type":"product","link":"https:\/\/helloschool.be\/fr\/product\/ballons\/","title":{"rendered":"Ballons"},"content":{"rendered":"","protected":false},"excerpt":{"rendered":"<p><strong>Apportez de la couleur et de la bonne humeur en classe ou lors des f\u00eates scolaires avec nos ballons joyeux !<\/strong><\/p>\n<p>Qu\u2019il s\u2019agisse d\u2019un anniversaire, d\u2019une f\u00eate d\u2019\u00e9cole ou d\u2019une semaine \u00e0 th\u00e8me, nos ballons cr\u00e9ent instantan\u00e9ment une ambiance festive. Disponibles en diff\u00e9rentes couleurs et tailles, ils sont parfaits pour des d\u00e9corations cr\u00e9atives, des arches de ballons ou des activit\u00e9s ludiques. Faites participer les \u00e9l\u00e8ves et c\u00e9l\u00e9brez chaque moment avec nos ballons festifs !<\/p>\n","protected":false},"featured_media":0,"template":"","meta":{"_acf_changed":false,"brand_hub_restriction":[],"brand_hub_id":null},"product_brand":[],"product_cat":[115,121],"product_tag":[],"class_list":{"0":"post-20774","1":"product","2":"type-product","3":"status-publish","5":"product_cat-impression-fr","6":"product_cat-journee-portes-ouvertes-fr","8":"first","9":"instock","10":"taxable","11":"shipping-taxable","12":"purchasable","13":"product-type-simple"},"acf":[],"yoast_head":"<!-- This site is optimized with the Yoast SEO plugin v26.7 - https:\/\/yoast.com\/wordpress\/plugins\/seo\/ -->\n<title>Ballons - Helloschool<\/title>\n<meta name=\"robots\" content=\"index, follow, max-snippet:-1, max-image-preview:large, max-video-preview:-1\" \/>\n<link rel=\"canonical\" href=\"https:\/\/helloschool.be\/fr\/product\/ballons\/\" \/>\n<meta property=\"og:locale\" content=\"fr_FR\" \/>\n<meta property=\"og:type\" content=\"article\" \/>\n<meta property=\"og:title\" content=\"Ballons - Helloschool\" \/>\n<meta property=\"og:description\" content=\"Apportez de la couleur et de la bonne humeur en classe ou lors des f\u00eates scolaires avec nos ballons joyeux !  Qu\u2019il s\u2019agisse d\u2019un anniversaire, d\u2019une f\u00eate d\u2019\u00e9cole ou d\u2019une semaine \u00e0 th\u00e8me, nos ballons cr\u00e9ent instantan\u00e9ment une ambiance festive. Disponibles en diff\u00e9rentes couleurs et tailles, ils sont parfaits pour des d\u00e9corations cr\u00e9atives, des arches de ballons ou des activit\u00e9s ludiques. Faites participer les \u00e9l\u00e8ves et c\u00e9l\u00e9brez chaque moment avec nos ballons festifs !\" \/>\n<meta property=\"og:url\" content=\"https:\/\/helloschool.be\/fr\/product\/ballons\/\" \/>\n<meta property=\"og:site_name\" content=\"Helloschool\" \/>\n<meta property=\"article:modified_time\" content=\"2025-11-20T11:36:17+00:00\" \/>\n<meta name=\"twitter:card\" content=\"summary_large_image\" \/>\n<script type=\"application\/ld+json\" class=\"yoast-schema-graph\">{\"@context\":\"https:\/\/schema.org\",\"@graph\":[{\"@type\":\"WebPage\",\"@id\":\"https:\/\/helloschool.be\/fr\/product\/ballons\/\",\"url\":\"https:\/\/helloschool.be\/fr\/product\/ballons\/\",\"name\":\"Ballons - Helloschool\",\"isPartOf\":{\"@id\":\"https:\/\/helloschool.be\/#website\"},\"datePublished\":\"2025-10-09T09:23:55+00:00\",\"dateModified\":\"2025-11-20T11:36:17+00:00\",\"breadcrumb\":{\"@id\":\"https:\/\/helloschool.be\/fr\/product\/ballons\/#breadcrumb\"},\"inLanguage\":\"fr-FR\",\"potentialAction\":[{\"@type\":\"ReadAction\",\"target\":[\"https:\/\/helloschool.be\/fr\/product\/ballons\/\"]}]},{\"@type\":\"BreadcrumbList\",\"@id\":\"https:\/\/helloschool.be\/fr\/product\/ballons\/#breadcrumb\",\"itemListElement\":[{\"@type\":\"ListItem\",\"position\":1,\"name\":\"Home\",\"item\":\"https:\/\/helloschool.be\/fr\/\"},{\"@type\":\"ListItem\",\"position\":2,\"name\":\"Produits\",\"item\":\"https:\/\/helloschool.be\/producten\/\"},{\"@type\":\"ListItem\",\"position\":3,\"name\":\"Ballons\"}]},{\"@type\":\"WebSite\",\"@id\":\"https:\/\/helloschool.be\/#website\",\"url\":\"https:\/\/helloschool.be\/\",\"name\":\"Helloschool\",\"description\":\"Concentrez-vous sur l\u2019enseignement, nous nous occupons du reste.\",\"potentialAction\":[{\"@type\":\"SearchAction\",\"target\":{\"@type\":\"EntryPoint\",\"urlTemplate\":\"https:\/\/helloschool.be\/?s={search_term_string}\"},\"query-input\":{\"@type\":\"PropertyValueSpecification\",\"valueRequired\":true,\"valueName\":\"search_term_string\"}}],\"inLanguage\":\"fr-FR\"}]}<\/script>\n<!-- \/ Yoast SEO plugin. -->","yoast_head_json":{"title":"Ballons - Helloschool","robots":{"index":"index","follow":"follow","max-snippet":"max-snippet:-1","max-image-preview":"max-image-preview:large","max-video-preview":"max-video-preview:-1"},"canonical":"https:\/\/helloschool.be\/fr\/product\/ballons\/","og_locale":"fr_FR","og_type":"article","og_title":"Ballons - Helloschool","og_description":"Apportez de la couleur et de la bonne humeur en classe ou lors des f\u00eates scolaires avec nos ballons joyeux !  Qu\u2019il s\u2019agisse d\u2019un anniversaire, d\u2019une f\u00eate d\u2019\u00e9cole ou d\u2019une semaine \u00e0 th\u00e8me, nos ballons cr\u00e9ent instantan\u00e9ment une ambiance festive. Disponibles en diff\u00e9rentes couleurs et tailles, ils sont parfaits pour des d\u00e9corations cr\u00e9atives, des arches de ballons ou des activit\u00e9s ludiques. Faites participer les \u00e9l\u00e8ves et c\u00e9l\u00e9brez chaque moment avec nos ballons festifs !","og_url":"https:\/\/helloschool.be\/fr\/product\/ballons\/","og_site_name":"Helloschool","article_modified_time":"2025-11-20T11:36:17+00:00","twitter_card":"summary_large_image","schema":{"@context":"https:\/\/schema.org","@graph":[{"@type":"WebPage","@id":"https:\/\/helloschool.be\/fr\/product\/ballons\/","url":"https:\/\/helloschool.be\/fr\/product\/ballons\/","name":"Ballons - Helloschool","isPartOf":{"@id":"https:\/\/helloschool.be\/#website"},"datePublished":"2025-10-09T09:23:55+00:00","dateModified":"2025-11-20T11:36:17+00:00","breadcrumb":{"@id":"https:\/\/helloschool.be\/fr\/product\/ballons\/#breadcrumb"},"inLanguage":"fr-FR","potentialAction":[{"@type":"ReadAction","target":["https:\/\/helloschool.be\/fr\/product\/ballons\/"]}]},{"@type":"BreadcrumbList","@id":"https:\/\/helloschool.be\/fr\/product\/ballons\/#breadcrumb","itemListElement":[{"@type":"ListItem","position":1,"name":"Home","item":"https:\/\/helloschool.be\/fr\/"},{"@type":"ListItem","position":2,"name":"Produits","item":"https:\/\/helloschool.be\/producten\/"},{"@type":"ListItem","position":3,"name":"Ballons"}]},{"@type":"WebSite","@id":"https:\/\/helloschool.be\/#website","url":"https:\/\/helloschool.be\/","name":"Helloschool","description":"Concentrez-vous sur l\u2019enseignement, nous nous occupons du reste.","potentialAction":[{"@type":"SearchAction","target":{"@type":"EntryPoint","urlTemplate":"https:\/\/helloschool.be\/?s={search_term_string}"},"query-input":{"@type":"PropertyValueSpecification","valueRequired":true,"valueName":"search_term_string"}}],"inLanguage":"fr-FR"}]}},"_links":{"self":[{"href":"https:\/\/helloschool.be\/fr\/wp-json\/wp\/v2\/product\/20774","targetHints":{"allow":["GET"]}}],"collection":[{"href":"https:\/\/helloschool.be\/fr\/wp-json\/wp\/v2\/product"}],"about":[{"href":"https:\/\/helloschool.be\/fr\/wp-json\/wp\/v2\/types\/product"}],"version-history":[{"count":2,"href":"https:\/\/helloschool.be\/fr\/wp-json\/wp\/v2\/product\/20774\/revisions"}],"predecessor-version":[{"id":20821,"href":"https:\/\/helloschool.be\/fr\/wp-json\/wp\/v2\/product\/20774\/revisions\/20821"}],"wp:attachment":[{"href":"https:\/\/helloschool.be\/fr\/wp-json\/wp\/v2\/media?parent=20774"}],"wp:term":[{"taxonomy":"product_brand","embeddable":true,"href":"https:\/\/helloschool.be\/fr\/wp-json\/wp\/v2\/product_brand?post=20774"},{"taxonomy":"product_cat","embeddable":true,"href":"https:\/\/helloschool.be\/fr\/wp-json\/wp\/v2\/product_cat?post=20774"},{"taxonomy":"product_tag","embeddable":true,"href":"https:\/\/helloschool.be\/fr\/wp-json\/wp\/v2\/product_tag?post=20774"}],"curies":[{"name":"wp","href":"https:\/\/api.w.org\/{rel}","templated":true}]}}