{"id":20776,"date":"2025-10-09T09:24:40","date_gmt":"2025-10-09T09:24:40","guid":{"rendered":"https:\/\/helloschool.be\/product\/sacs-en-papier-a-poignees-torsadees\/"},"modified":"2025-10-09T09:26:26","modified_gmt":"2025-10-09T09:26:26","slug":"sacs-en-papier-a-poignees-torsadees","status":"publish","type":"product","link":"https:\/\/helloschool.be\/fr\/product\/sacs-en-papier-a-poignees-torsadees\/","title":{"rendered":"Sacs en papier \u00e0 poign\u00e9es torsad\u00e9es"},"content":{"rendered":"","protected":false},"excerpt":{"rendered":"<p><strong>Optez pour une solution \u00e0 la fois durable et \u00e9l\u00e9gante avec nos sacs en papier \u00e0 poign\u00e9es torsad\u00e9es \u2013 parfaits pour les \u00e9coles et les \u00e9tablissements \u00e9ducatifs !<\/strong><\/p>\n<p>Ces sacs \u00e9cologiques sont id\u00e9aux pour les journ\u00e9es portes ouvertes, les projets scolaires, les f\u00eates ou comme sacs cadeaux lors d\u2019\u00e9v\u00e9nements. Personnalisez-les avec le logo de l\u2019\u00e9cole ou un design cr\u00e9atif, et offrez un souvenir qui marque les esprits. Un choix \u00e9coresponsable qui refl\u00e8te une image consciente et professionnelle.<\/p>\n","protected":false},"featured_media":0,"template":"","meta":{"_acf_changed":false,"brand_hub_restriction":[],"brand_hub_id":null},"product_brand":[],"product_cat":[115],"product_tag":[],"class_list":{"0":"post-20776","1":"product","2":"type-product","3":"status-publish","5":"product_cat-impression-fr","7":"first","8":"instock","9":"taxable","10":"shipping-taxable","11":"purchasable","12":"product-type-simple"},"acf":[],"yoast_head":"<!-- This site is optimized with the Yoast SEO plugin v26.7 - https:\/\/yoast.com\/wordpress\/plugins\/seo\/ -->\n<title>Sacs en papier \u00e0 poign\u00e9es torsad\u00e9es - Helloschool<\/title>\n<meta name=\"robots\" content=\"index, follow, max-snippet:-1, max-image-preview:large, max-video-preview:-1\" \/>\n<link rel=\"canonical\" href=\"https:\/\/helloschool.be\/product\/papieren-tassen-met-gedraaid-koord\/\" \/>\n<meta property=\"og:locale\" content=\"fr_FR\" \/>\n<meta property=\"og:type\" content=\"article\" \/>\n<meta property=\"og:title\" content=\"Sacs en papier \u00e0 poign\u00e9es torsad\u00e9es - Helloschool\" \/>\n<meta property=\"og:description\" content=\"Optez pour une solution \u00e0 la fois durable et \u00e9l\u00e9gante avec nos sacs en papier \u00e0 poign\u00e9es torsad\u00e9es \u2013 parfaits pour les \u00e9coles et les \u00e9tablissements \u00e9ducatifs !  Ces sacs \u00e9cologiques sont id\u00e9aux pour les journ\u00e9es portes ouvertes, les projets scolaires, les f\u00eates ou comme sacs cadeaux lors d\u2019\u00e9v\u00e9nements. Personnalisez-les avec le logo de l\u2019\u00e9cole ou un design cr\u00e9atif, et offrez un souvenir qui marque les esprits. Un choix \u00e9coresponsable qui refl\u00e8te une image consciente et professionnelle.\" \/>\n<meta property=\"og:url\" content=\"https:\/\/helloschool.be\/product\/papieren-tassen-met-gedraaid-koord\/\" \/>\n<meta property=\"og:site_name\" content=\"Helloschool\" \/>\n<meta property=\"article:modified_time\" content=\"2025-10-09T09:26:26+00:00\" \/>\n<meta name=\"twitter:card\" content=\"summary_large_image\" \/>\n<script type=\"application\/ld+json\" class=\"yoast-schema-graph\">{\"@context\":\"https:\/\/schema.org\",\"@graph\":[{\"@type\":\"WebPage\",\"@id\":\"https:\/\/helloschool.be\/product\/papieren-tassen-met-gedraaid-koord\/\",\"url\":\"https:\/\/helloschool.be\/product\/papieren-tassen-met-gedraaid-koord\/\",\"name\":\"Sacs en papier \u00e0 poign\u00e9es torsad\u00e9es - Helloschool\",\"isPartOf\":{\"@id\":\"https:\/\/helloschool.be\/#website\"},\"datePublished\":\"2025-10-09T09:24:40+00:00\",\"dateModified\":\"2025-10-09T09:26:26+00:00\",\"breadcrumb\":{\"@id\":\"https:\/\/helloschool.be\/product\/papieren-tassen-met-gedraaid-koord\/#breadcrumb\"},\"inLanguage\":\"fr-FR\",\"potentialAction\":[{\"@type\":\"ReadAction\",\"target\":[\"https:\/\/helloschool.be\/product\/papieren-tassen-met-gedraaid-koord\/\"]}]},{\"@type\":\"BreadcrumbList\",\"@id\":\"https:\/\/helloschool.be\/product\/papieren-tassen-met-gedraaid-koord\/#breadcrumb\",\"itemListElement\":[{\"@type\":\"ListItem\",\"position\":1,\"name\":\"Home\",\"item\":\"https:\/\/helloschool.be\/fr\/\"},{\"@type\":\"ListItem\",\"position\":2,\"name\":\"Produits\",\"item\":\"https:\/\/helloschool.be\/producten\/\"},{\"@type\":\"ListItem\",\"position\":3,\"name\":\"Sacs en papier \u00e0 poign\u00e9es torsad\u00e9es\"}]},{\"@type\":\"WebSite\",\"@id\":\"https:\/\/helloschool.be\/#website\",\"url\":\"https:\/\/helloschool.be\/\",\"name\":\"Helloschool\",\"description\":\"Concentrez-vous sur l\u2019enseignement, nous nous occupons du reste.\",\"potentialAction\":[{\"@type\":\"SearchAction\",\"target\":{\"@type\":\"EntryPoint\",\"urlTemplate\":\"https:\/\/helloschool.be\/?s={search_term_string}\"},\"query-input\":{\"@type\":\"PropertyValueSpecification\",\"valueRequired\":true,\"valueName\":\"search_term_string\"}}],\"inLanguage\":\"fr-FR\"}]}<\/script>\n<!-- \/ Yoast SEO plugin. -->","yoast_head_json":{"title":"Sacs en papier \u00e0 poign\u00e9es torsad\u00e9es - Helloschool","robots":{"index":"index","follow":"follow","max-snippet":"max-snippet:-1","max-image-preview":"max-image-preview:large","max-video-preview":"max-video-preview:-1"},"canonical":"https:\/\/helloschool.be\/product\/papieren-tassen-met-gedraaid-koord\/","og_locale":"fr_FR","og_type":"article","og_title":"Sacs en papier \u00e0 poign\u00e9es torsad\u00e9es - Helloschool","og_description":"Optez pour une solution \u00e0 la fois durable et \u00e9l\u00e9gante avec nos sacs en papier \u00e0 poign\u00e9es torsad\u00e9es \u2013 parfaits pour les \u00e9coles et les \u00e9tablissements \u00e9ducatifs !  Ces sacs \u00e9cologiques sont id\u00e9aux pour les journ\u00e9es portes ouvertes, les projets scolaires, les f\u00eates ou comme sacs cadeaux lors d\u2019\u00e9v\u00e9nements. Personnalisez-les avec le logo de l\u2019\u00e9cole ou un design cr\u00e9atif, et offrez un souvenir qui marque les esprits. Un choix \u00e9coresponsable qui refl\u00e8te une image consciente et professionnelle.","og_url":"https:\/\/helloschool.be\/product\/papieren-tassen-met-gedraaid-koord\/","og_site_name":"Helloschool","article_modified_time":"2025-10-09T09:26:26+00:00","twitter_card":"summary_large_image","schema":{"@context":"https:\/\/schema.org","@graph":[{"@type":"WebPage","@id":"https:\/\/helloschool.be\/product\/papieren-tassen-met-gedraaid-koord\/","url":"https:\/\/helloschool.be\/product\/papieren-tassen-met-gedraaid-koord\/","name":"Sacs en papier \u00e0 poign\u00e9es torsad\u00e9es - Helloschool","isPartOf":{"@id":"https:\/\/helloschool.be\/#website"},"datePublished":"2025-10-09T09:24:40+00:00","dateModified":"2025-10-09T09:26:26+00:00","breadcrumb":{"@id":"https:\/\/helloschool.be\/product\/papieren-tassen-met-gedraaid-koord\/#breadcrumb"},"inLanguage":"fr-FR","potentialAction":[{"@type":"ReadAction","target":["https:\/\/helloschool.be\/product\/papieren-tassen-met-gedraaid-koord\/"]}]},{"@type":"BreadcrumbList","@id":"https:\/\/helloschool.be\/product\/papieren-tassen-met-gedraaid-koord\/#breadcrumb","itemListElement":[{"@type":"ListItem","position":1,"name":"Home","item":"https:\/\/helloschool.be\/fr\/"},{"@type":"ListItem","position":2,"name":"Produits","item":"https:\/\/helloschool.be\/producten\/"},{"@type":"ListItem","position":3,"name":"Sacs en papier \u00e0 poign\u00e9es torsad\u00e9es"}]},{"@type":"WebSite","@id":"https:\/\/helloschool.be\/#website","url":"https:\/\/helloschool.be\/","name":"Helloschool","description":"Concentrez-vous sur l\u2019enseignement, nous nous occupons du reste.","potentialAction":[{"@type":"SearchAction","target":{"@type":"EntryPoint","urlTemplate":"https:\/\/helloschool.be\/?s={search_term_string}"},"query-input":{"@type":"PropertyValueSpecification","valueRequired":true,"valueName":"search_term_string"}}],"inLanguage":"fr-FR"}]}},"_links":{"self":[{"href":"https:\/\/helloschool.be\/fr\/wp-json\/wp\/v2\/product\/20776","targetHints":{"allow":["GET"]}}],"collection":[{"href":"https:\/\/helloschool.be\/fr\/wp-json\/wp\/v2\/product"}],"about":[{"href":"https:\/\/helloschool.be\/fr\/wp-json\/wp\/v2\/types\/product"}],"version-history":[{"count":1,"href":"https:\/\/helloschool.be\/fr\/wp-json\/wp\/v2\/product\/20776\/revisions"}],"predecessor-version":[{"id":20782,"href":"https:\/\/helloschool.be\/fr\/wp-json\/wp\/v2\/product\/20776\/revisions\/20782"}],"wp:attachment":[{"href":"https:\/\/helloschool.be\/fr\/wp-json\/wp\/v2\/media?parent=20776"}],"wp:term":[{"taxonomy":"product_brand","embeddable":true,"href":"https:\/\/helloschool.be\/fr\/wp-json\/wp\/v2\/product_brand?post=20776"},{"taxonomy":"product_cat","embeddable":true,"href":"https:\/\/helloschool.be\/fr\/wp-json\/wp\/v2\/product_cat?post=20776"},{"taxonomy":"product_tag","embeddable":true,"href":"https:\/\/helloschool.be\/fr\/wp-json\/wp\/v2\/product_tag?post=20776"}],"curies":[{"name":"wp","href":"https:\/\/api.w.org\/{rel}","templated":true}]}}