{"id":20778,"date":"2025-10-09T09:25:12","date_gmt":"2025-10-09T09:25:12","guid":{"rendered":"https:\/\/helloschool.be\/product\/tampons-personnalises\/"},"modified":"2025-11-13T10:57:13","modified_gmt":"2025-11-13T10:57:13","slug":"tampons-personnalises","status":"publish","type":"product","link":"https:\/\/helloschool.be\/fr\/product\/tampons-personnalises\/","title":{"rendered":"Tampons personnalis\u00e9s"},"content":{"rendered":"","protected":false},"excerpt":{"rendered":"<p><strong>Ajoutez une touche professionnelle et cr\u00e9ative \u00e0 vos documents scolaires avec nos tampons \u00e9l\u00e9gants Trodat Printy.<\/strong><\/p>\n<p>Parfaits pour tamponner des certificats, bulletins, cahiers ou messages de motivation. Gr\u00e2ce \u00e0 une vari\u00e9t\u00e9 de mod\u00e8les et de formats, vous pouvez facilement apposer une signature, un logo ou un message personnalis\u00e9. Que ce soit pour r\u00e9compenser les \u00e9l\u00e8ves ou marquer des documents officiels, avec Trodat, chaque impression laisse une trace m\u00e9morable.<\/p>\n","protected":false},"featured_media":0,"template":"","meta":{"_acf_changed":false,"brand_hub_restriction":[],"brand_hub_id":null},"product_brand":[],"product_cat":[115],"product_tag":[],"class_list":{"0":"post-20778","1":"product","2":"type-product","3":"status-publish","5":"product_cat-impression-fr","7":"first","8":"instock","9":"taxable","10":"shipping-taxable","11":"purchasable","12":"product-type-variable"},"acf":[],"yoast_head":"<!-- This site is optimized with the Yoast SEO plugin v26.7 - https:\/\/yoast.com\/wordpress\/plugins\/seo\/ -->\n<title>Tampons personnalis\u00e9s - Helloschool<\/title>\n<meta name=\"robots\" content=\"index, follow, max-snippet:-1, max-image-preview:large, max-video-preview:-1\" \/>\n<link rel=\"canonical\" href=\"https:\/\/helloschool.be\/product\/stempels\/\" \/>\n<meta property=\"og:locale\" content=\"fr_FR\" \/>\n<meta property=\"og:type\" content=\"article\" \/>\n<meta property=\"og:title\" content=\"Tampons personnalis\u00e9s - Helloschool\" \/>\n<meta property=\"og:description\" content=\"Ajoutez une touche professionnelle et cr\u00e9ative \u00e0 vos documents scolaires avec nos tampons \u00e9l\u00e9gants Trodat Printy.  Parfaits pour tamponner des certificats, bulletins, cahiers ou messages de motivation. Gr\u00e2ce \u00e0 une vari\u00e9t\u00e9 de mod\u00e8les et de formats, vous pouvez facilement apposer une signature, un logo ou un message personnalis\u00e9. Que ce soit pour r\u00e9compenser les \u00e9l\u00e8ves ou marquer des documents officiels, avec Trodat, chaque impression laisse une trace m\u00e9morable.\" \/>\n<meta property=\"og:url\" content=\"https:\/\/helloschool.be\/product\/stempels\/\" \/>\n<meta property=\"og:site_name\" content=\"Helloschool\" \/>\n<meta property=\"article:modified_time\" content=\"2025-11-13T10:57:13+00:00\" \/>\n<meta name=\"twitter:card\" content=\"summary_large_image\" \/>\n<script type=\"application\/ld+json\" class=\"yoast-schema-graph\">{\"@context\":\"https:\/\/schema.org\",\"@graph\":[{\"@type\":\"WebPage\",\"@id\":\"https:\/\/helloschool.be\/product\/stempels\/\",\"url\":\"https:\/\/helloschool.be\/product\/stempels\/\",\"name\":\"Tampons personnalis\u00e9s - Helloschool\",\"isPartOf\":{\"@id\":\"https:\/\/helloschool.be\/#website\"},\"datePublished\":\"2025-10-09T09:25:12+00:00\",\"dateModified\":\"2025-11-13T10:57:13+00:00\",\"breadcrumb\":{\"@id\":\"https:\/\/helloschool.be\/product\/stempels\/#breadcrumb\"},\"inLanguage\":\"fr-FR\",\"potentialAction\":[{\"@type\":\"ReadAction\",\"target\":[\"https:\/\/helloschool.be\/product\/stempels\/\"]}]},{\"@type\":\"BreadcrumbList\",\"@id\":\"https:\/\/helloschool.be\/product\/stempels\/#breadcrumb\",\"itemListElement\":[{\"@type\":\"ListItem\",\"position\":1,\"name\":\"Home\",\"item\":\"https:\/\/helloschool.be\/fr\/\"},{\"@type\":\"ListItem\",\"position\":2,\"name\":\"Produits\",\"item\":\"https:\/\/helloschool.be\/producten\/\"},{\"@type\":\"ListItem\",\"position\":3,\"name\":\"Tampons personnalis\u00e9s\"}]},{\"@type\":\"WebSite\",\"@id\":\"https:\/\/helloschool.be\/#website\",\"url\":\"https:\/\/helloschool.be\/\",\"name\":\"Helloschool\",\"description\":\"Concentrez-vous sur l\u2019enseignement, nous nous occupons du reste.\",\"potentialAction\":[{\"@type\":\"SearchAction\",\"target\":{\"@type\":\"EntryPoint\",\"urlTemplate\":\"https:\/\/helloschool.be\/?s={search_term_string}\"},\"query-input\":{\"@type\":\"PropertyValueSpecification\",\"valueRequired\":true,\"valueName\":\"search_term_string\"}}],\"inLanguage\":\"fr-FR\"}]}<\/script>\n<!-- \/ Yoast SEO plugin. -->","yoast_head_json":{"title":"Tampons personnalis\u00e9s - Helloschool","robots":{"index":"index","follow":"follow","max-snippet":"max-snippet:-1","max-image-preview":"max-image-preview:large","max-video-preview":"max-video-preview:-1"},"canonical":"https:\/\/helloschool.be\/product\/stempels\/","og_locale":"fr_FR","og_type":"article","og_title":"Tampons personnalis\u00e9s - Helloschool","og_description":"Ajoutez une touche professionnelle et cr\u00e9ative \u00e0 vos documents scolaires avec nos tampons \u00e9l\u00e9gants Trodat Printy.  Parfaits pour tamponner des certificats, bulletins, cahiers ou messages de motivation. Gr\u00e2ce \u00e0 une vari\u00e9t\u00e9 de mod\u00e8les et de formats, vous pouvez facilement apposer une signature, un logo ou un message personnalis\u00e9. Que ce soit pour r\u00e9compenser les \u00e9l\u00e8ves ou marquer des documents officiels, avec Trodat, chaque impression laisse une trace m\u00e9morable.","og_url":"https:\/\/helloschool.be\/product\/stempels\/","og_site_name":"Helloschool","article_modified_time":"2025-11-13T10:57:13+00:00","twitter_card":"summary_large_image","schema":{"@context":"https:\/\/schema.org","@graph":[{"@type":"WebPage","@id":"https:\/\/helloschool.be\/product\/stempels\/","url":"https:\/\/helloschool.be\/product\/stempels\/","name":"Tampons personnalis\u00e9s - Helloschool","isPartOf":{"@id":"https:\/\/helloschool.be\/#website"},"datePublished":"2025-10-09T09:25:12+00:00","dateModified":"2025-11-13T10:57:13+00:00","breadcrumb":{"@id":"https:\/\/helloschool.be\/product\/stempels\/#breadcrumb"},"inLanguage":"fr-FR","potentialAction":[{"@type":"ReadAction","target":["https:\/\/helloschool.be\/product\/stempels\/"]}]},{"@type":"BreadcrumbList","@id":"https:\/\/helloschool.be\/product\/stempels\/#breadcrumb","itemListElement":[{"@type":"ListItem","position":1,"name":"Home","item":"https:\/\/helloschool.be\/fr\/"},{"@type":"ListItem","position":2,"name":"Produits","item":"https:\/\/helloschool.be\/producten\/"},{"@type":"ListItem","position":3,"name":"Tampons personnalis\u00e9s"}]},{"@type":"WebSite","@id":"https:\/\/helloschool.be\/#website","url":"https:\/\/helloschool.be\/","name":"Helloschool","description":"Concentrez-vous sur l\u2019enseignement, nous nous occupons du reste.","potentialAction":[{"@type":"SearchAction","target":{"@type":"EntryPoint","urlTemplate":"https:\/\/helloschool.be\/?s={search_term_string}"},"query-input":{"@type":"PropertyValueSpecification","valueRequired":true,"valueName":"search_term_string"}}],"inLanguage":"fr-FR"}]}},"_links":{"self":[{"href":"https:\/\/helloschool.be\/fr\/wp-json\/wp\/v2\/product\/20778","targetHints":{"allow":["GET"]}}],"collection":[{"href":"https:\/\/helloschool.be\/fr\/wp-json\/wp\/v2\/product"}],"about":[{"href":"https:\/\/helloschool.be\/fr\/wp-json\/wp\/v2\/types\/product"}],"version-history":[{"count":1,"href":"https:\/\/helloschool.be\/fr\/wp-json\/wp\/v2\/product\/20778\/revisions"}],"predecessor-version":[{"id":20783,"href":"https:\/\/helloschool.be\/fr\/wp-json\/wp\/v2\/product\/20778\/revisions\/20783"}],"wp:attachment":[{"href":"https:\/\/helloschool.be\/fr\/wp-json\/wp\/v2\/media?parent=20778"}],"wp:term":[{"taxonomy":"product_brand","embeddable":true,"href":"https:\/\/helloschool.be\/fr\/wp-json\/wp\/v2\/product_brand?post=20778"},{"taxonomy":"product_cat","embeddable":true,"href":"https:\/\/helloschool.be\/fr\/wp-json\/wp\/v2\/product_cat?post=20778"},{"taxonomy":"product_tag","embeddable":true,"href":"https:\/\/helloschool.be\/fr\/wp-json\/wp\/v2\/product_tag?post=20778"}],"curies":[{"name":"wp","href":"https:\/\/api.w.org\/{rel}","templated":true}]}}