{"id":20832,"date":"2025-11-25T13:37:54","date_gmt":"2025-11-25T13:37:54","guid":{"rendered":"https:\/\/helloschool.be\/product\/toque-de-graduation\/"},"modified":"2025-12-04T11:12:16","modified_gmt":"2025-12-04T11:12:16","slug":"toque-de-graduation","status":"publish","type":"product","link":"https:\/\/helloschool.be\/fr\/product\/toque-de-graduation\/","title":{"rendered":"Toque de graduation"},"content":{"rendered":"","protected":false},"excerpt":{"rendered":"<p data-start=\"142\" data-end=\"393\">En tant qu\u2019\u00e9tablissement scolaire, il est essentiel de disposer de toques de graduation pour c\u00e9l\u00e9brer la r\u00e9ussite de vos \u00e9l\u00e8ves avec style. Une proclamation ou une remise de dipl\u00f4me est un moment important qui m\u00e9rite d\u2019\u00eatre mis en valeur. <\/p>\n<p data-start=\"395\" data-end=\"595\">Nous personnalisons ces toques avec le nom de votre \u00e9cole sur la partie avant, afin d\u2019offrir aux \u00e9l\u00e8ves un souvenir durable dont ils pourront \u00eatre fiers.<\/p>\n<p data-start=\"597\" data-end=\"717\">Chaque toque est \u00e9quip\u00e9e du traditionnel pompon, ce qui lui donne une touche festive parfaitement appropri\u00e9e pour l\u2019occasion.<\/p>\n","protected":false},"featured_media":20840,"template":"","meta":{"_acf_changed":false,"brand_hub_restriction":[],"brand_hub_id":null},"product_brand":[],"product_cat":[124,115,118],"product_tag":[134,109],"class_list":{"0":"post-20832","1":"product","2":"type-product","3":"status-publish","4":"has-post-thumbnail","6":"product_cat-a-lecole","7":"product_cat-impression-fr","8":"product_cat-textile-fr","9":"product_tag-demande-devis","10":"product_tag-produit-du-moment","12":"first","13":"instock","14":"taxable","15":"shipping-taxable","16":"purchasable","17":"product-type-variable"},"acf":[],"yoast_head":"<!-- This site is optimized with the Yoast SEO plugin v27.6 - https:\/\/yoast.com\/product\/yoast-seo-wordpress\/ -->\n<title>Toque de graduation - Helloschool<\/title>\n<meta name=\"robots\" content=\"index, follow, max-snippet:-1, max-image-preview:large, max-video-preview:-1\" \/>\n<link rel=\"canonical\" href=\"https:\/\/helloschool.be\/fr\/product\/toque-de-graduation\/\" \/>\n<meta property=\"og:locale\" content=\"fr_FR\" \/>\n<meta property=\"og:type\" content=\"article\" \/>\n<meta property=\"og:title\" content=\"Toque de graduation - Helloschool\" \/>\n<meta property=\"og:description\" content=\"En tant qu\u2019\u00e9tablissement scolaire, il est essentiel de disposer de toques de graduation pour c\u00e9l\u00e9brer la r\u00e9ussite de vos \u00e9l\u00e8ves avec style. Une proclamation ou une remise de dipl\u00f4me est un moment important qui m\u00e9rite d\u2019\u00eatre mis en valeur. Nous personnalisons ces toques avec le nom de votre \u00e9cole sur la partie avant, afin d\u2019offrir aux \u00e9l\u00e8ves un souvenir durable dont ils pourront \u00eatre fiers. Chaque toque est \u00e9quip\u00e9e du traditionnel pompon, ce qui lui donne une touche festive parfaitement appropri\u00e9e pour l\u2019occasion.\" \/>\n<meta property=\"og:url\" content=\"https:\/\/helloschool.be\/fr\/product\/toque-de-graduation\/\" \/>\n<meta property=\"og:site_name\" content=\"Helloschool\" \/>\n<meta property=\"article:modified_time\" content=\"2025-12-04T11:12:16+00:00\" \/>\n<meta property=\"og:image\" content=\"https:\/\/helloschool.be\/wp-content\/uploads\/sites\/2\/2025\/11\/afstudeerhoed.jpg\" \/>\n\t<meta property=\"og:image:width\" content=\"1000\" \/>\n\t<meta property=\"og:image:height\" content=\"1000\" \/>\n\t<meta property=\"og:image:type\" content=\"image\/jpeg\" \/>\n<meta name=\"twitter:card\" content=\"summary_large_image\" \/>\n<meta name=\"twitter:label1\" content=\"Dur\u00e9e de lecture estim\u00e9e\" \/>\n\t<meta name=\"twitter:data1\" content=\"1 minute\" \/>\n<script type=\"application\/ld+json\" class=\"yoast-schema-graph\">{\"@context\":\"https:\\\/\\\/schema.org\",\"@graph\":[{\"@type\":\"WebPage\",\"@id\":\"https:\\\/\\\/helloschool.be\\\/fr\\\/product\\\/toque-de-graduation\\\/\",\"url\":\"https:\\\/\\\/helloschool.be\\\/fr\\\/product\\\/toque-de-graduation\\\/\",\"name\":\"Toque de graduation - Helloschool\",\"isPartOf\":{\"@id\":\"https:\\\/\\\/helloschool.be\\\/#website\"},\"primaryImageOfPage\":{\"@id\":\"https:\\\/\\\/helloschool.be\\\/fr\\\/product\\\/toque-de-graduation\\\/#primaryimage\"},\"image\":{\"@id\":\"https:\\\/\\\/helloschool.be\\\/fr\\\/product\\\/toque-de-graduation\\\/#primaryimage\"},\"thumbnailUrl\":\"https:\\\/\\\/helloschool.be\\\/wp-content\\\/uploads\\\/sites\\\/2\\\/2025\\\/11\\\/afstudeerhoed.jpg\",\"datePublished\":\"2025-11-25T13:37:54+00:00\",\"dateModified\":\"2025-12-04T11:12:16+00:00\",\"breadcrumb\":{\"@id\":\"https:\\\/\\\/helloschool.be\\\/fr\\\/product\\\/toque-de-graduation\\\/#breadcrumb\"},\"inLanguage\":\"fr-FR\",\"potentialAction\":[{\"@type\":\"ReadAction\",\"target\":[\"https:\\\/\\\/helloschool.be\\\/fr\\\/product\\\/toque-de-graduation\\\/\"]}]},{\"@type\":\"ImageObject\",\"inLanguage\":\"fr-FR\",\"@id\":\"https:\\\/\\\/helloschool.be\\\/fr\\\/product\\\/toque-de-graduation\\\/#primaryimage\",\"url\":\"https:\\\/\\\/helloschool.be\\\/wp-content\\\/uploads\\\/sites\\\/2\\\/2025\\\/11\\\/afstudeerhoed.jpg\",\"contentUrl\":\"https:\\\/\\\/helloschool.be\\\/wp-content\\\/uploads\\\/sites\\\/2\\\/2025\\\/11\\\/afstudeerhoed.jpg\",\"width\":1000,\"height\":1000},{\"@type\":\"BreadcrumbList\",\"@id\":\"https:\\\/\\\/helloschool.be\\\/fr\\\/product\\\/toque-de-graduation\\\/#breadcrumb\",\"itemListElement\":[{\"@type\":\"ListItem\",\"position\":1,\"name\":\"Home\",\"item\":\"https:\\\/\\\/helloschool.be\\\/fr\\\/\"},{\"@type\":\"ListItem\",\"position\":2,\"name\":\"Produits\",\"item\":\"https:\\\/\\\/helloschool.be\\\/producten\\\/\"},{\"@type\":\"ListItem\",\"position\":3,\"name\":\"Toque de graduation\"}]},{\"@type\":\"WebSite\",\"@id\":\"https:\\\/\\\/helloschool.be\\\/#website\",\"url\":\"https:\\\/\\\/helloschool.be\\\/\",\"name\":\"Helloschool\",\"description\":\"Concentrez-vous sur l\u2019enseignement, nous nous occupons du reste.\",\"potentialAction\":[{\"@type\":\"SearchAction\",\"target\":{\"@type\":\"EntryPoint\",\"urlTemplate\":\"https:\\\/\\\/helloschool.be\\\/?s={search_term_string}\"},\"query-input\":{\"@type\":\"PropertyValueSpecification\",\"valueRequired\":true,\"valueName\":\"search_term_string\"}}],\"inLanguage\":\"fr-FR\"}]}<\/script>\n<!-- \/ Yoast SEO plugin. -->","yoast_head_json":{"title":"Toque de graduation - Helloschool","robots":{"index":"index","follow":"follow","max-snippet":"max-snippet:-1","max-image-preview":"max-image-preview:large","max-video-preview":"max-video-preview:-1"},"canonical":"https:\/\/helloschool.be\/fr\/product\/toque-de-graduation\/","og_locale":"fr_FR","og_type":"article","og_title":"Toque de graduation - Helloschool","og_description":"En tant qu\u2019\u00e9tablissement scolaire, il est essentiel de disposer de toques de graduation pour c\u00e9l\u00e9brer la r\u00e9ussite de vos \u00e9l\u00e8ves avec style. Une proclamation ou une remise de dipl\u00f4me est un moment important qui m\u00e9rite d\u2019\u00eatre mis en valeur. Nous personnalisons ces toques avec le nom de votre \u00e9cole sur la partie avant, afin d\u2019offrir aux \u00e9l\u00e8ves un souvenir durable dont ils pourront \u00eatre fiers. Chaque toque est \u00e9quip\u00e9e du traditionnel pompon, ce qui lui donne une touche festive parfaitement appropri\u00e9e pour l\u2019occasion.","og_url":"https:\/\/helloschool.be\/fr\/product\/toque-de-graduation\/","og_site_name":"Helloschool","article_modified_time":"2025-12-04T11:12:16+00:00","og_image":[{"width":1000,"height":1000,"url":"https:\/\/helloschool.be\/wp-content\/uploads\/sites\/2\/2025\/11\/afstudeerhoed.jpg","type":"image\/jpeg"}],"twitter_card":"summary_large_image","twitter_misc":{"Dur\u00e9e de lecture estim\u00e9e":"1 minute"},"schema":{"@context":"https:\/\/schema.org","@graph":[{"@type":"WebPage","@id":"https:\/\/helloschool.be\/fr\/product\/toque-de-graduation\/","url":"https:\/\/helloschool.be\/fr\/product\/toque-de-graduation\/","name":"Toque de graduation - Helloschool","isPartOf":{"@id":"https:\/\/helloschool.be\/#website"},"primaryImageOfPage":{"@id":"https:\/\/helloschool.be\/fr\/product\/toque-de-graduation\/#primaryimage"},"image":{"@id":"https:\/\/helloschool.be\/fr\/product\/toque-de-graduation\/#primaryimage"},"thumbnailUrl":"https:\/\/helloschool.be\/wp-content\/uploads\/sites\/2\/2025\/11\/afstudeerhoed.jpg","datePublished":"2025-11-25T13:37:54+00:00","dateModified":"2025-12-04T11:12:16+00:00","breadcrumb":{"@id":"https:\/\/helloschool.be\/fr\/product\/toque-de-graduation\/#breadcrumb"},"inLanguage":"fr-FR","potentialAction":[{"@type":"ReadAction","target":["https:\/\/helloschool.be\/fr\/product\/toque-de-graduation\/"]}]},{"@type":"ImageObject","inLanguage":"fr-FR","@id":"https:\/\/helloschool.be\/fr\/product\/toque-de-graduation\/#primaryimage","url":"https:\/\/helloschool.be\/wp-content\/uploads\/sites\/2\/2025\/11\/afstudeerhoed.jpg","contentUrl":"https:\/\/helloschool.be\/wp-content\/uploads\/sites\/2\/2025\/11\/afstudeerhoed.jpg","width":1000,"height":1000},{"@type":"BreadcrumbList","@id":"https:\/\/helloschool.be\/fr\/product\/toque-de-graduation\/#breadcrumb","itemListElement":[{"@type":"ListItem","position":1,"name":"Home","item":"https:\/\/helloschool.be\/fr\/"},{"@type":"ListItem","position":2,"name":"Produits","item":"https:\/\/helloschool.be\/producten\/"},{"@type":"ListItem","position":3,"name":"Toque de graduation"}]},{"@type":"WebSite","@id":"https:\/\/helloschool.be\/#website","url":"https:\/\/helloschool.be\/","name":"Helloschool","description":"Concentrez-vous sur l\u2019enseignement, nous nous occupons du reste.","potentialAction":[{"@type":"SearchAction","target":{"@type":"EntryPoint","urlTemplate":"https:\/\/helloschool.be\/?s={search_term_string}"},"query-input":{"@type":"PropertyValueSpecification","valueRequired":true,"valueName":"search_term_string"}}],"inLanguage":"fr-FR"}]}},"_links":{"self":[{"href":"https:\/\/helloschool.be\/fr\/wp-json\/wp\/v2\/product\/20832","targetHints":{"allow":["GET"]}}],"collection":[{"href":"https:\/\/helloschool.be\/fr\/wp-json\/wp\/v2\/product"}],"about":[{"href":"https:\/\/helloschool.be\/fr\/wp-json\/wp\/v2\/types\/product"}],"version-history":[{"count":2,"href":"https:\/\/helloschool.be\/fr\/wp-json\/wp\/v2\/product\/20832\/revisions"}],"predecessor-version":[{"id":20974,"href":"https:\/\/helloschool.be\/fr\/wp-json\/wp\/v2\/product\/20832\/revisions\/20974"}],"wp:featuredmedia":[{"embeddable":true,"href":"https:\/\/helloschool.be\/fr\/wp-json\/wp\/v2\/media\/20840"}],"wp:attachment":[{"href":"https:\/\/helloschool.be\/fr\/wp-json\/wp\/v2\/media?parent=20832"}],"wp:term":[{"taxonomy":"product_brand","embeddable":true,"href":"https:\/\/helloschool.be\/fr\/wp-json\/wp\/v2\/product_brand?post=20832"},{"taxonomy":"product_cat","embeddable":true,"href":"https:\/\/helloschool.be\/fr\/wp-json\/wp\/v2\/product_cat?post=20832"},{"taxonomy":"product_tag","embeddable":true,"href":"https:\/\/helloschool.be\/fr\/wp-json\/wp\/v2\/product_tag?post=20832"}],"curies":[{"name":"wp","href":"https:\/\/api.w.org\/{rel}","templated":true}]}}