{"id":20959,"date":"2025-12-04T10:21:53","date_gmt":"2025-12-04T10:21:53","guid":{"rendered":"https:\/\/helloschool.be\/product\/enveloppes-en-carton\/"},"modified":"2025-12-04T10:27:40","modified_gmt":"2025-12-04T10:27:40","slug":"enveloppes-en-carton","status":"publish","type":"product","link":"https:\/\/helloschool.be\/fr\/product\/enveloppes-en-carton\/","title":{"rendered":"Enveloppes en carton"},"content":{"rendered":"","protected":false},"excerpt":{"rendered":"<p><strong>Ces enveloppes en carton avec soufflet lat\u00e9ral offrent plus d\u2019espace et de solidit\u00e9 pour vos documents, brochures ou petits produits.<\/strong><\/p>\n<p>Gr\u00e2ce \u00e0 leur soufflet pratique, elles peuvent contenir un volume plus important sans risque de d\u00e9chirure.<br \/>\nId\u00e9ales pour l\u2019exp\u00e9dition, le stockage ou la pr\u00e9sentation de vos imprim\u00e9s.<br \/>\nFabriqu\u00e9es en carton rigide, elles restent fiables pendant le transport et peuvent \u00eatre personnalis\u00e9es avec une impression ou des autocollants.<br \/>\nUne solution fonctionnelle et professionnelle pour vos besoins en communication et logistique.<\/p>\n","protected":false},"featured_media":0,"template":"","meta":{"_acf_changed":false,"brand_hub_restriction":[],"brand_hub_id":null},"product_brand":[],"product_cat":[115],"product_tag":[],"class_list":{"0":"post-20959","1":"product","2":"type-product","3":"status-publish","5":"product_cat-impression-fr","7":"first","8":"instock","9":"taxable","10":"shipping-taxable","11":"purchasable","12":"product-type-simple"},"acf":[],"yoast_head":"<!-- This site is optimized with the Yoast SEO plugin v27.6 - https:\/\/yoast.com\/product\/yoast-seo-wordpress\/ -->\n<title>Enveloppes en carton - Helloschool<\/title>\n<meta name=\"robots\" content=\"index, follow, max-snippet:-1, max-image-preview:large, max-video-preview:-1\" \/>\n<link rel=\"canonical\" href=\"https:\/\/helloschool.be\/fr\/product\/enveloppes-en-carton\/\" \/>\n<meta property=\"og:locale\" content=\"fr_FR\" \/>\n<meta property=\"og:type\" content=\"article\" \/>\n<meta property=\"og:title\" content=\"Enveloppes en carton - Helloschool\" \/>\n<meta property=\"og:description\" content=\"Ces enveloppes en carton avec soufflet lat\u00e9ral offrent plus d\u2019espace et de solidit\u00e9 pour vos documents, brochures ou petits produits.  Gr\u00e2ce \u00e0 leur soufflet pratique, elles peuvent contenir un volume plus important sans risque de d\u00e9chirure. Id\u00e9ales pour l\u2019exp\u00e9dition, le stockage ou la pr\u00e9sentation de vos imprim\u00e9s. Fabriqu\u00e9es en carton rigide, elles restent fiables pendant le transport et peuvent \u00eatre personnalis\u00e9es avec une impression ou des autocollants. Une solution fonctionnelle et professionnelle pour vos besoins en communication et logistique.\" \/>\n<meta property=\"og:url\" content=\"https:\/\/helloschool.be\/fr\/product\/enveloppes-en-carton\/\" \/>\n<meta property=\"og:site_name\" content=\"Helloschool\" \/>\n<meta property=\"article:modified_time\" content=\"2025-12-04T10:27:40+00:00\" \/>\n<meta name=\"twitter:card\" content=\"summary_large_image\" \/>\n<script type=\"application\/ld+json\" class=\"yoast-schema-graph\">{\"@context\":\"https:\\\/\\\/schema.org\",\"@graph\":[{\"@type\":\"WebPage\",\"@id\":\"https:\\\/\\\/helloschool.be\\\/fr\\\/product\\\/enveloppes-en-carton\\\/\",\"url\":\"https:\\\/\\\/helloschool.be\\\/fr\\\/product\\\/enveloppes-en-carton\\\/\",\"name\":\"Enveloppes en carton - Helloschool\",\"isPartOf\":{\"@id\":\"https:\\\/\\\/helloschool.be\\\/#website\"},\"datePublished\":\"2025-12-04T10:21:53+00:00\",\"dateModified\":\"2025-12-04T10:27:40+00:00\",\"breadcrumb\":{\"@id\":\"https:\\\/\\\/helloschool.be\\\/fr\\\/product\\\/enveloppes-en-carton\\\/#breadcrumb\"},\"inLanguage\":\"fr-FR\",\"potentialAction\":[{\"@type\":\"ReadAction\",\"target\":[\"https:\\\/\\\/helloschool.be\\\/fr\\\/product\\\/enveloppes-en-carton\\\/\"]}]},{\"@type\":\"BreadcrumbList\",\"@id\":\"https:\\\/\\\/helloschool.be\\\/fr\\\/product\\\/enveloppes-en-carton\\\/#breadcrumb\",\"itemListElement\":[{\"@type\":\"ListItem\",\"position\":1,\"name\":\"Home\",\"item\":\"https:\\\/\\\/helloschool.be\\\/fr\\\/\"},{\"@type\":\"ListItem\",\"position\":2,\"name\":\"Produits\",\"item\":\"https:\\\/\\\/helloschool.be\\\/producten\\\/\"},{\"@type\":\"ListItem\",\"position\":3,\"name\":\"Enveloppes en carton\"}]},{\"@type\":\"WebSite\",\"@id\":\"https:\\\/\\\/helloschool.be\\\/#website\",\"url\":\"https:\\\/\\\/helloschool.be\\\/\",\"name\":\"Helloschool\",\"description\":\"Concentrez-vous sur l\u2019enseignement, nous nous occupons du reste.\",\"potentialAction\":[{\"@type\":\"SearchAction\",\"target\":{\"@type\":\"EntryPoint\",\"urlTemplate\":\"https:\\\/\\\/helloschool.be\\\/?s={search_term_string}\"},\"query-input\":{\"@type\":\"PropertyValueSpecification\",\"valueRequired\":true,\"valueName\":\"search_term_string\"}}],\"inLanguage\":\"fr-FR\"}]}<\/script>\n<!-- \/ Yoast SEO plugin. -->","yoast_head_json":{"title":"Enveloppes en carton - Helloschool","robots":{"index":"index","follow":"follow","max-snippet":"max-snippet:-1","max-image-preview":"max-image-preview:large","max-video-preview":"max-video-preview:-1"},"canonical":"https:\/\/helloschool.be\/fr\/product\/enveloppes-en-carton\/","og_locale":"fr_FR","og_type":"article","og_title":"Enveloppes en carton - Helloschool","og_description":"Ces enveloppes en carton avec soufflet lat\u00e9ral offrent plus d\u2019espace et de solidit\u00e9 pour vos documents, brochures ou petits produits.  Gr\u00e2ce \u00e0 leur soufflet pratique, elles peuvent contenir un volume plus important sans risque de d\u00e9chirure. Id\u00e9ales pour l\u2019exp\u00e9dition, le stockage ou la pr\u00e9sentation de vos imprim\u00e9s. Fabriqu\u00e9es en carton rigide, elles restent fiables pendant le transport et peuvent \u00eatre personnalis\u00e9es avec une impression ou des autocollants. Une solution fonctionnelle et professionnelle pour vos besoins en communication et logistique.","og_url":"https:\/\/helloschool.be\/fr\/product\/enveloppes-en-carton\/","og_site_name":"Helloschool","article_modified_time":"2025-12-04T10:27:40+00:00","twitter_card":"summary_large_image","schema":{"@context":"https:\/\/schema.org","@graph":[{"@type":"WebPage","@id":"https:\/\/helloschool.be\/fr\/product\/enveloppes-en-carton\/","url":"https:\/\/helloschool.be\/fr\/product\/enveloppes-en-carton\/","name":"Enveloppes en carton - Helloschool","isPartOf":{"@id":"https:\/\/helloschool.be\/#website"},"datePublished":"2025-12-04T10:21:53+00:00","dateModified":"2025-12-04T10:27:40+00:00","breadcrumb":{"@id":"https:\/\/helloschool.be\/fr\/product\/enveloppes-en-carton\/#breadcrumb"},"inLanguage":"fr-FR","potentialAction":[{"@type":"ReadAction","target":["https:\/\/helloschool.be\/fr\/product\/enveloppes-en-carton\/"]}]},{"@type":"BreadcrumbList","@id":"https:\/\/helloschool.be\/fr\/product\/enveloppes-en-carton\/#breadcrumb","itemListElement":[{"@type":"ListItem","position":1,"name":"Home","item":"https:\/\/helloschool.be\/fr\/"},{"@type":"ListItem","position":2,"name":"Produits","item":"https:\/\/helloschool.be\/producten\/"},{"@type":"ListItem","position":3,"name":"Enveloppes en carton"}]},{"@type":"WebSite","@id":"https:\/\/helloschool.be\/#website","url":"https:\/\/helloschool.be\/","name":"Helloschool","description":"Concentrez-vous sur l\u2019enseignement, nous nous occupons du reste.","potentialAction":[{"@type":"SearchAction","target":{"@type":"EntryPoint","urlTemplate":"https:\/\/helloschool.be\/?s={search_term_string}"},"query-input":{"@type":"PropertyValueSpecification","valueRequired":true,"valueName":"search_term_string"}}],"inLanguage":"fr-FR"}]}},"_links":{"self":[{"href":"https:\/\/helloschool.be\/fr\/wp-json\/wp\/v2\/product\/20959","targetHints":{"allow":["GET"]}}],"collection":[{"href":"https:\/\/helloschool.be\/fr\/wp-json\/wp\/v2\/product"}],"about":[{"href":"https:\/\/helloschool.be\/fr\/wp-json\/wp\/v2\/types\/product"}],"version-history":[{"count":1,"href":"https:\/\/helloschool.be\/fr\/wp-json\/wp\/v2\/product\/20959\/revisions"}],"predecessor-version":[{"id":20962,"href":"https:\/\/helloschool.be\/fr\/wp-json\/wp\/v2\/product\/20959\/revisions\/20962"}],"wp:attachment":[{"href":"https:\/\/helloschool.be\/fr\/wp-json\/wp\/v2\/media?parent=20959"}],"wp:term":[{"taxonomy":"product_brand","embeddable":true,"href":"https:\/\/helloschool.be\/fr\/wp-json\/wp\/v2\/product_brand?post=20959"},{"taxonomy":"product_cat","embeddable":true,"href":"https:\/\/helloschool.be\/fr\/wp-json\/wp\/v2\/product_cat?post=20959"},{"taxonomy":"product_tag","embeddable":true,"href":"https:\/\/helloschool.be\/fr\/wp-json\/wp\/v2\/product_tag?post=20959"}],"curies":[{"name":"wp","href":"https:\/\/api.w.org\/{rel}","templated":true}]}}