{"id":21072,"date":"2025-12-08T12:46:33","date_gmt":"2025-12-08T12:46:33","guid":{"rendered":"https:\/\/helloschool.be\/product\/sacs-en-coton\/"},"modified":"2025-12-08T12:51:26","modified_gmt":"2025-12-08T12:51:26","slug":"sacs-en-coton","status":"publish","type":"product","link":"https:\/\/helloschool.be\/fr\/product\/sacs-en-coton\/","title":{"rendered":"Sacs en coton"},"content":{"rendered":"","protected":false},"excerpt":{"rendered":"<p>Nos sacs en coton durables et r\u00e9sistants constituent une alternative pratique et respectueuse de l\u2019environnement pour un usage quotidien au sein de l\u2019\u00e9tablissement. Id\u00e9als pour transporter livres, supports de cours ou courses apr\u00e8s la journ\u00e9e scolaire, leur design intemporel s\u2019adapte \u00e0 toutes les situations. Un choix responsable pour les \u00e9l\u00e8ves et le personnel qui accordent de l\u2019importance au d\u00e9veloppement durable.<\/p>\n","protected":false},"featured_media":0,"template":"","meta":{"_acf_changed":false,"brand_hub_restriction":[],"brand_hub_id":null},"product_brand":[],"product_cat":[115,121],"product_tag":[],"class_list":{"0":"post-21072","1":"product","2":"type-product","3":"status-publish","5":"product_cat-impression-fr","6":"product_cat-journee-portes-ouvertes-fr","8":"first","9":"instock","10":"taxable","11":"shipping-taxable","12":"purchasable","13":"product-type-simple"},"acf":[],"yoast_head":"<!-- This site is optimized with the Yoast SEO plugin v27.6 - https:\/\/yoast.com\/product\/yoast-seo-wordpress\/ -->\n<title>Sacs en coton - Helloschool<\/title>\n<meta name=\"robots\" content=\"index, follow, max-snippet:-1, max-image-preview:large, max-video-preview:-1\" \/>\n<link rel=\"canonical\" href=\"https:\/\/helloschool.be\/fr\/product\/sacs-en-coton\/\" \/>\n<meta property=\"og:locale\" content=\"fr_FR\" \/>\n<meta property=\"og:type\" content=\"article\" \/>\n<meta property=\"og:title\" content=\"Sacs en coton - Helloschool\" \/>\n<meta property=\"og:description\" content=\"Nos sacs en coton durables et r\u00e9sistants constituent une alternative pratique et respectueuse de l\u2019environnement pour un usage quotidien au sein de l\u2019\u00e9tablissement. Id\u00e9als pour transporter livres, supports de cours ou courses apr\u00e8s la journ\u00e9e scolaire, leur design intemporel s\u2019adapte \u00e0 toutes les situations. Un choix responsable pour les \u00e9l\u00e8ves et le personnel qui accordent de l\u2019importance au d\u00e9veloppement durable.\" \/>\n<meta property=\"og:url\" content=\"https:\/\/helloschool.be\/fr\/product\/sacs-en-coton\/\" \/>\n<meta property=\"og:site_name\" content=\"Helloschool\" \/>\n<meta property=\"article:modified_time\" content=\"2025-12-08T12:51:26+00:00\" \/>\n<meta name=\"twitter:card\" content=\"summary_large_image\" \/>\n<script type=\"application\/ld+json\" class=\"yoast-schema-graph\">{\"@context\":\"https:\\\/\\\/schema.org\",\"@graph\":[{\"@type\":\"WebPage\",\"@id\":\"https:\\\/\\\/helloschool.be\\\/fr\\\/product\\\/sacs-en-coton\\\/\",\"url\":\"https:\\\/\\\/helloschool.be\\\/fr\\\/product\\\/sacs-en-coton\\\/\",\"name\":\"Sacs en coton - Helloschool\",\"isPartOf\":{\"@id\":\"https:\\\/\\\/helloschool.be\\\/#website\"},\"datePublished\":\"2025-12-08T12:46:33+00:00\",\"dateModified\":\"2025-12-08T12:51:26+00:00\",\"breadcrumb\":{\"@id\":\"https:\\\/\\\/helloschool.be\\\/fr\\\/product\\\/sacs-en-coton\\\/#breadcrumb\"},\"inLanguage\":\"fr-FR\",\"potentialAction\":[{\"@type\":\"ReadAction\",\"target\":[\"https:\\\/\\\/helloschool.be\\\/fr\\\/product\\\/sacs-en-coton\\\/\"]}]},{\"@type\":\"BreadcrumbList\",\"@id\":\"https:\\\/\\\/helloschool.be\\\/fr\\\/product\\\/sacs-en-coton\\\/#breadcrumb\",\"itemListElement\":[{\"@type\":\"ListItem\",\"position\":1,\"name\":\"Home\",\"item\":\"https:\\\/\\\/helloschool.be\\\/fr\\\/\"},{\"@type\":\"ListItem\",\"position\":2,\"name\":\"Produits\",\"item\":\"https:\\\/\\\/helloschool.be\\\/producten\\\/\"},{\"@type\":\"ListItem\",\"position\":3,\"name\":\"Sacs en coton\"}]},{\"@type\":\"WebSite\",\"@id\":\"https:\\\/\\\/helloschool.be\\\/#website\",\"url\":\"https:\\\/\\\/helloschool.be\\\/\",\"name\":\"Helloschool\",\"description\":\"Concentrez-vous sur l\u2019enseignement, nous nous occupons du reste.\",\"potentialAction\":[{\"@type\":\"SearchAction\",\"target\":{\"@type\":\"EntryPoint\",\"urlTemplate\":\"https:\\\/\\\/helloschool.be\\\/?s={search_term_string}\"},\"query-input\":{\"@type\":\"PropertyValueSpecification\",\"valueRequired\":true,\"valueName\":\"search_term_string\"}}],\"inLanguage\":\"fr-FR\"}]}<\/script>\n<!-- \/ Yoast SEO plugin. -->","yoast_head_json":{"title":"Sacs en coton - Helloschool","robots":{"index":"index","follow":"follow","max-snippet":"max-snippet:-1","max-image-preview":"max-image-preview:large","max-video-preview":"max-video-preview:-1"},"canonical":"https:\/\/helloschool.be\/fr\/product\/sacs-en-coton\/","og_locale":"fr_FR","og_type":"article","og_title":"Sacs en coton - Helloschool","og_description":"Nos sacs en coton durables et r\u00e9sistants constituent une alternative pratique et respectueuse de l\u2019environnement pour un usage quotidien au sein de l\u2019\u00e9tablissement. Id\u00e9als pour transporter livres, supports de cours ou courses apr\u00e8s la journ\u00e9e scolaire, leur design intemporel s\u2019adapte \u00e0 toutes les situations. Un choix responsable pour les \u00e9l\u00e8ves et le personnel qui accordent de l\u2019importance au d\u00e9veloppement durable.","og_url":"https:\/\/helloschool.be\/fr\/product\/sacs-en-coton\/","og_site_name":"Helloschool","article_modified_time":"2025-12-08T12:51:26+00:00","twitter_card":"summary_large_image","schema":{"@context":"https:\/\/schema.org","@graph":[{"@type":"WebPage","@id":"https:\/\/helloschool.be\/fr\/product\/sacs-en-coton\/","url":"https:\/\/helloschool.be\/fr\/product\/sacs-en-coton\/","name":"Sacs en coton - Helloschool","isPartOf":{"@id":"https:\/\/helloschool.be\/#website"},"datePublished":"2025-12-08T12:46:33+00:00","dateModified":"2025-12-08T12:51:26+00:00","breadcrumb":{"@id":"https:\/\/helloschool.be\/fr\/product\/sacs-en-coton\/#breadcrumb"},"inLanguage":"fr-FR","potentialAction":[{"@type":"ReadAction","target":["https:\/\/helloschool.be\/fr\/product\/sacs-en-coton\/"]}]},{"@type":"BreadcrumbList","@id":"https:\/\/helloschool.be\/fr\/product\/sacs-en-coton\/#breadcrumb","itemListElement":[{"@type":"ListItem","position":1,"name":"Home","item":"https:\/\/helloschool.be\/fr\/"},{"@type":"ListItem","position":2,"name":"Produits","item":"https:\/\/helloschool.be\/producten\/"},{"@type":"ListItem","position":3,"name":"Sacs en coton"}]},{"@type":"WebSite","@id":"https:\/\/helloschool.be\/#website","url":"https:\/\/helloschool.be\/","name":"Helloschool","description":"Concentrez-vous sur l\u2019enseignement, nous nous occupons du reste.","potentialAction":[{"@type":"SearchAction","target":{"@type":"EntryPoint","urlTemplate":"https:\/\/helloschool.be\/?s={search_term_string}"},"query-input":{"@type":"PropertyValueSpecification","valueRequired":true,"valueName":"search_term_string"}}],"inLanguage":"fr-FR"}]}},"_links":{"self":[{"href":"https:\/\/helloschool.be\/fr\/wp-json\/wp\/v2\/product\/21072","targetHints":{"allow":["GET"]}}],"collection":[{"href":"https:\/\/helloschool.be\/fr\/wp-json\/wp\/v2\/product"}],"about":[{"href":"https:\/\/helloschool.be\/fr\/wp-json\/wp\/v2\/types\/product"}],"version-history":[{"count":1,"href":"https:\/\/helloschool.be\/fr\/wp-json\/wp\/v2\/product\/21072\/revisions"}],"predecessor-version":[{"id":21078,"href":"https:\/\/helloschool.be\/fr\/wp-json\/wp\/v2\/product\/21072\/revisions\/21078"}],"wp:attachment":[{"href":"https:\/\/helloschool.be\/fr\/wp-json\/wp\/v2\/media?parent=21072"}],"wp:term":[{"taxonomy":"product_brand","embeddable":true,"href":"https:\/\/helloschool.be\/fr\/wp-json\/wp\/v2\/product_brand?post=21072"},{"taxonomy":"product_cat","embeddable":true,"href":"https:\/\/helloschool.be\/fr\/wp-json\/wp\/v2\/product_cat?post=21072"},{"taxonomy":"product_tag","embeddable":true,"href":"https:\/\/helloschool.be\/fr\/wp-json\/wp\/v2\/product_tag?post=21072"}],"curies":[{"name":"wp","href":"https:\/\/api.w.org\/{rel}","templated":true}]}}