{"id":21083,"date":"2025-12-08T14:26:42","date_gmt":"2025-12-08T14:26:42","guid":{"rendered":"https:\/\/helloschool.be\/product\/stylos-budget\/"},"modified":"2025-12-08T14:28:52","modified_gmt":"2025-12-08T14:28:52","slug":"stylos-budget","status":"publish","type":"product","link":"https:\/\/helloschool.be\/fr\/product\/stylos-budget\/","title":{"rendered":"Stylos budget"},"content":{"rendered":"","protected":false},"excerpt":{"rendered":"<p>Un beau et cadeau id\u00e9al pour la journ\u00e9e portes ouvertes !<\/p>\n<p>Pratiques et indispensables : nos stylos sont parfaits pour un usage quotidien dans l\u2019\u00e9ducation.<br \/>\nId\u00e9als comme cadeaux lors des journ\u00e9es portes ouvertes, pour les \u00e9l\u00e8ves, les enseignants ou les visiteurs.<br \/>\nChoisissez parmi diff\u00e9rentes styles et couleurs, \u00e9ventuellement avec votre logo pour une touche personnalis\u00e9e !<\/p>\n","protected":false},"featured_media":0,"template":"","meta":{"_acf_changed":false,"brand_hub_restriction":[],"brand_hub_id":null},"product_brand":[],"product_cat":[115,121],"product_tag":[],"class_list":{"0":"post-21083","1":"product","2":"type-product","3":"status-publish","5":"product_cat-impression-fr","6":"product_cat-journee-portes-ouvertes-fr","8":"first","9":"instock","10":"taxable","11":"shipping-taxable","12":"purchasable","13":"product-type-simple"},"acf":[],"yoast_head":"<!-- This site is optimized with the Yoast SEO plugin v27.6 - https:\/\/yoast.com\/product\/yoast-seo-wordpress\/ -->\n<title>Stylos budget - Helloschool<\/title>\n<meta name=\"robots\" content=\"index, follow, max-snippet:-1, max-image-preview:large, max-video-preview:-1\" \/>\n<link rel=\"canonical\" href=\"https:\/\/helloschool.be\/fr\/product\/stylos-budget\/\" \/>\n<meta property=\"og:locale\" content=\"fr_FR\" \/>\n<meta property=\"og:type\" content=\"article\" \/>\n<meta property=\"og:title\" content=\"Stylos budget - Helloschool\" \/>\n<meta property=\"og:description\" content=\"Un beau et cadeau id\u00e9al pour la journ\u00e9e portes ouvertes !  Pratiques et indispensables : nos stylos sont parfaits pour un usage quotidien dans l\u2019\u00e9ducation. Id\u00e9als comme cadeaux lors des journ\u00e9es portes ouvertes, pour les \u00e9l\u00e8ves, les enseignants ou les visiteurs. Choisissez parmi diff\u00e9rentes styles et couleurs, \u00e9ventuellement avec votre logo pour une touche personnalis\u00e9e !\" \/>\n<meta property=\"og:url\" content=\"https:\/\/helloschool.be\/fr\/product\/stylos-budget\/\" \/>\n<meta property=\"og:site_name\" content=\"Helloschool\" \/>\n<meta property=\"article:modified_time\" content=\"2025-12-08T14:28:52+00:00\" \/>\n<meta name=\"twitter:card\" content=\"summary_large_image\" \/>\n<script type=\"application\/ld+json\" class=\"yoast-schema-graph\">{\"@context\":\"https:\\\/\\\/schema.org\",\"@graph\":[{\"@type\":\"WebPage\",\"@id\":\"https:\\\/\\\/helloschool.be\\\/fr\\\/product\\\/stylos-budget\\\/\",\"url\":\"https:\\\/\\\/helloschool.be\\\/fr\\\/product\\\/stylos-budget\\\/\",\"name\":\"Stylos budget - Helloschool\",\"isPartOf\":{\"@id\":\"https:\\\/\\\/helloschool.be\\\/#website\"},\"datePublished\":\"2025-12-08T14:26:42+00:00\",\"dateModified\":\"2025-12-08T14:28:52+00:00\",\"breadcrumb\":{\"@id\":\"https:\\\/\\\/helloschool.be\\\/fr\\\/product\\\/stylos-budget\\\/#breadcrumb\"},\"inLanguage\":\"fr-FR\",\"potentialAction\":[{\"@type\":\"ReadAction\",\"target\":[\"https:\\\/\\\/helloschool.be\\\/fr\\\/product\\\/stylos-budget\\\/\"]}]},{\"@type\":\"BreadcrumbList\",\"@id\":\"https:\\\/\\\/helloschool.be\\\/fr\\\/product\\\/stylos-budget\\\/#breadcrumb\",\"itemListElement\":[{\"@type\":\"ListItem\",\"position\":1,\"name\":\"Home\",\"item\":\"https:\\\/\\\/helloschool.be\\\/fr\\\/\"},{\"@type\":\"ListItem\",\"position\":2,\"name\":\"Produits\",\"item\":\"https:\\\/\\\/helloschool.be\\\/producten\\\/\"},{\"@type\":\"ListItem\",\"position\":3,\"name\":\"Stylos budget\"}]},{\"@type\":\"WebSite\",\"@id\":\"https:\\\/\\\/helloschool.be\\\/#website\",\"url\":\"https:\\\/\\\/helloschool.be\\\/\",\"name\":\"Helloschool\",\"description\":\"Concentrez-vous sur l\u2019enseignement, nous nous occupons du reste.\",\"potentialAction\":[{\"@type\":\"SearchAction\",\"target\":{\"@type\":\"EntryPoint\",\"urlTemplate\":\"https:\\\/\\\/helloschool.be\\\/?s={search_term_string}\"},\"query-input\":{\"@type\":\"PropertyValueSpecification\",\"valueRequired\":true,\"valueName\":\"search_term_string\"}}],\"inLanguage\":\"fr-FR\"}]}<\/script>\n<!-- \/ Yoast SEO plugin. -->","yoast_head_json":{"title":"Stylos budget - Helloschool","robots":{"index":"index","follow":"follow","max-snippet":"max-snippet:-1","max-image-preview":"max-image-preview:large","max-video-preview":"max-video-preview:-1"},"canonical":"https:\/\/helloschool.be\/fr\/product\/stylos-budget\/","og_locale":"fr_FR","og_type":"article","og_title":"Stylos budget - Helloschool","og_description":"Un beau et cadeau id\u00e9al pour la journ\u00e9e portes ouvertes !  Pratiques et indispensables : nos stylos sont parfaits pour un usage quotidien dans l\u2019\u00e9ducation. Id\u00e9als comme cadeaux lors des journ\u00e9es portes ouvertes, pour les \u00e9l\u00e8ves, les enseignants ou les visiteurs. Choisissez parmi diff\u00e9rentes styles et couleurs, \u00e9ventuellement avec votre logo pour une touche personnalis\u00e9e !","og_url":"https:\/\/helloschool.be\/fr\/product\/stylos-budget\/","og_site_name":"Helloschool","article_modified_time":"2025-12-08T14:28:52+00:00","twitter_card":"summary_large_image","schema":{"@context":"https:\/\/schema.org","@graph":[{"@type":"WebPage","@id":"https:\/\/helloschool.be\/fr\/product\/stylos-budget\/","url":"https:\/\/helloschool.be\/fr\/product\/stylos-budget\/","name":"Stylos budget - Helloschool","isPartOf":{"@id":"https:\/\/helloschool.be\/#website"},"datePublished":"2025-12-08T14:26:42+00:00","dateModified":"2025-12-08T14:28:52+00:00","breadcrumb":{"@id":"https:\/\/helloschool.be\/fr\/product\/stylos-budget\/#breadcrumb"},"inLanguage":"fr-FR","potentialAction":[{"@type":"ReadAction","target":["https:\/\/helloschool.be\/fr\/product\/stylos-budget\/"]}]},{"@type":"BreadcrumbList","@id":"https:\/\/helloschool.be\/fr\/product\/stylos-budget\/#breadcrumb","itemListElement":[{"@type":"ListItem","position":1,"name":"Home","item":"https:\/\/helloschool.be\/fr\/"},{"@type":"ListItem","position":2,"name":"Produits","item":"https:\/\/helloschool.be\/producten\/"},{"@type":"ListItem","position":3,"name":"Stylos budget"}]},{"@type":"WebSite","@id":"https:\/\/helloschool.be\/#website","url":"https:\/\/helloschool.be\/","name":"Helloschool","description":"Concentrez-vous sur l\u2019enseignement, nous nous occupons du reste.","potentialAction":[{"@type":"SearchAction","target":{"@type":"EntryPoint","urlTemplate":"https:\/\/helloschool.be\/?s={search_term_string}"},"query-input":{"@type":"PropertyValueSpecification","valueRequired":true,"valueName":"search_term_string"}}],"inLanguage":"fr-FR"}]}},"_links":{"self":[{"href":"https:\/\/helloschool.be\/fr\/wp-json\/wp\/v2\/product\/21083","targetHints":{"allow":["GET"]}}],"collection":[{"href":"https:\/\/helloschool.be\/fr\/wp-json\/wp\/v2\/product"}],"about":[{"href":"https:\/\/helloschool.be\/fr\/wp-json\/wp\/v2\/types\/product"}],"version-history":[{"count":1,"href":"https:\/\/helloschool.be\/fr\/wp-json\/wp\/v2\/product\/21083\/revisions"}],"predecessor-version":[{"id":21086,"href":"https:\/\/helloschool.be\/fr\/wp-json\/wp\/v2\/product\/21083\/revisions\/21086"}],"wp:attachment":[{"href":"https:\/\/helloschool.be\/fr\/wp-json\/wp\/v2\/media?parent=21083"}],"wp:term":[{"taxonomy":"product_brand","embeddable":true,"href":"https:\/\/helloschool.be\/fr\/wp-json\/wp\/v2\/product_brand?post=21083"},{"taxonomy":"product_cat","embeddable":true,"href":"https:\/\/helloschool.be\/fr\/wp-json\/wp\/v2\/product_cat?post=21083"},{"taxonomy":"product_tag","embeddable":true,"href":"https:\/\/helloschool.be\/fr\/wp-json\/wp\/v2\/product_tag?post=21083"}],"curies":[{"name":"wp","href":"https:\/\/api.w.org\/{rel}","templated":true}]}}