{"id":21088,"date":"2025-12-08T14:39:36","date_gmt":"2025-12-08T14:39:36","guid":{"rendered":"https:\/\/helloschool.be\/product\/stylos-contour\/"},"modified":"2025-12-08T14:40:15","modified_gmt":"2025-12-08T14:40:15","slug":"stylos-contour","status":"publish","type":"product","link":"https:\/\/helloschool.be\/fr\/product\/stylos-contour\/","title":{"rendered":"Stylos contour"},"content":{"rendered":"","protected":false},"excerpt":{"rendered":"<p><strong>Am\u00e9liorez l\u2019exp\u00e9rience d\u2019\u00e9criture en classe avec nos stylos Contour Xtra Touch.<\/strong><\/p>\n<p>Ces stylos offrent une \u00e9criture fluide, une prise en main confortable et un excellent contr\u00f4le pour la prise de notes, les esquisses ou les exercices. Gr\u00e2ce \u00e0 leur encre douce et \u00e0 leur conception ergonomique, ils sont parfaits pour une utilisation quotidienne par les \u00e9l\u00e8ves comme par les enseignants. Un choix fiable pour une \u00e9criture claire, agr\u00e9able et pr\u00e9cise.<\/p>\n","protected":false},"featured_media":0,"template":"","meta":{"_acf_changed":false,"brand_hub_restriction":[],"brand_hub_id":null},"product_brand":[],"product_cat":[115,121],"product_tag":[],"class_list":{"0":"post-21088","1":"product","2":"type-product","3":"status-publish","5":"product_cat-impression-fr","6":"product_cat-journee-portes-ouvertes-fr","8":"first","9":"instock","10":"taxable","11":"shipping-taxable","12":"purchasable","13":"product-type-simple"},"acf":[],"yoast_head":"<!-- This site is optimized with the Yoast SEO plugin v27.6 - https:\/\/yoast.com\/product\/yoast-seo-wordpress\/ -->\n<title>Stylos contour - Helloschool<\/title>\n<meta name=\"robots\" content=\"index, follow, max-snippet:-1, max-image-preview:large, max-video-preview:-1\" \/>\n<link rel=\"canonical\" href=\"https:\/\/helloschool.be\/fr\/product\/stylos-contour\/\" \/>\n<meta property=\"og:locale\" content=\"fr_FR\" \/>\n<meta property=\"og:type\" content=\"article\" \/>\n<meta property=\"og:title\" content=\"Stylos contour - Helloschool\" \/>\n<meta property=\"og:description\" content=\"Am\u00e9liorez l\u2019exp\u00e9rience d\u2019\u00e9criture en classe avec nos stylos Contour Xtra Touch.  Ces stylos offrent une \u00e9criture fluide, une prise en main confortable et un excellent contr\u00f4le pour la prise de notes, les esquisses ou les exercices. Gr\u00e2ce \u00e0 leur encre douce et \u00e0 leur conception ergonomique, ils sont parfaits pour une utilisation quotidienne par les \u00e9l\u00e8ves comme par les enseignants. Un choix fiable pour une \u00e9criture claire, agr\u00e9able et pr\u00e9cise.\" \/>\n<meta property=\"og:url\" content=\"https:\/\/helloschool.be\/fr\/product\/stylos-contour\/\" \/>\n<meta property=\"og:site_name\" content=\"Helloschool\" \/>\n<meta property=\"article:modified_time\" content=\"2025-12-08T14:40:15+00:00\" \/>\n<meta name=\"twitter:card\" content=\"summary_large_image\" \/>\n<script type=\"application\/ld+json\" class=\"yoast-schema-graph\">{\"@context\":\"https:\\\/\\\/schema.org\",\"@graph\":[{\"@type\":\"WebPage\",\"@id\":\"https:\\\/\\\/helloschool.be\\\/fr\\\/product\\\/stylos-contour\\\/\",\"url\":\"https:\\\/\\\/helloschool.be\\\/fr\\\/product\\\/stylos-contour\\\/\",\"name\":\"Stylos contour - Helloschool\",\"isPartOf\":{\"@id\":\"https:\\\/\\\/helloschool.be\\\/#website\"},\"datePublished\":\"2025-12-08T14:39:36+00:00\",\"dateModified\":\"2025-12-08T14:40:15+00:00\",\"breadcrumb\":{\"@id\":\"https:\\\/\\\/helloschool.be\\\/fr\\\/product\\\/stylos-contour\\\/#breadcrumb\"},\"inLanguage\":\"fr-FR\",\"potentialAction\":[{\"@type\":\"ReadAction\",\"target\":[\"https:\\\/\\\/helloschool.be\\\/fr\\\/product\\\/stylos-contour\\\/\"]}]},{\"@type\":\"BreadcrumbList\",\"@id\":\"https:\\\/\\\/helloschool.be\\\/fr\\\/product\\\/stylos-contour\\\/#breadcrumb\",\"itemListElement\":[{\"@type\":\"ListItem\",\"position\":1,\"name\":\"Home\",\"item\":\"https:\\\/\\\/helloschool.be\\\/fr\\\/\"},{\"@type\":\"ListItem\",\"position\":2,\"name\":\"Produits\",\"item\":\"https:\\\/\\\/helloschool.be\\\/producten\\\/\"},{\"@type\":\"ListItem\",\"position\":3,\"name\":\"Stylos contour\"}]},{\"@type\":\"WebSite\",\"@id\":\"https:\\\/\\\/helloschool.be\\\/#website\",\"url\":\"https:\\\/\\\/helloschool.be\\\/\",\"name\":\"Helloschool\",\"description\":\"Concentrez-vous sur l\u2019enseignement, nous nous occupons du reste.\",\"potentialAction\":[{\"@type\":\"SearchAction\",\"target\":{\"@type\":\"EntryPoint\",\"urlTemplate\":\"https:\\\/\\\/helloschool.be\\\/?s={search_term_string}\"},\"query-input\":{\"@type\":\"PropertyValueSpecification\",\"valueRequired\":true,\"valueName\":\"search_term_string\"}}],\"inLanguage\":\"fr-FR\"}]}<\/script>\n<!-- \/ Yoast SEO plugin. -->","yoast_head_json":{"title":"Stylos contour - Helloschool","robots":{"index":"index","follow":"follow","max-snippet":"max-snippet:-1","max-image-preview":"max-image-preview:large","max-video-preview":"max-video-preview:-1"},"canonical":"https:\/\/helloschool.be\/fr\/product\/stylos-contour\/","og_locale":"fr_FR","og_type":"article","og_title":"Stylos contour - Helloschool","og_description":"Am\u00e9liorez l\u2019exp\u00e9rience d\u2019\u00e9criture en classe avec nos stylos Contour Xtra Touch.  Ces stylos offrent une \u00e9criture fluide, une prise en main confortable et un excellent contr\u00f4le pour la prise de notes, les esquisses ou les exercices. Gr\u00e2ce \u00e0 leur encre douce et \u00e0 leur conception ergonomique, ils sont parfaits pour une utilisation quotidienne par les \u00e9l\u00e8ves comme par les enseignants. Un choix fiable pour une \u00e9criture claire, agr\u00e9able et pr\u00e9cise.","og_url":"https:\/\/helloschool.be\/fr\/product\/stylos-contour\/","og_site_name":"Helloschool","article_modified_time":"2025-12-08T14:40:15+00:00","twitter_card":"summary_large_image","schema":{"@context":"https:\/\/schema.org","@graph":[{"@type":"WebPage","@id":"https:\/\/helloschool.be\/fr\/product\/stylos-contour\/","url":"https:\/\/helloschool.be\/fr\/product\/stylos-contour\/","name":"Stylos contour - Helloschool","isPartOf":{"@id":"https:\/\/helloschool.be\/#website"},"datePublished":"2025-12-08T14:39:36+00:00","dateModified":"2025-12-08T14:40:15+00:00","breadcrumb":{"@id":"https:\/\/helloschool.be\/fr\/product\/stylos-contour\/#breadcrumb"},"inLanguage":"fr-FR","potentialAction":[{"@type":"ReadAction","target":["https:\/\/helloschool.be\/fr\/product\/stylos-contour\/"]}]},{"@type":"BreadcrumbList","@id":"https:\/\/helloschool.be\/fr\/product\/stylos-contour\/#breadcrumb","itemListElement":[{"@type":"ListItem","position":1,"name":"Home","item":"https:\/\/helloschool.be\/fr\/"},{"@type":"ListItem","position":2,"name":"Produits","item":"https:\/\/helloschool.be\/producten\/"},{"@type":"ListItem","position":3,"name":"Stylos contour"}]},{"@type":"WebSite","@id":"https:\/\/helloschool.be\/#website","url":"https:\/\/helloschool.be\/","name":"Helloschool","description":"Concentrez-vous sur l\u2019enseignement, nous nous occupons du reste.","potentialAction":[{"@type":"SearchAction","target":{"@type":"EntryPoint","urlTemplate":"https:\/\/helloschool.be\/?s={search_term_string}"},"query-input":{"@type":"PropertyValueSpecification","valueRequired":true,"valueName":"search_term_string"}}],"inLanguage":"fr-FR"}]}},"_links":{"self":[{"href":"https:\/\/helloschool.be\/fr\/wp-json\/wp\/v2\/product\/21088","targetHints":{"allow":["GET"]}}],"collection":[{"href":"https:\/\/helloschool.be\/fr\/wp-json\/wp\/v2\/product"}],"about":[{"href":"https:\/\/helloschool.be\/fr\/wp-json\/wp\/v2\/types\/product"}],"version-history":[{"count":1,"href":"https:\/\/helloschool.be\/fr\/wp-json\/wp\/v2\/product\/21088\/revisions"}],"predecessor-version":[{"id":21089,"href":"https:\/\/helloschool.be\/fr\/wp-json\/wp\/v2\/product\/21088\/revisions\/21089"}],"wp:attachment":[{"href":"https:\/\/helloschool.be\/fr\/wp-json\/wp\/v2\/media?parent=21088"}],"wp:term":[{"taxonomy":"product_brand","embeddable":true,"href":"https:\/\/helloschool.be\/fr\/wp-json\/wp\/v2\/product_brand?post=21088"},{"taxonomy":"product_cat","embeddable":true,"href":"https:\/\/helloschool.be\/fr\/wp-json\/wp\/v2\/product_cat?post=21088"},{"taxonomy":"product_tag","embeddable":true,"href":"https:\/\/helloschool.be\/fr\/wp-json\/wp\/v2\/product_tag?post=21088"}],"curies":[{"name":"wp","href":"https:\/\/api.w.org\/{rel}","templated":true}]}}